{"id":6572,"date":"2024-06-25T12:29:41","date_gmt":"2024-06-25T10:29:41","guid":{"rendered":"https:\/\/www.yaizadesigns.com\/aviso-legal\/"},"modified":"2024-07-25T19:16:48","modified_gmt":"2024-07-25T17:16:48","slug":"avis-legal","status":"publish","type":"page","link":"https:\/\/www.yaizadesigns.com\/es\/avis-legal\/","title":{"rendered":"Aviso legal"},"content":{"rendered":"<section class=\"cata-section cata-section-container-stretch\" id=\"section_v0bf4l2p4a\" style=\"\" ><div class=\"cata-container\"><div class=\"cata-row cata-columns-gap-30\"><div class=\"cata-column wpb_column vc_column_container text-left font-glacial  col-xs-mobile-fullwidth col-sm-12\"  id=\"column_tpnj60ezdp\" style=\"\"><div class=\"cata-column-wrapper vc-column-innner-wrapper\" style=\"\">[vc_column_text]<strong>1. Informaci\u00f3n al usuario<\/strong><\/p>\n<p>Yaiza Ortega Ramilo (NIF 45170239X) ( en adelante Yaizadesigns), es el Responsable del tratamiento de los datos personales del Usuario y le informa que estos datos ser\u00e1n tratados de conformidad con lo dispuesto en la normativa vigente en protecci\u00f3n de datos personales, el Reglamento (UE) 2016\/679 de 27 de abril de 2016 (GDPR) relativo a la protecci\u00f3n de las personas f\u00edsicas en cuanto al tratamiento de datos personales ya la libre circulaci\u00f3n de estos datos, por lo que se le facilita la siguiente informaci\u00f3n del tratamiento:<\/p>\n<p>Fin del tratamiento: mantener una relaci\u00f3n comercial con el Usuario. Las operaciones previstas para realizar el tratamiento son: Remisi\u00f3n de comunicaciones comerciales publicitarias por email, SMS, comunidades sociales o cualquier otro medio electr\u00f3nico o f\u00edsico, presente o futuro, que posibilite realizar comunicaciones comerciales. Estas Comunicaciones ser\u00e1n realizadas por YaizaDesigns y relacionadas a sus reservas, compras de productos o informaci\u00f3n sobre nuestros servicios o productos. En este caso, los terceros nunca tendr\u00e1n acceso a los datos personales.<br \/>\nRealizar estudios estad\u00edsticos.<\/p>\n<p>Tramitar encargos, solicitudes o cualquier tipo de petici\u00f3n que sea realizada por el usuario a trav\u00e9s de cualquiera de las formas de contacto que se ponen a su disposici\u00f3n. Remitir el bolet\u00edn de noticias de nuestro centro.<\/p>\n<p>Criterios de conservaci\u00f3n de los datos: Se conservar\u00e1n mientras exista un inter\u00e9s mutuo para mantener el fin del tratamiento y cuando ya no sea necesario para tal fin, se suprimir\u00e1n con medidas de seguridad adecuadas para garantizar la pseudonomizaci\u00f3n de los datos o la destrucci\u00f3n total de \u00e9stos.<\/p>\n<p>Comunicaci\u00f3n de las datos: No se comunicar\u00e1n las datos a ning\u00fan destinatario, salvo obligaci\u00f3n legal.<\/p>\n<p><strong>Derechos que asisten al Usuario:<\/strong><\/p>\n<p>Derecho a retirar su consentimiento en cualquier momento.<br \/>\nDerecho de acceso, rectificaci\u00f3n y supresi\u00f3n de sus datos y de la limitaci\u00f3n u oposici\u00f3n a su tratamiento.<\/p>\n<p>Derecho a presentar reclamaci\u00f3n ante la autoridad de control (agpd.es) si considera que el tratamiento no se ajusta a la normativa vigente.<\/p>\n<p>Datos de contacto para ejercer sus derechos:<\/p>\n<p>Direcci\u00f3n postal: Yaiza Ortega Ramilo, Plaza de la Libertad n 2 Ripoll (Girona)<br \/>\nDirecci\u00f3n electr\u00f3nica: yaizadesigns@gmail.com<\/p>\n<p><strong>2. Car\u00e1cter obligatorio o facultativo de la informaci\u00f3n facilitada por el usuario<\/strong><\/p>\n<p>Los Usuarios, mediante la entrada de datos en los campos en el formulario de contacto o presentados en formularios de descarga, aceptan expresamente y de forma libre e inequ\u00edvoca, que sus datos son necesarios para atender su petici\u00f3n, por parte del prestamista , siendo voluntaria la inclusi\u00f3n de datos en los campos restantes. El Usuario garantiza que los datos personales facilitados a Yaizadesigns son veraces y se hace responsable de comunicar cualquier modificaci\u00f3n de los mismos.<\/p>\n<p>Yaizadesigns informa y garantiza expresamente a los usuarios que sus datos personales no ser\u00e1n cedidos en ning\u00fan caso a terceros, y que siempre que realizara alg\u00fan tipo de cesi\u00f3n de datos personales, se solicitar\u00e1 previamente el consentimiento expreso, informado e inequ\u00edvoco por parte de los Usuarios. Todos los datos solicitados a trav\u00e9s del sitio web son obligatorios, puesto que son<br \/>\nnecesarios para la prestaci\u00f3n de un servicio \u00f3ptimo al Usuario. En caso de que no sean facilitados todos los datos, no se garantiza que la informaci\u00f3n y los servicios facilitados sean completamente ajustados a sus necesidades.<\/p>\n<p><strong>3. Medidas de seguridad<\/strong><\/p>\n<p>Que de conformidad con lo dispuesto en la normativa vigente en protecci\u00f3n de datos personales, Yaizadesigns est\u00e1 cumpliendo con todas las disposiciones de la normativa del RGPD, para el tratamiento de los datos personales de su responsabilidad, y manifiestamente con los principios descritos en el art\u00edculo 5 del RGPD, por los que son tratados de forma l\u00edcita, leal y transparente en relaci\u00f3n con el interesado y adecuados, pertinentes y limitados a lo necesario en relaci\u00f3n con los fines para los que son tratados.<\/p>\n<p>Yaizadesigns garantiza que ha implementado pol\u00edticas t\u00e9cnicas y organizativas apropiadas para aplicar las medidas de seguridad que establece el RGPD, para proteger los derechos y libertades de los Usuarios y les ha comunicado la informaci\u00f3n adecuada para que puedan ejercitarlos.<\/p>\n<p><strong>4. Utilizaci\u00f3n del portal y de los servicios para los usuarios<\/strong><\/p>\n<p>Excepto en caso de que hayan obtenido previa y expresa autorizaci\u00f3n espec\u00edficamente otorgada al efecto por parte de Yaizadesigns, los usuarios se abstendr\u00e1n de obtener o intentar obtener cualquier tipo de contenido, ya sean textos, gr\u00e1ficos, dibujos, archivos de sonido, im\u00e1genes o fotograf\u00edas, v\u00eddeos,<br \/>\nsoftware y en general cualquier clase de material accesible a trav\u00e9s del Portal o de los servicios utilizados por ellos, por medios distintos de los que se hayan puesto a su disposici\u00f3n al efecto o de los que se empleen habitualmente al mismo efecto en Internet.<\/p>\n<p><strong>5. Pol\u00edtica de cookies<\/strong><\/p>\n<p>A trav\u00e9s de este sitio web no se recaban datos de car\u00e1cter personal de los usuarios sin su conocimiento, ni se ceden a terceros.<\/p>\n<p>Con el fin de ofrecerle el mejor servicio y con el fin de facilitar su uso, se analizan el n\u00famero de p\u00e1ginas visitadas, el n\u00famero de visitas, as\u00ed como la actividad de los visitantes y su frecuencia de utilizaci\u00f3n. A tal efecto, Yaizadesigns utiliza la informaci\u00f3n estad\u00edstica elaborada por el Proveedor de Servicios de Internet.<\/p>\n<p>Yaizadesigns utiliza cookies para recabar informaci\u00f3n de los usuarios y registra las direcciones IP de acceso. Se utilizan cookies propias de sesi\u00f3n y de terceros, con finalidad t\u00e9cnica (aquellas que permiten al usuario la navegaci\u00f3n a trav\u00e9s del sitio web y la utilizaci\u00f3n de las diferentes opciones y servicios que en ella existen).<\/p>\n<p>Para m\u00e1s informaci\u00f3n detallada: pol\u00edtica-de-cookies en el hombre de la p\u00e1gina web.<\/p>\n<p><strong>6. Exclusi\u00f3n de responsabilidad de los contenidos<\/strong><\/p>\n<p>La empresa no es en ning\u00fan caso responsable, ni de forma directa ni subsidiaria, de ning\u00fan contenido, informaci\u00f3n, comunicaci\u00f3n, opini\u00f3n o manifestaci\u00f3n de cualquier tipo que tenga su origen en el usuario o cualquier persona o entidad y que se comunique, difunda, transmita o exhiba a trav\u00e9s de este portal.<\/p>\n<p><strong>7. Propiedad intelectual e industrial<\/strong><\/p>\n<p>Todos los contenidos as\u00ed como nombres, logos, marcas y bases de datos accesibles en las p\u00e1ginas Web del Portal est\u00e1n sujetos a derechos de propiedad industrial e intelectual de yaizadesigns o de terceros titulares de \u00e9stos.<\/p>\n<p>En ning\u00fan caso el acceso a las p\u00e1ginas Web del Portal implica ning\u00fan tipo de renuncia, transmisi\u00f3n o cesi\u00f3n total o parcial de dichos derechos, ni confiere ning\u00fan derecho de utilizaci\u00f3n, alteraci\u00f3n, explotaci\u00f3n, reproducci\u00f3n, distribuci\u00f3n o comunicaci\u00f3n p\u00fablica sobre los contenidos o bienes de propiedad industrial sin la previa y expresa autorizaci\u00f3n espec\u00edficamente otorgada al efecto por parte de la empresa o del tercero titular de los derechos, excepto los derechos de visualizar y realizar copias para uso personal y exclusivo del usuario, los cuales tendr\u00e1n que ejercer siempre conforme a los principios de la buena fe y la legislaci\u00f3n aplicable.<\/p>\n<p>Yaizadesigns y otras denominaciones de productos, servicios, gr\u00e1ficos y logotipos son marcas protegidas por Yaizadesigns. Las denominaciones de otros productos, servicios y compa\u00f1\u00edas mencionadas en este documento pueden ser marcas registradas de sus respectivos propietarios.<\/p>\n<p><strong>8. Ley aplicable<\/strong><\/p>\n<p>La ley aplicable en caso de disputa o conflicto de interpretaci\u00f3n de los t\u00e9rminos que conforman el presente aviso legal, as\u00ed como cualquier cuesti\u00f3n relacionada con los servicios del presente portal, ser\u00e1 la ley espa\u00f1ola.<\/p>\n<p>Yaizadesigns y otras denominaciones de productos, servicios, gr\u00e1ficos y logotipos son marcas protegidas por Yaizadesigns. Las denominaciones de otros productos, servicios y compa\u00f1\u00edas mencionadas en este documento pueden ser marcas registradas de sus respectivos propietarios.[\/vc_column_text]<\/div><\/div><\/div><\/div><\/section>\n","protected":false},"excerpt":{"rendered":"[vc_column_text]1. Informaci\u00f3n al usuario Yaiza Ortega Ramilo (NIF 45170239X) ( en adelante Yaizadesigns), es el Responsable del tratamiento de los datos personales del Usuario y le informa que estos datos ser\u00e1n tratados de conformidad con [...]","protected":false},"author":1,"featured_media":0,"parent":0,"menu_order":0,"comment_status":"closed","ping_status":"closed","template":"","meta":{"footnotes":""},"class_list":["post-6572","page","type-page","status-publish","hentry"],"yoast_head":"<!-- This site is optimized with the Yoast SEO plugin v23.3 - https:\/\/yoast.com\/wordpress\/plugins\/seo\/ -->\n<title>Aviso legal - Yaiza Designs<\/title>\n<meta name=\"robots\" content=\"index, follow, max-snippet:-1, max-image-preview:large, max-video-preview:-1\" \/>\n<link rel=\"canonical\" href=\"https:\/\/www.yaizadesigns.com\/es\/avis-legal\/\" \/>\n<meta property=\"og:locale\" content=\"es_ES\" \/>\n<meta property=\"og:type\" content=\"article\" \/>\n<meta property=\"og:title\" content=\"Aviso legal - Yaiza Designs\" \/>\n<meta property=\"og:url\" content=\"https:\/\/www.yaizadesigns.com\/es\/avis-legal\/\" \/>\n<meta property=\"og:site_name\" content=\"Yaiza Designs\" \/>\n<meta property=\"article:modified_time\" content=\"2024-07-25T17:16:48+00:00\" \/>\n<meta name=\"twitter:card\" content=\"summary_large_image\" \/>\n<meta name=\"twitter:label1\" content=\"Tiempo de lectura\" \/>\n\t<meta name=\"twitter:data1\" content=\"7 minutos\" \/>\n<script type=\"application\/ld+json\" class=\"yoast-schema-graph\">{\"@context\":\"https:\/\/schema.org\",\"@graph\":[{\"@type\":\"WebPage\",\"@id\":\"https:\/\/www.yaizadesigns.com\/es\/avis-legal\/\",\"url\":\"https:\/\/www.yaizadesigns.com\/es\/avis-legal\/\",\"name\":\"Aviso legal - Yaiza Designs\",\"isPartOf\":{\"@id\":\"https:\/\/www.yaizadesigns.com\/#website\"},\"datePublished\":\"2024-06-25T10:29:41+00:00\",\"dateModified\":\"2024-07-25T17:16:48+00:00\",\"breadcrumb\":{\"@id\":\"https:\/\/www.yaizadesigns.com\/es\/avis-legal\/#breadcrumb\"},\"inLanguage\":\"es\",\"potentialAction\":[{\"@type\":\"ReadAction\",\"target\":[\"https:\/\/www.yaizadesigns.com\/es\/avis-legal\/\"]}]},{\"@type\":\"BreadcrumbList\",\"@id\":\"https:\/\/www.yaizadesigns.com\/es\/avis-legal\/#breadcrumb\",\"itemListElement\":[{\"@type\":\"ListItem\",\"position\":1,\"name\":\"Inici\",\"item\":\"https:\/\/www.yaizadesigns.com\/es\/\"},{\"@type\":\"ListItem\",\"position\":2,\"name\":\"Aviso legal\"}]},{\"@type\":\"WebSite\",\"@id\":\"https:\/\/www.yaizadesigns.com\/#website\",\"url\":\"https:\/\/www.yaizadesigns.com\/\",\"name\":\"Yaiza Designs\",\"description\":\"Yaiza Designs\",\"publisher\":{\"@id\":\"https:\/\/www.yaizadesigns.com\/#organization\"},\"potentialAction\":[{\"@type\":\"SearchAction\",\"target\":{\"@type\":\"EntryPoint\",\"urlTemplate\":\"https:\/\/www.yaizadesigns.com\/?s={search_term_string}\"},\"query-input\":\"required name=search_term_string\"}],\"inLanguage\":\"es\"},{\"@type\":\"Organization\",\"@id\":\"https:\/\/www.yaizadesigns.com\/#organization\",\"name\":\"Yaiza Designs\",\"url\":\"https:\/\/www.yaizadesigns.com\/\",\"logo\":{\"@type\":\"ImageObject\",\"inLanguage\":\"es\",\"@id\":\"https:\/\/www.yaizadesigns.com\/#\/schema\/logo\/image\/\",\"url\":\"https:\/\/www.yaizadesigns.com\/wp-content\/uploads\/2017\/02\/logotip_1.png\",\"contentUrl\":\"https:\/\/www.yaizadesigns.com\/wp-content\/uploads\/2017\/02\/logotip_1.png\",\"width\":584,\"height\":551,\"caption\":\"Yaiza Designs\"},\"image\":{\"@id\":\"https:\/\/www.yaizadesigns.com\/#\/schema\/logo\/image\/\"},\"sameAs\":[\"https:\/\/www.instagram.com\/yaiza.designs\/\"]}]}<\/script>\n<!-- \/ Yoast SEO plugin. -->","yoast_head_json":{"title":"Aviso legal - Yaiza Designs","robots":{"index":"index","follow":"follow","max-snippet":"max-snippet:-1","max-image-preview":"max-image-preview:large","max-video-preview":"max-video-preview:-1"},"canonical":"https:\/\/www.yaizadesigns.com\/es\/avis-legal\/","og_locale":"es_ES","og_type":"article","og_title":"Aviso legal - Yaiza Designs","og_url":"https:\/\/www.yaizadesigns.com\/es\/avis-legal\/","og_site_name":"Yaiza Designs","article_modified_time":"2024-07-25T17:16:48+00:00","twitter_card":"summary_large_image","twitter_misc":{"Tiempo de lectura":"7 minutos"},"schema":{"@context":"https:\/\/schema.org","@graph":[{"@type":"WebPage","@id":"https:\/\/www.yaizadesigns.com\/es\/avis-legal\/","url":"https:\/\/www.yaizadesigns.com\/es\/avis-legal\/","name":"Aviso legal - Yaiza Designs","isPartOf":{"@id":"https:\/\/www.yaizadesigns.com\/#website"},"datePublished":"2024-06-25T10:29:41+00:00","dateModified":"2024-07-25T17:16:48+00:00","breadcrumb":{"@id":"https:\/\/www.yaizadesigns.com\/es\/avis-legal\/#breadcrumb"},"inLanguage":"es","potentialAction":[{"@type":"ReadAction","target":["https:\/\/www.yaizadesigns.com\/es\/avis-legal\/"]}]},{"@type":"BreadcrumbList","@id":"https:\/\/www.yaizadesigns.com\/es\/avis-legal\/#breadcrumb","itemListElement":[{"@type":"ListItem","position":1,"name":"Inici","item":"https:\/\/www.yaizadesigns.com\/es\/"},{"@type":"ListItem","position":2,"name":"Aviso legal"}]},{"@type":"WebSite","@id":"https:\/\/www.yaizadesigns.com\/#website","url":"https:\/\/www.yaizadesigns.com\/","name":"Yaiza Designs","description":"Yaiza Designs","publisher":{"@id":"https:\/\/www.yaizadesigns.com\/#organization"},"potentialAction":[{"@type":"SearchAction","target":{"@type":"EntryPoint","urlTemplate":"https:\/\/www.yaizadesigns.com\/?s={search_term_string}"},"query-input":"required name=search_term_string"}],"inLanguage":"es"},{"@type":"Organization","@id":"https:\/\/www.yaizadesigns.com\/#organization","name":"Yaiza Designs","url":"https:\/\/www.yaizadesigns.com\/","logo":{"@type":"ImageObject","inLanguage":"es","@id":"https:\/\/www.yaizadesigns.com\/#\/schema\/logo\/image\/","url":"https:\/\/www.yaizadesigns.com\/wp-content\/uploads\/2017\/02\/logotip_1.png","contentUrl":"https:\/\/www.yaizadesigns.com\/wp-content\/uploads\/2017\/02\/logotip_1.png","width":584,"height":551,"caption":"Yaiza Designs"},"image":{"@id":"https:\/\/www.yaizadesigns.com\/#\/schema\/logo\/image\/"},"sameAs":["https:\/\/www.instagram.com\/yaiza.designs\/"]}]}},"_links":{"self":[{"href":"https:\/\/www.yaizadesigns.com\/es\/wp-json\/wp\/v2\/pages\/6572"}],"collection":[{"href":"https:\/\/www.yaizadesigns.com\/es\/wp-json\/wp\/v2\/pages"}],"about":[{"href":"https:\/\/www.yaizadesigns.com\/es\/wp-json\/wp\/v2\/types\/page"}],"author":[{"embeddable":true,"href":"https:\/\/www.yaizadesigns.com\/es\/wp-json\/wp\/v2\/users\/1"}],"replies":[{"embeddable":true,"href":"https:\/\/www.yaizadesigns.com\/es\/wp-json\/wp\/v2\/comments?post=6572"}],"version-history":[{"count":7,"href":"https:\/\/www.yaizadesigns.com\/es\/wp-json\/wp\/v2\/pages\/6572\/revisions"}],"predecessor-version":[{"id":6821,"href":"https:\/\/www.yaizadesigns.com\/es\/wp-json\/wp\/v2\/pages\/6572\/revisions\/6821"}],"wp:attachment":[{"href":"https:\/\/www.yaizadesigns.com\/es\/wp-json\/wp\/v2\/media?parent=6572"}],"curies":[{"name":"wp","href":"https:\/\/api.w.org\/{rel}","templated":true}]}}