{"id":6598,"date":"2024-07-08T11:38:58","date_gmt":"2024-07-08T09:38:58","guid":{"rendered":"https:\/\/www.yaizadesigns.com\/portafoli\/"},"modified":"2024-10-13T19:07:36","modified_gmt":"2024-10-13T17:07:36","slug":"portafoli","status":"publish","type":"page","link":"https:\/\/www.yaizadesigns.com\/es\/portafoli\/","title":{"rendered":"Portafoli"},"content":{"rendered":"<section class=\"cata-section cata-section-container-stretch has-animation\" id=\"section_6ikfid9450\" style=\"\" data-animation-type=\"fadeIn\" data-animation-duration=\"700\" data-animation-delay=\"0\"><div class=\"cata-container\"><div class=\"cata-row cata-columns-gap-30\"><div class=\"cata-column wpb_column vc_column_container  col-xs-mobile-fullwidth col-sm-12\"  id=\"column_850bprj31a\" style=\"\"><div class=\"cata-column-wrapper vc-column-innner-wrapper\" style=\"\">\t\t<div id=\"cata_single_image_umulg4ubwm\" class=\"cata-single-image cata-element img-left\" >\r\n\t\t\t<div><figure>\r\n\t\t\t\t<img loading=\"lazy\" decoding=\"async\" width=\"235\" height=\"55\" src=\"https:\/\/www.yaizadesigns.com\/wp-content\/uploads\/2024\/05\/wedding-planner-header.jpg\" class=\"cata-image-img attachment-full\" alt=\"\" title=\"wedding-planner-header\" \/>\t\t\t<\/figure><\/div>\r\n\t\t<\/div>\r\n\t\t<div id=\"cata_empty_space_f66cg\" class=\"cata-empty-space cata-element\" style=\"height: 25px\" ><\/div><h3 class=\"heading-title style2 text-center\" ><span>CONEIX EL NOSTRE M\u00d3N<\/span><\/h3>[vc_column_text]\n<p style=\"text-align: center;\">\u00abYaizaDesigns \u00e9s un equip jove, experimentat i format, capa\u00e7 d&#8217;adaptar-se<br \/>\na les diferents necessitats de les seves parelles\u00bb<\/p>\n[\/vc_column_text]<\/div><\/div><\/div><\/div><\/section><section class=\"cata-section cata-section-container-stretch has-animation\" id=\"section_lmgfg35ce5\" style=\"\" data-animation-type=\"fadeIn\" data-animation-duration=\"700\" data-animation-delay=\"0\"><div class=\"cata-container\"><div class=\"cata-row cata-columns-gap-30\"><div class=\"cata-column wpb_column vc_column_container  col-xs-mobile-fullwidth col-sm-12\"  id=\"column_rs8d11bq88\" style=\"\"><div class=\"cata-column-wrapper vc-column-innner-wrapper\" style=\"\"><div id=\"cata_empty_space_mqipx\" class=\"cata-empty-space cata-element\" style=\"height: 42px\" ><\/div><div class=\"cata-section-video cata-videobg cata-element cata-section-video cata-text-light no-video-control cata-no-title\"  ><div id=\"video_bdwxasfsk8\" class=\"cata-section-video-bg video-host-youtube muted autoplay playing\"><div class=\"video-control\"><\/div><div class=\"wrap-cata-video\"><video id=\"svideo_bdwxasfsk8\" name=\"sc_video\" data-setup={\"techOrder\":[\"youtube\"],\"sources\":[{\"type\":\"video\\\/youtube\",\"src\":\"https:\\\/\\\/www.youtube.com\\\/watch?v=81byK4kdozY\"}],\"muted\":true,\"loop\":true,\"autoplay\":true} class=\"video-js vjs-default-skin\"><p class=\"vjs-no-js\">To view this video please enable JavaScript, and consider upgrading to a web browser that supports HTML5 video<\/p><\/video><\/div><\/div><div class=\"cata-video-content-wrap\"><div class=\"video-title-wrap\"><\/div><\/div><\/div><div id=\"cata_empty_space_x2ggx\" class=\"cata-empty-space cata-element\" style=\"height: 32px\" ><\/div><\/div><\/div><\/div><\/div><\/section><section class=\"cata-section cata-section-container-stretch has-animation\" id=\"section_uqepz1utr5\" style=\"\" data-animation-type=\"fadeIn\" data-animation-duration=\"700\" data-animation-delay=\"0\"><div class=\"cata-container\"><div class=\"cata-row cata-columns-gap-30\"><div class=\"cata-column wpb_column vc_column_container text-left  col-xs-mobile-fullwidth col-sm-12\"  id=\"column_qlz89t1ali\" style=\"\"><div class=\"cata-column-wrapper vc-column-innner-wrapper\" style=\"\">[vc_gallery type=\u00bbimage_grid\u00bb images=\u00bb7161,6052,6055,7147,6056,7149,6054,6057,7167,7173,7139,7159,6059,6060,6061,6063,6064,6065,6066,6067,6068,6070,6071,6073,7141,7143,7145,7177,7151,6058,7155,7157,7163,7171,7165,7179&#8243; img_size=\u00bb784&#215;1242&#8243; onclick=\u00bb\u00bb columns=\u00bbcols3&#8243;]<\/div><\/div><\/div><\/div><\/section>\n","protected":false},"excerpt":{"rendered":"CONEIX EL NOSTRE M\u00d3N[vc_column_text] \"YaizaDesigns \u00e9s un equip jove, experimentat i format, capa\u00e7 d'adaptar-se a les diferents necessitats de les seves parelles\" [\/vc_column_text]To view this video please enable JavaScript, and consider upgrading to a web [...]","protected":false},"author":1,"featured_media":0,"parent":0,"menu_order":0,"comment_status":"closed","ping_status":"closed","template":"","meta":{"footnotes":""},"class_list":["post-6598","page","type-page","status-publish","hentry"],"yoast_head":"<!-- This site is optimized with the Yoast SEO plugin v23.3 - https:\/\/yoast.com\/wordpress\/plugins\/seo\/ -->\n<title>Portafoli casaments, wedding planer, Lloguer casaments<\/title>\n<meta name=\"description\" content=\"Si est\u00e0s pensant en un casament diferent, estem segurs que aqu\u00ed trobar\u00e0s el que buscaves\" \/>\n<meta name=\"robots\" content=\"index, follow, max-snippet:-1, max-image-preview:large, max-video-preview:-1\" \/>\n<link rel=\"canonical\" href=\"https:\/\/www.yaizadesigns.com\/es\/portafoli\/\" \/>\n<meta property=\"og:locale\" content=\"es_ES\" \/>\n<meta property=\"og:type\" content=\"article\" \/>\n<meta property=\"og:title\" content=\"Portafoli casaments, wedding planer, Lloguer casaments\" \/>\n<meta property=\"og:description\" content=\"Si est\u00e0s pensant en un casament diferent, estem segurs que aqu\u00ed trobar\u00e0s el que buscaves\" \/>\n<meta property=\"og:url\" content=\"https:\/\/www.yaizadesigns.com\/es\/portafoli\/\" \/>\n<meta property=\"og:site_name\" content=\"Yaiza Designs\" \/>\n<meta property=\"article:modified_time\" content=\"2024-10-13T17:07:36+00:00\" \/>\n<meta name=\"twitter:card\" content=\"summary_large_image\" \/>\n<meta name=\"twitter:label1\" content=\"Tiempo de lectura\" \/>\n\t<meta name=\"twitter:data1\" content=\"1 minuto\" \/>\n<script type=\"application\/ld+json\" class=\"yoast-schema-graph\">{\"@context\":\"https:\/\/schema.org\",\"@graph\":[{\"@type\":\"WebPage\",\"@id\":\"https:\/\/www.yaizadesigns.com\/es\/portafoli\/\",\"url\":\"https:\/\/www.yaizadesigns.com\/es\/portafoli\/\",\"name\":\"Portafoli casaments, wedding planer, Lloguer casaments\",\"isPartOf\":{\"@id\":\"https:\/\/www.yaizadesigns.com\/#website\"},\"datePublished\":\"2024-07-08T09:38:58+00:00\",\"dateModified\":\"2024-10-13T17:07:36+00:00\",\"description\":\"Si est\u00e0s pensant en un casament diferent, estem segurs que aqu\u00ed trobar\u00e0s el que buscaves\",\"breadcrumb\":{\"@id\":\"https:\/\/www.yaizadesigns.com\/es\/portafoli\/#breadcrumb\"},\"inLanguage\":\"es\",\"potentialAction\":[{\"@type\":\"ReadAction\",\"target\":[\"https:\/\/www.yaizadesigns.com\/es\/portafoli\/\"]}]},{\"@type\":\"BreadcrumbList\",\"@id\":\"https:\/\/www.yaizadesigns.com\/es\/portafoli\/#breadcrumb\",\"itemListElement\":[{\"@type\":\"ListItem\",\"position\":1,\"name\":\"Inici\",\"item\":\"https:\/\/www.yaizadesigns.com\/es\/\"},{\"@type\":\"ListItem\",\"position\":2,\"name\":\"Portafoli\"}]},{\"@type\":\"WebSite\",\"@id\":\"https:\/\/www.yaizadesigns.com\/#website\",\"url\":\"https:\/\/www.yaizadesigns.com\/\",\"name\":\"Yaiza Designs\",\"description\":\"Yaiza Designs\",\"publisher\":{\"@id\":\"https:\/\/www.yaizadesigns.com\/#organization\"},\"potentialAction\":[{\"@type\":\"SearchAction\",\"target\":{\"@type\":\"EntryPoint\",\"urlTemplate\":\"https:\/\/www.yaizadesigns.com\/?s={search_term_string}\"},\"query-input\":\"required name=search_term_string\"}],\"inLanguage\":\"es\"},{\"@type\":\"Organization\",\"@id\":\"https:\/\/www.yaizadesigns.com\/#organization\",\"name\":\"Yaiza Designs\",\"url\":\"https:\/\/www.yaizadesigns.com\/\",\"logo\":{\"@type\":\"ImageObject\",\"inLanguage\":\"es\",\"@id\":\"https:\/\/www.yaizadesigns.com\/#\/schema\/logo\/image\/\",\"url\":\"https:\/\/www.yaizadesigns.com\/wp-content\/uploads\/2017\/02\/logotip_1.png\",\"contentUrl\":\"https:\/\/www.yaizadesigns.com\/wp-content\/uploads\/2017\/02\/logotip_1.png\",\"width\":584,\"height\":551,\"caption\":\"Yaiza Designs\"},\"image\":{\"@id\":\"https:\/\/www.yaizadesigns.com\/#\/schema\/logo\/image\/\"},\"sameAs\":[\"https:\/\/www.instagram.com\/yaiza.designs\/\"]}]}<\/script>\n<!-- \/ Yoast SEO plugin. -->","yoast_head_json":{"title":"Portafoli casaments, wedding planer, Lloguer casaments","description":"Si est\u00e0s pensant en un casament diferent, estem segurs que aqu\u00ed trobar\u00e0s el que buscaves","robots":{"index":"index","follow":"follow","max-snippet":"max-snippet:-1","max-image-preview":"max-image-preview:large","max-video-preview":"max-video-preview:-1"},"canonical":"https:\/\/www.yaizadesigns.com\/es\/portafoli\/","og_locale":"es_ES","og_type":"article","og_title":"Portafoli casaments, wedding planer, Lloguer casaments","og_description":"Si est\u00e0s pensant en un casament diferent, estem segurs que aqu\u00ed trobar\u00e0s el que buscaves","og_url":"https:\/\/www.yaizadesigns.com\/es\/portafoli\/","og_site_name":"Yaiza Designs","article_modified_time":"2024-10-13T17:07:36+00:00","twitter_card":"summary_large_image","twitter_misc":{"Tiempo de lectura":"1 minuto"},"schema":{"@context":"https:\/\/schema.org","@graph":[{"@type":"WebPage","@id":"https:\/\/www.yaizadesigns.com\/es\/portafoli\/","url":"https:\/\/www.yaizadesigns.com\/es\/portafoli\/","name":"Portafoli casaments, wedding planer, Lloguer casaments","isPartOf":{"@id":"https:\/\/www.yaizadesigns.com\/#website"},"datePublished":"2024-07-08T09:38:58+00:00","dateModified":"2024-10-13T17:07:36+00:00","description":"Si est\u00e0s pensant en un casament diferent, estem segurs que aqu\u00ed trobar\u00e0s el que buscaves","breadcrumb":{"@id":"https:\/\/www.yaizadesigns.com\/es\/portafoli\/#breadcrumb"},"inLanguage":"es","potentialAction":[{"@type":"ReadAction","target":["https:\/\/www.yaizadesigns.com\/es\/portafoli\/"]}]},{"@type":"BreadcrumbList","@id":"https:\/\/www.yaizadesigns.com\/es\/portafoli\/#breadcrumb","itemListElement":[{"@type":"ListItem","position":1,"name":"Inici","item":"https:\/\/www.yaizadesigns.com\/es\/"},{"@type":"ListItem","position":2,"name":"Portafoli"}]},{"@type":"WebSite","@id":"https:\/\/www.yaizadesigns.com\/#website","url":"https:\/\/www.yaizadesigns.com\/","name":"Yaiza Designs","description":"Yaiza Designs","publisher":{"@id":"https:\/\/www.yaizadesigns.com\/#organization"},"potentialAction":[{"@type":"SearchAction","target":{"@type":"EntryPoint","urlTemplate":"https:\/\/www.yaizadesigns.com\/?s={search_term_string}"},"query-input":"required name=search_term_string"}],"inLanguage":"es"},{"@type":"Organization","@id":"https:\/\/www.yaizadesigns.com\/#organization","name":"Yaiza Designs","url":"https:\/\/www.yaizadesigns.com\/","logo":{"@type":"ImageObject","inLanguage":"es","@id":"https:\/\/www.yaizadesigns.com\/#\/schema\/logo\/image\/","url":"https:\/\/www.yaizadesigns.com\/wp-content\/uploads\/2017\/02\/logotip_1.png","contentUrl":"https:\/\/www.yaizadesigns.com\/wp-content\/uploads\/2017\/02\/logotip_1.png","width":584,"height":551,"caption":"Yaiza Designs"},"image":{"@id":"https:\/\/www.yaizadesigns.com\/#\/schema\/logo\/image\/"},"sameAs":["https:\/\/www.instagram.com\/yaiza.designs\/"]}]}},"_links":{"self":[{"href":"https:\/\/www.yaizadesigns.com\/es\/wp-json\/wp\/v2\/pages\/6598"}],"collection":[{"href":"https:\/\/www.yaizadesigns.com\/es\/wp-json\/wp\/v2\/pages"}],"about":[{"href":"https:\/\/www.yaizadesigns.com\/es\/wp-json\/wp\/v2\/types\/page"}],"author":[{"embeddable":true,"href":"https:\/\/www.yaizadesigns.com\/es\/wp-json\/wp\/v2\/users\/1"}],"replies":[{"embeddable":true,"href":"https:\/\/www.yaizadesigns.com\/es\/wp-json\/wp\/v2\/comments?post=6598"}],"version-history":[{"count":8,"href":"https:\/\/www.yaizadesigns.com\/es\/wp-json\/wp\/v2\/pages\/6598\/revisions"}],"predecessor-version":[{"id":7193,"href":"https:\/\/www.yaizadesigns.com\/es\/wp-json\/wp\/v2\/pages\/6598\/revisions\/7193"}],"wp:attachment":[{"href":"https:\/\/www.yaizadesigns.com\/es\/wp-json\/wp\/v2\/media?parent=6598"}],"curies":[{"name":"wp","href":"https:\/\/api.w.org\/{rel}","templated":true}]}}