{"id":6637,"date":"2024-06-25T12:07:18","date_gmt":"2024-06-25T10:07:18","guid":{"rendered":"https:\/\/www.yaizadesigns.com\/politica-de-cookies\/"},"modified":"2024-07-25T19:01:01","modified_gmt":"2024-07-25T17:01:01","slug":"politica-de-cookies","status":"publish","type":"page","link":"https:\/\/www.yaizadesigns.com\/es\/politica-de-cookies\/","title":{"rendered":"Pol\u00edtica de cookies"},"content":{"rendered":"<section class=\"cata-section cata-section-container-stretch\" id=\"section_6a2b8kjfk1\" style=\"\" ><div class=\"cata-container\"><div class=\"cata-row cata-columns-gap-30\"><div class=\"cata-column wpb_column vc_column_container text-left font-glacial  col-xs-mobile-fullwidth col-sm-12\"  id=\"column_lhn89rvnbt\" style=\"\"><div class=\"cata-column-wrapper vc-column-innner-wrapper\" style=\"\">[vc_column_text]Este sitio web utiliza cookies propias y de terceros para facilitar la navegaci\u00f3n y tener mayor eficacia y personalizaci\u00f3n de los servicios que se ofrecen a los visitantes. Con el registro en la web y\/o la simple navegaci\u00f3n (con el navegador habilitado para aceptar cookies), el usuario acepta la instalaci\u00f3n de cookies, a menos que se le oponga, tal y como se detalla en esta pol\u00edtica de cookies.<\/p>\n<p>Nuestra pol\u00edtica de cookies est\u00e1 sujeta a actualizaciones peri\u00f3dicas. Su prop\u00f3sito es ayudar a comprender el uso que hacemos de cookies, la finalidad de las cookies utilizadas, as\u00ed como las opciones que existen para gestionarlas.<\/p>\n<p>Los usuarios pueden acceder a esta informaci\u00f3n en todo momento a trav\u00e9s del enlace habilitado en la web. Asimismo, podr\u00e1n modificar sus preferencias sobre la aceptaci\u00f3n de cookies a trav\u00e9s de las opciones de su navegador.<\/p>\n<p><strong>1. \u00bfQu\u00e9 es una cookie?<\/strong><\/p>\n<p>Una cookie es un peque\u00f1o archivo de texto que almacena un sitio web en el navegador del usuario. Las cookies facilitan el uso y navegaci\u00f3n por una p\u00e1gina web y son esenciales para el funcionamiento de internet, aportando innumerables ventajas con la prestaci\u00f3n de servicios interactivos.<\/p>\n<p>Las cookies se usan, por ejemplo, para gestionar la sesi\u00f3n del usuario (reduciendo el n\u00famero de veces que debe entrar la contrase\u00f1a), mejorar los servicios que se ofrecen, o para adecuar los contenidos de una p\u00e1gina web en sus preferencias.<\/p>\n<p>Las cookies pueden ser de \u201csesi\u00f3n\u201d, aquellas que se borran una vez que el usuario sale de la p\u00e1gina web que las genera, o \u201cpersistentes\u201d, las que permanecen en su ordenador hasta una fecha determinada.<\/p>\n<p>Asimismo, las cookies pueden ser \u201cpropias\u201d, es decir gestionadas por el dominio al que el usuario accede y del que solicita un determinado servicio (en este caso los dominios titularidad de la empresa) o \u201ccookies de terceros\u201d , enviadas al equipo del usuario desde un dominio distinto al que se accede.<\/p>\n<p><strong>2. Tipo de cookies utilizadas en la web<\/strong><\/p>\n<p>Cookies de uso interno (propias)<\/p>\n<p>Esta web utiliza cookies de uso interno para su buen funcionamiento. M\u00e1s concretamente, esta web utiliza cookies para: permitir la autenticaci\u00f3n del usuario; mantener la sesi\u00f3n cuando el usuario navega por la p\u00e1gina; la contrataci\u00f3n de un producto o de un servicio; establecer las preferencias de los idiomas seleccionados por el usuario.<\/p>\n<p>COOKIE: Aceptaci\u00f3n del uso de cookies<br \/>\nNOMBRE: cookieyes-consent<br \/>\nDURACI\u00d3N: 1 a\u00f1o<br \/>\nPROP\u00d3SITO: Recordar las preferencias de consentimiento de los usuarios, de modo que se respeten sus preferencias en sus siguientes visitas a este sitio. No recoge ni almacena ninguna informaci\u00f3n personal de los visitantes del sitio.<\/p>\n<p>La desactivaci\u00f3n de estas cookies mediante el bloqueo de cookies en las opciones del navegador puede interferir en el buen funcionamiento de algunas de las funcionalidades de la web.<\/p>\n<p><strong>Cookies funcionales<\/strong><\/p>\n<p>Las cookies funcionales ayudan a realizar determinadas funcionalidades como compartir el contenido del sitio web en las plataformas de redes sociales, recopilar comentarios y otras funciones de terceros.<\/p>\n<p>COOKIE: Aceptaci\u00f3n del uso de cookies<br \/>\nNOMBRE: pll_language<br \/>\nDURACI\u00d3N: 1 a\u00f1o<br \/>\nPROP\u00d3SITO: Polylang ha configurado esta cookie para recordar el idioma seleccionado por el usuario cuando vuelve al sitio web y obtener la informaci\u00f3n del idioma cuando no est\u00e9 disponible de otra forma.<\/p>\n<p><strong>Cookies anal\u00edticas<\/strong><\/p>\n<p>Esta web utiliza cookies de uso interno para su buen funcionamiento. M\u00e1s concretamente, esta web utiliza cookies para: permitir la autenticaci\u00f3n del usuario; mantener la sesi\u00f3n cuando el usuario navega por la p\u00e1gina; la contrataci\u00f3n de un producto o de un servicio; establecer las preferencias de los idiomas seleccionados por el usuario.<\/p>\n<p>COOKIE: Aceptaci\u00f3n del uso de cookies<br \/>\nNOMBRE: _ga_*,_ga<br \/>\nDURACI\u00d3N: 1 a\u00f1o 1 mes 4 d\u00edas<br \/>\nPROP\u00d3SITO: instalada por Google Analytics, calcula los datos de los visitantes, de las sesiones y de las campa\u00f1as y tambi\u00e9n realiza un seguimiento del uso del sitio para el informe de an\u00e1lisis del mismo. La cookie almacena la informaci\u00f3n de forma an\u00f3nima y asigna un n\u00famero generado aleatoriamente para reconocer a los visitantes \u00fanicos.<\/p>\n<p><strong>3. Opciones sobre las cookies<\/strong><\/p>\n<p>En todo momento, y al menos, durante la instalaci\u00f3n o puesta en marcha del navegador, el usuario tiene la posibilidad de aceptar o rechazar la instalaci\u00f3n de cookies, o rechazar la instalaci\u00f3n de un determinado tipo de cookies, como las cookies de publicidad o terceros. Despu\u00e9s de cada sesi\u00f3n, el usuario puede eliminar tambi\u00e9n todas o parte de las cookies almacenadas. Asimismo, el usuario tiene la opci\u00f3n de activarlas.<\/p>\n<p>La navegaci\u00f3n privada, mediante la cual el navegador deja de guardar el historial de navegaci\u00f3n, contrase\u00f1as de acceso a sitios web, cookies y otra informaci\u00f3n de las p\u00e1ginas que visita. La funci\u00f3n de no rastrear, cuando el navegador pide a los sitios web que el usuario visita que no se rastreen sus h\u00e1bitos de navegaci\u00f3n, por ejemplo, con el fin de hacer uso de ellos para el env\u00edo de publicidad de su inter\u00e9s.<\/p>\n<p>Recomendamos consultar la ayuda del navegador para tener toda la informaci\u00f3n sobre las diferentes opciones de c\u00f3mo gestionar las cookies.<\/p>\n<p>Google Chrome<br \/>\nInternet Explorer<br \/>\nFirefox<br \/>\nSafari[\/vc_column_text]<\/div><\/div><\/div><\/div><\/section>\n","protected":false},"excerpt":{"rendered":"[vc_column_text]Este sitio web utiliza cookies propias y de terceros para facilitar la navegaci\u00f3n y tener mayor eficacia y personalizaci\u00f3n de los servicios que se ofrecen a los visitantes. Con el registro en la web y\/o [...]","protected":false},"author":1,"featured_media":0,"parent":0,"menu_order":0,"comment_status":"closed","ping_status":"closed","template":"","meta":{"footnotes":""},"class_list":["post-6637","page","type-page","status-publish","hentry"],"yoast_head":"<!-- This site is optimized with the Yoast SEO plugin v23.3 - https:\/\/yoast.com\/wordpress\/plugins\/seo\/ -->\n<title>Pol\u00edtica de cookies - Yaiza Designs<\/title>\n<meta name=\"robots\" content=\"index, follow, max-snippet:-1, max-image-preview:large, max-video-preview:-1\" \/>\n<link rel=\"canonical\" href=\"https:\/\/www.yaizadesigns.com\/es\/politica-de-cookies\/\" \/>\n<meta property=\"og:locale\" content=\"es_ES\" \/>\n<meta property=\"og:type\" content=\"article\" \/>\n<meta property=\"og:title\" content=\"Pol\u00edtica de cookies - Yaiza Designs\" \/>\n<meta property=\"og:url\" content=\"https:\/\/www.yaizadesigns.com\/es\/politica-de-cookies\/\" \/>\n<meta property=\"og:site_name\" content=\"Yaiza Designs\" \/>\n<meta property=\"article:modified_time\" content=\"2024-07-25T17:01:01+00:00\" \/>\n<meta name=\"twitter:card\" content=\"summary_large_image\" \/>\n<meta name=\"twitter:label1\" content=\"Tiempo de lectura\" \/>\n\t<meta name=\"twitter:data1\" content=\"5 minutos\" \/>\n<script type=\"application\/ld+json\" class=\"yoast-schema-graph\">{\"@context\":\"https:\/\/schema.org\",\"@graph\":[{\"@type\":\"WebPage\",\"@id\":\"https:\/\/www.yaizadesigns.com\/es\/politica-de-cookies\/\",\"url\":\"https:\/\/www.yaizadesigns.com\/es\/politica-de-cookies\/\",\"name\":\"Pol\u00edtica de cookies - Yaiza Designs\",\"isPartOf\":{\"@id\":\"https:\/\/www.yaizadesigns.com\/#website\"},\"datePublished\":\"2024-06-25T10:07:18+00:00\",\"dateModified\":\"2024-07-25T17:01:01+00:00\",\"breadcrumb\":{\"@id\":\"https:\/\/www.yaizadesigns.com\/es\/politica-de-cookies\/#breadcrumb\"},\"inLanguage\":\"es\",\"potentialAction\":[{\"@type\":\"ReadAction\",\"target\":[\"https:\/\/www.yaizadesigns.com\/es\/politica-de-cookies\/\"]}]},{\"@type\":\"BreadcrumbList\",\"@id\":\"https:\/\/www.yaizadesigns.com\/es\/politica-de-cookies\/#breadcrumb\",\"itemListElement\":[{\"@type\":\"ListItem\",\"position\":1,\"name\":\"Inici\",\"item\":\"https:\/\/www.yaizadesigns.com\/es\/\"},{\"@type\":\"ListItem\",\"position\":2,\"name\":\"Pol\u00edtica de cookies\"}]},{\"@type\":\"WebSite\",\"@id\":\"https:\/\/www.yaizadesigns.com\/#website\",\"url\":\"https:\/\/www.yaizadesigns.com\/\",\"name\":\"Yaiza Designs\",\"description\":\"Yaiza Designs\",\"publisher\":{\"@id\":\"https:\/\/www.yaizadesigns.com\/#organization\"},\"potentialAction\":[{\"@type\":\"SearchAction\",\"target\":{\"@type\":\"EntryPoint\",\"urlTemplate\":\"https:\/\/www.yaizadesigns.com\/?s={search_term_string}\"},\"query-input\":\"required name=search_term_string\"}],\"inLanguage\":\"es\"},{\"@type\":\"Organization\",\"@id\":\"https:\/\/www.yaizadesigns.com\/#organization\",\"name\":\"Yaiza Designs\",\"url\":\"https:\/\/www.yaizadesigns.com\/\",\"logo\":{\"@type\":\"ImageObject\",\"inLanguage\":\"es\",\"@id\":\"https:\/\/www.yaizadesigns.com\/#\/schema\/logo\/image\/\",\"url\":\"https:\/\/www.yaizadesigns.com\/wp-content\/uploads\/2017\/02\/logotip_1.png\",\"contentUrl\":\"https:\/\/www.yaizadesigns.com\/wp-content\/uploads\/2017\/02\/logotip_1.png\",\"width\":584,\"height\":551,\"caption\":\"Yaiza Designs\"},\"image\":{\"@id\":\"https:\/\/www.yaizadesigns.com\/#\/schema\/logo\/image\/\"},\"sameAs\":[\"https:\/\/www.instagram.com\/yaiza.designs\/\"]}]}<\/script>\n<!-- \/ Yoast SEO plugin. -->","yoast_head_json":{"title":"Pol\u00edtica de cookies - Yaiza Designs","robots":{"index":"index","follow":"follow","max-snippet":"max-snippet:-1","max-image-preview":"max-image-preview:large","max-video-preview":"max-video-preview:-1"},"canonical":"https:\/\/www.yaizadesigns.com\/es\/politica-de-cookies\/","og_locale":"es_ES","og_type":"article","og_title":"Pol\u00edtica de cookies - Yaiza Designs","og_url":"https:\/\/www.yaizadesigns.com\/es\/politica-de-cookies\/","og_site_name":"Yaiza Designs","article_modified_time":"2024-07-25T17:01:01+00:00","twitter_card":"summary_large_image","twitter_misc":{"Tiempo de lectura":"5 minutos"},"schema":{"@context":"https:\/\/schema.org","@graph":[{"@type":"WebPage","@id":"https:\/\/www.yaizadesigns.com\/es\/politica-de-cookies\/","url":"https:\/\/www.yaizadesigns.com\/es\/politica-de-cookies\/","name":"Pol\u00edtica de cookies - Yaiza Designs","isPartOf":{"@id":"https:\/\/www.yaizadesigns.com\/#website"},"datePublished":"2024-06-25T10:07:18+00:00","dateModified":"2024-07-25T17:01:01+00:00","breadcrumb":{"@id":"https:\/\/www.yaizadesigns.com\/es\/politica-de-cookies\/#breadcrumb"},"inLanguage":"es","potentialAction":[{"@type":"ReadAction","target":["https:\/\/www.yaizadesigns.com\/es\/politica-de-cookies\/"]}]},{"@type":"BreadcrumbList","@id":"https:\/\/www.yaizadesigns.com\/es\/politica-de-cookies\/#breadcrumb","itemListElement":[{"@type":"ListItem","position":1,"name":"Inici","item":"https:\/\/www.yaizadesigns.com\/es\/"},{"@type":"ListItem","position":2,"name":"Pol\u00edtica de cookies"}]},{"@type":"WebSite","@id":"https:\/\/www.yaizadesigns.com\/#website","url":"https:\/\/www.yaizadesigns.com\/","name":"Yaiza Designs","description":"Yaiza Designs","publisher":{"@id":"https:\/\/www.yaizadesigns.com\/#organization"},"potentialAction":[{"@type":"SearchAction","target":{"@type":"EntryPoint","urlTemplate":"https:\/\/www.yaizadesigns.com\/?s={search_term_string}"},"query-input":"required name=search_term_string"}],"inLanguage":"es"},{"@type":"Organization","@id":"https:\/\/www.yaizadesigns.com\/#organization","name":"Yaiza Designs","url":"https:\/\/www.yaizadesigns.com\/","logo":{"@type":"ImageObject","inLanguage":"es","@id":"https:\/\/www.yaizadesigns.com\/#\/schema\/logo\/image\/","url":"https:\/\/www.yaizadesigns.com\/wp-content\/uploads\/2017\/02\/logotip_1.png","contentUrl":"https:\/\/www.yaizadesigns.com\/wp-content\/uploads\/2017\/02\/logotip_1.png","width":584,"height":551,"caption":"Yaiza Designs"},"image":{"@id":"https:\/\/www.yaizadesigns.com\/#\/schema\/logo\/image\/"},"sameAs":["https:\/\/www.instagram.com\/yaiza.designs\/"]}]}},"_links":{"self":[{"href":"https:\/\/www.yaizadesigns.com\/es\/wp-json\/wp\/v2\/pages\/6637"}],"collection":[{"href":"https:\/\/www.yaizadesigns.com\/es\/wp-json\/wp\/v2\/pages"}],"about":[{"href":"https:\/\/www.yaizadesigns.com\/es\/wp-json\/wp\/v2\/types\/page"}],"author":[{"embeddable":true,"href":"https:\/\/www.yaizadesigns.com\/es\/wp-json\/wp\/v2\/users\/1"}],"replies":[{"embeddable":true,"href":"https:\/\/www.yaizadesigns.com\/es\/wp-json\/wp\/v2\/comments?post=6637"}],"version-history":[{"count":5,"href":"https:\/\/www.yaizadesigns.com\/es\/wp-json\/wp\/v2\/pages\/6637\/revisions"}],"predecessor-version":[{"id":6818,"href":"https:\/\/www.yaizadesigns.com\/es\/wp-json\/wp\/v2\/pages\/6637\/revisions\/6818"}],"wp:attachment":[{"href":"https:\/\/www.yaizadesigns.com\/es\/wp-json\/wp\/v2\/media?parent=6637"}],"curies":[{"name":"wp","href":"https:\/\/api.w.org\/{rel}","templated":true}]}}