{"id":6651,"date":"2024-06-25T12:50:58","date_gmt":"2024-06-25T10:50:58","guid":{"rendered":"https:\/\/www.yaizadesigns.com\/termes-i-condicions\/"},"modified":"2024-07-26T10:01:54","modified_gmt":"2024-07-26T08:01:54","slug":"termes-i-condicions","status":"publish","type":"page","link":"https:\/\/www.yaizadesigns.com\/es\/termes-i-condicions\/","title":{"rendered":"T\u00e9rminos y condiciones"},"content":{"rendered":"<section class=\"cata-section cata-section-container-stretch\" id=\"section_mr47de6q2b\" style=\"\" ><div class=\"cata-container\"><div class=\"cata-row cata-columns-gap-30\"><div class=\"cata-column wpb_column vc_column_container text-left font-glacial  col-xs-mobile-fullwidth col-sm-12\"  id=\"column_r0r32snc8w\" style=\"\"><div class=\"cata-column-wrapper vc-column-innner-wrapper\" style=\"\">[vc_column_text]<strong>1. Informaci\u00f3n general<\/strong><\/p>\n<p>La titularidad de este sitio web, WWW.YAIZADESIGNS.COM (en adelante Sitio Web) la ostenta: Yaiza Ortega Ramilo, con NIF 45170239X y cuyos datos de contacto son: yaizadesigns@gmail.com Este documento (as\u00ed como todos los documentos que se mencionan aqu\u00ed) regula las condiciones por las que se rige el uso de este Sitio Web y la compra o adquisici\u00f3n de productos y\/o servicios (en adelante, Condiciones). A efectos de estas Condiciones se entiende que la actividad que Natural Nomade desarrolla a trav\u00e9s del Sitio web comprende la venta de productos f\u00cdsicos. Adem\u00e1s de leer las presentes Condiciones, antes de acceder, navegar y\/o utilizar esta p\u00e1gina web, debes haber le\u00eddo el Aviso Legal y las Condiciones Generales de Uso, incluyendo, la pol\u00edtica de cookies, la pol\u00edtica de privacidad y de protecci\u00f3n de datos de Natural Nomade. Al utilizar este Sitio Web o al hacer y\/o solicitar la adquisici\u00f3n de un producto y\/o servicio a trav\u00e9s del mismo consientes quedar vinculado por estas Condiciones y por todo lo anteriormente mencionado, por lo que si no est\u00e1s de acuerdo con todo esto, no debe usar este Sitio Web. Asimismo, se informa que estas condiciones podr\u00edan ser modificadas. Eres responsable de consultarlas cada vez que accedas, navegues y\/o utilices el Sitio Web ya que ser\u00e1n aplicables<br \/>\naquellas que se encuentren vigentes en el momento en que solicites la adquisici\u00f3n de productos y\/o servicios. Para todas las preguntas que puedas tener en relaci\u00f3n a las Condiciones, puedes ponerte en contacto con Natural Nomade utilizando los datos de contacto facilitados m\u00e1s arriba.<\/p>\n<p><strong>2. El usuario<\/strong><\/p>\n<p>El acceso, navegaci\u00f3n y uso del Sitio Web, confiere la condici\u00f3n de USUARIO, por lo que se aceptan, desde que se inicia la navegaci\u00f3n por el Sitio Web, todas las Condiciones aqu\u00ed establecidas, as\u00ed como sus modificaciones, sin perjuicio de la aplicaci\u00f3n de la correspondiente normativa legal de obligado cumplimiento seg\u00fan el caso. Como Usurari, asumes la responsabilidad de un uso correcto del Sitio Web.<\/p>\n<p>Esta responsabilidad se extender\u00e1 a:<br \/>\n\u2013 Hacer uso de este Sitio Web \u00fanicamente para realizar consultas y compras o adquisiciones legalmente v\u00e1lidas.<br \/>\n\u2013 No realizar ninguna compra falsa o fraudulenta. Si pudiera considerarse razonablemente que se ha hecho una compra de esta \u00edndole, podr\u00eda ser anulada y se informar\u00eda a las autoridades pertinentes.<br \/>\n\u2013 Facilitar datos de contacto verazes y l\u00edcitos, por ejemplo, direcci\u00f3n de correo electr\u00f3nico, direcci\u00f3n postal y\/u otros datos (ver tambi\u00e9n Aviso Legal).<\/p>\n<p><strong>3. Proceso de compra o adquisici\u00f3n<\/strong><\/p>\n<p>Estando o no registrado puedes comprar uno o varios productos en el Sitio Web. Deber\u00e1s rellenar y\/o comprobar la informaci\u00f3n que a cada paso se te solicita, aunque, durante el proceso de compra, antes de realizar el pago, se pueden modificar los datos de la compra. Recibir\u00e1s un correo electr\u00f3nico confirmando que Natural Nomade ha recibido tu pedido o solicitud de compra, es decir, la confirmaci\u00f3n del pedido. Y, en su caso, se te informar\u00e1 igualmente mediante correo electr\u00f3nico cuando tu compra est\u00e9 siendo enviada. Una vez concluido el procedimiento de compra, aceptas que el Sitio Web genere una factura electr\u00f3nica que te llegara a trav\u00e9s del correo electr\u00f3nico. Reconoces estar al corriente, en el momento de la compra, de ciertas condiciones particulares de venta que conciernen al producto en cuesti\u00f3n y que se muestran junto a la presentaci\u00f3n o, en su caso, imagen de \u00e9ste en la p\u00e1gina del Sitio<br \/>\nweb, indicando , a modo enunciativo, pero no exhaustivo, y atendiendo a cada caso: nombre, precio, componentes, peso, cantidad, color, detalles de los productos, o caracter\u00edsticas, y reconoces que la realizaci\u00f3n del pedido de compra o adquisici\u00f3n materializa la aceptaci\u00f3n plena y completa condiciones particulares de venta aplicables en cada caso. Las comunicaciones, \u00f3rdenes de compra y pagos que intervengan durante las transacciones efectuadas en el Sitio Web podr\u00edan ser archivadas y conservadas en los registros informatizados de Natural Nomade a fin de constituir un medio de prueba de las transacciones, en todo caso, respetando las condiciones razonables de seguridad y las leyes y normativas vigentes que a este respecto sean aplicables, y particularmente atendiendo a la LOPD y los derechos que asisten a los Usuarios de acuerdo con la pol\u00edtica de privacidad de este Sitio Web (Aviso Legal y Condiciones Generales de Uso).<\/p>\n<p><strong>4. Disponabilidad<\/strong><\/p>\n<p>Todos los pedidos de compra recibidos por Natural Nomade a trav\u00e9s del Sitio Web est\u00e1n sujetos a la disponibilidad de los productos y\/o que ninguna circunstancia o causa de fuerza mayor (cl\u00e1usula ocho de estas Condiciones) afecte al suministro de los mismos. Si se produjeran dificultades en cuanto al suministro de productos o no quedaran productos en stock, Natural Nomade se compromete a contactar con el Usuario y reembolsar cualquier cantidad que pudiera haber sido abonada en concepto de importe.<\/p>\n<p><strong>5. Precios y pagos<\/strong><\/p>\n<p>Los precios exhibidos en el Sitio Web son los finales, en Euros (\u20ac) e incluyen los impuestos, salvo que por exigencia legal, especialmente en lo que se refiere al IVA, se se\u00f1ale y aplique una cuesti\u00f3n diferente. Los gastos de env\u00edos no se encuentran incluidos en los precios finales de los productos ser\u00e1n informados en el momento de realizar el pedido. As\u00ed, YaizaDesigns realiza los servicios de entrega y\/o env\u00edo a trav\u00e9s de Nacex y en el Local comercial. Los precios pueden cambiar en cualquier momento, pero los posibles cambios no afectar\u00e1n a los pedidos o compras respecto a los que ya hayas recibido una confirmaci\u00f3n de pedido. Los medios de pago aceptados ser\u00e1n: Tarjeta de cr\u00e9dito o d\u00e9bito y Bizum. Las tarjetas estar\u00e1n sujetas a comprobaciones y autorizaciones por parte de la entidad bancaria emisora de las mismas, si esta entidad no autorizara el pago, YaizaDesigns no ser\u00e1 responsable por ning\u00fan retraso o falta de entrega y no podr\u00e1 formalizar ning\u00fan contrato con el Usuario. Una vez recibamos la orden de compra a trav\u00e9s del Sitio Web, se<br \/>\nhar\u00e1 el cargo en tu tarjeta y te enviaremos la confirmaci\u00f3n de tu pedido.<\/p>\n<p><strong>6. Env\u00edos y devoluciones<\/strong><\/p>\n<p>Cuando hagas tu compra recibir\u00e1s un email de confirmaci\u00f3n de pedido (si no lo encuentras en tu bandeja de entrada, revisa tu bandeja de spam o correo no deseado). El plazo de preparaci\u00f3n de tu pedido ser\u00e1 entre 5 y 10 d\u00edas h\u00e1biles. Cuando el pedido est\u00e9 preparado y lo enviamos recibir\u00e1s otro mail informando de<br \/>\nque tu pedido ha sido enviado con el n\u00famero de seguimiento. Si la empresa de transporte no le localiza, le llamar\u00e1 por tel\u00e9fono, por lo que es importante que informe su n\u00famero de tel\u00e9fono correctamente. Volver\u00e1n a intentar la entrega al d\u00eda siguiente h\u00e1bil o en la fecha que se acuerde. YaizaDesigns no se responsabiliza de las posibles demoras de entrega causadas por el servicio de mensajer\u00eda. Los gastos de env\u00edo para la Pen\u00ednsula (para otros destinos consultar) son los siguientes:<\/p>\n<p>Recogida en tienda \u2013 Gratis<br \/>\nPor pedidos hasta 99,99 euros \u2013 5 euros<br \/>\nPor pedidos a partir de 100 euros<\/p>\n<p>Una vez recibido tu pedido, dispones de 15 d\u00edas naturales desde su recepci\u00f3n para poder devolver tu pedido. Natural Nomade se reserva el derecho de rechazar devoluciones comunicadas o enviadas fuera<br \/>\ndel plazo fijado, u objetos que no se encuentren en las mismas condiciones en las que fueron recibidas. Si el motivo de devoluci\u00f3n es por llegado en mal estado del producto, podr\u00e1 optar por la devoluci\u00f3n del dinero o si prefiere, le enviaremos de nuevo el producto, siempre bajo disponibilidad se estoque y sin cargos de<br \/>\nenv\u00edo adicional. Si son causas ajenas a YaizaDesigns, bien porque cambias de opini\u00f3n o no te encaja, los gastos de devoluci\u00f3n ir\u00e1n a tu cargo. Los objetos deben devolverse en perfecto estado y con la<br \/>\ncorrespondiente etiqueta. C\u00f3mo hacer una devoluci\u00f3n: Escribe un e-mail yaizadesigns@gmail.com y lo solucionaremos lo antes posible. La direcci\u00f3n para efectuar las devoluciones es la siguiente: Plaza Libertad na2 Local El art\u00edculo debe estar en su embalaje original, sin utilizar y en perfecto estado. Dentro de un per\u00edodo m\u00e1ximo de 15 d\u00edas desde la recepci\u00f3n del art\u00edculo, procesaremos la devoluci\u00f3n y, si cumple los requisitos, procederemos a reembolsar el cargo realizado por la compra por el mismo medio en el que se realiz\u00f3. El cliente se har\u00e1 cargo de las devoluciones a menos que YaizaDesigns haya cometido un error enviando un producto o no haya llegado en buen estado.<\/p>\n<p><strong>7. Medios t\u00e9cnicos para corregir errores<\/strong><\/p>\n<p>En caso de que detectes que se ha producido un error al introducir datos necesarios para procesar tu solicitud de compra en el Sitio, podr\u00e1s modificarlos poni\u00e9ndote en contacto con Yaizadesigns a trav\u00e9s de los espacios de contacto habilitados en el Sitio Web y, en el caso, a trav\u00e9s de aquellos habilitados para contactar con el servicio de atenci\u00f3n al cliente, y\/o utilizando los datos de contacto facilitados en la cl\u00e1usula primera (Informaci\u00f3n general). En cualquier caso, antes de finalizar la compra, tienes acceso al espacio carrito o cesta donde se van anotando tus solicitudes de compra y puedes realizar modificaciones. De la misma forma te remitimos a consultar tambi\u00e9n el Aviso Legal para pedir m\u00e1s informaci\u00f3n sobre<br \/>\nc\u00f3mo ejercer tu derecho de rectificaci\u00f3n seg\u00fan lo establecido en la Ley Org\u00e1nica 15\/1999, de 13 de diciembre, de Protecci\u00f3n de Datos de Car\u00e1cter Personal.<\/p>\n<p><strong>8. Exoneraci\u00f3n de responsabilidad<\/strong><\/p>\n<p>Salvo disposici\u00f3n legal en sentido contrario, YaizaDesigns no aceptar\u00e1 ninguna responsabilidad por las siguientes p\u00e9rdidas, con independencia de su origen:<\/p>\n<p>\u2013 Cualquier p\u00e9rdida que no fueran atribuibles a ning\u00fan incumplimiento por su parte.<br \/>\n\u2013 P\u00e9rdidas empresariales (incluyendo lucro cesante, ingresos, contratos, ahorros previstos, datos, p\u00e9rdida del fondo de comercio o gastos innecesarios incurridos).<br \/>\n\u2013 Toda otra p\u00e9rdida indirecta que no fuese razonablemente previsible por ambas partes en el momento en que se formaliz\u00f3 el contrato de compraventa de los productos entre ambas partes. Igualmente, Natural Nomade tambi\u00e9n limita su responsabilidad en cuanto a los siguientes casos:<br \/>\n\u2013 Yaizadesigns aplica todas las medidas concernientes a proporcionar una visualizaci\u00f3n fiel del producto al Sitio, pero no se responsabiliza por las m\u00ednimas diferencias o inexactitudes que puedan existir debido a falta de resoluci\u00f3n de la pantalla, o problemas del navegador que se utilice otros de este car\u00e1cter.<br \/>\n&#8211; Yaizadesigns actuar\u00e1 con la m\u00e1xima diligencia para poner a disposici\u00f3n de la empresa encargada del transporte del producto objeto del pedido de compra. Sin embargo, no se responsabiliza por perjuicios provenientes de un mal funcionamiento del transporte, especialmente por causas como huelgas, retenciones en carreteras, y en general cualquier otras propias del sector, que deriven en retrasos, p\u00e9rdidas o hurtos del producto.<br \/>\n\u2013 Errores t\u00e9cnicos que por causas fortuitas o de otra \u00edndole, impidan un normal funcionamiento del servicio a trav\u00e9s de internet. Falta de disponibilidad del Sitio por razones de mantenimiento u otros, que impida disponer del servicio. Yaizadesigns pone todos los medios a su alcance a efectos de llevar a cabo el proceso de compra, pago y env\u00edo\/entrega de los productos, sin embargo se exime de responsabilidad por causas que no le sean imputables, caso fortuito o fuerza mayor.<br \/>\n&#8211; Yaizadesigns no se har\u00e1 responsable del mal uso y\/o del desgaste de los productos que hayan sido utilizados por el Usuario. Asimismo, tampoco se har\u00e1 responsable de una devoluci\u00f3n err\u00f3nea realizada por el Usuario. Es responsabilidad del Usuario devolver el producto correcto.<\/p>\n<p><strong>9. Comunicaciones por escrito y notificaciones<\/strong><\/p>\n<p>Mediante el uso de este Sitio Web, aceptas como usuario que la mayor parte de las comunicaciones con Yaizadesigns sean electr\u00f3nicas (correo electr\u00f3nico o avisos publicados en el Sitio Web). A efectos contractuales,<br \/>\nconsientes en utilizar este medio electr\u00f3nico de comunicaci\u00f3n y reconoces que todo contrato, notificaci\u00f3n, informaci\u00f3n y otras comunicaciones que Natural Nomade env\u00ede de forma electr\u00f3nica cumplen con los requisitos legales de ser por escrito. Esta condici\u00f3n no afecta a los derechos reconocidos por ley al Usuario. Como Usuario puedes enviar notificaciones y\/o comunicarte con nosotros a trav\u00e9s de los datos de contacto que en estas Condiciones se facilitan y, en su caso, a trav\u00e9s de los espacios de contacto del Sitio Web. Igualmente, a menos que se estipule lo contrario, Yaizadesigns puede contactarte y\/o notificarte a tu correo electr\u00f3nico oa la direcci\u00f3n postal facilitada.<\/p>\n<p><strong>10. Renuncia<\/strong><\/p>\n<p>Ninguna renuncia de Natural Nomade a un derecho o acci\u00f3n legal concreta o la falta de requerimiento del cumplimiento estricto por el Usuario de alguna de sus obligaciones supondr\u00e1, ni una renuncia a otros derechos o acciones derivados de un contrato o de las Condiciones , ni exonerar\u00e1 al Usuario del cumplimiento de las obligaciones. Ninguna renuncia de Natural Nomade a alguna de las presentes Condiciones oa los derechos o acciones derivados de un contrato surtir\u00e1 efecto, salvo que se establezca expresamente que es una renuncia y se formalice y se comunique al Usuario por escrito.<\/p>\n<p><strong>11. Nulidad<\/strong><\/p>\n<p>Si alguna de las presentes condiciones fueren declaradas nulas y sin efecto por resoluci\u00f3n firme dictada por autoridad competente, el resto de las cl\u00e1usulas permanecer\u00e1n en vigor, sin que queden afectadas por esta declaraci\u00f3n de nulidad.<\/p>\n<p><strong>12. Acuerdo completo<\/strong><\/p>\n<p>Las presentes Condiciones y todo documento al que se haga referencia expresa en las mismas constituyen el acuerdo \u00edntegro existente entre el Usuario y Yaizadesigns en relaci\u00f3n con el objeto de compraventa y sustituyen<br \/>\ncualquier otro pacto, acuerdo o promesa anterior convenida verbalmente o por escrito por las mismas partes. El Usuario y Yaizadesigns reconocen haber consentido la celebraci\u00f3n de un contrato sin haber confiado en ninguna declaraci\u00f3n o promesa hecha por el otro lado, salvo lo que figura expresamente mencionado en las presentes Condiciones.<\/p>\n<p><strong>13. Protecci\u00f3n de datos<\/strong><\/p>\n<p>La informaci\u00f3n o datos de car\u00e1cter personal que el Usuario facilite a Yaizadesigns en el curso de una transacci\u00f3n en el Sitio Web, ser\u00e1n tratados de acuerdo con lo establecido en las pol\u00edticas de protecci\u00f3n de datos (Aviso Legal y Condiciones Generales). Al hacer acceder, navegar y\/o utilizar el Sitio el Usuario consiente el tratamiento de esta informaci\u00f3n y datos y declara que toda la informaci\u00f3n o datos que facilita son veraces.<\/p>\n<p><strong>14. Legislaci\u00f3n aplicable y jurisdicci\u00f3n<\/strong><\/p>\n<p>El acceso, navegaci\u00f3n y\/o uso de este Sitio Web y los contratos de compra de productos a trav\u00e9s del mismo se rigen por la legislaci\u00f3n espa\u00f1ola. Cualquier controversia, problema o desacuerdo que surja o est\u00e9 relacionado con el acceso, navegaci\u00f3n y\/o accesos del Sitio Web, o con la interpretaci\u00f3n y ejecuci\u00f3n de estas Condiciones, o con los contratos de venta entre Yaizadesigns y el Usuario, ser\u00e1 sometida a la jurisdicci\u00f3n no exclusiva de los juzgados y tribunales espa\u00f1oles.<\/p>\n<p><strong>15. Quejas y reclamaciones<\/strong><\/p>\n<p>Puedes hacernos llegar tus quejas, reclamaciones o cualquier otro comentario que quieras realizar a trav\u00e9s de los datos de contacto que se facilitan al principio de estas Condiciones (Informaci\u00f3n General). Adem\u00e1s, Yaizadesigns dispone de hojas oficiales de reclamaci\u00f3n a disposici\u00f3n de los consumidores y usuarios, pudiendo \u00e9stas solicitarlas en cualquier momento, utilizando los datos de contacto que se facilitan al principio de estas Condiciones (Informaci\u00f3n General). Esto mismo, si de la suscripci\u00f3n de este contrato de compra entre Yaizadesigns y el Usuario emanase una controversia, el Usuario como consumidor puede solicitar una soluci\u00f3n extrajudicial de controversias, de acuerdo con el Reglamento UE No 524\/2013 del Parlamento Europeo y del Consejo, de 21 de mayo de 2013, sobre resoluci\u00f3n de litigios on-line en materia de consumo. Puede acceder a este m\u00e9todo a trav\u00e9s del sitio web: http:\/\/ec.europa.eu\/consumers\/odr\/.[\/vc_column_text]<\/div><\/div><\/div><\/div><\/section>\n","protected":false},"excerpt":{"rendered":"[vc_column_text]1. Informaci\u00f3n general La titularidad de este sitio web, WWW.YAIZADESIGNS.COM (en adelante Sitio Web) la ostenta: Yaiza Ortega Ramilo, con NIF 45170239X y cuyos datos de contacto son: yaizadesigns@gmail.com Este documento (as\u00ed como todos los [...]","protected":false},"author":1,"featured_media":0,"parent":0,"menu_order":0,"comment_status":"closed","ping_status":"closed","template":"","meta":{"footnotes":""},"class_list":["post-6651","page","type-page","status-publish","hentry"],"yoast_head":"<!-- This site is optimized with the Yoast SEO plugin v23.3 - https:\/\/yoast.com\/wordpress\/plugins\/seo\/ -->\n<title>T\u00e9rminos y condiciones - Yaiza Designs<\/title>\n<meta name=\"robots\" content=\"index, follow, max-snippet:-1, max-image-preview:large, max-video-preview:-1\" \/>\n<link rel=\"canonical\" href=\"https:\/\/www.yaizadesigns.com\/es\/termes-i-condicions\/\" \/>\n<meta property=\"og:locale\" content=\"es_ES\" \/>\n<meta property=\"og:type\" content=\"article\" \/>\n<meta property=\"og:title\" content=\"T\u00e9rminos y condiciones - Yaiza Designs\" \/>\n<meta property=\"og:url\" content=\"https:\/\/www.yaizadesigns.com\/es\/termes-i-condicions\/\" \/>\n<meta property=\"og:site_name\" content=\"Yaiza Designs\" \/>\n<meta property=\"article:modified_time\" content=\"2024-07-26T08:01:54+00:00\" \/>\n<meta name=\"twitter:card\" content=\"summary_large_image\" \/>\n<meta name=\"twitter:label1\" content=\"Tiempo de lectura\" \/>\n\t<meta name=\"twitter:data1\" content=\"14 minutos\" \/>\n<script type=\"application\/ld+json\" class=\"yoast-schema-graph\">{\"@context\":\"https:\/\/schema.org\",\"@graph\":[{\"@type\":\"WebPage\",\"@id\":\"https:\/\/www.yaizadesigns.com\/es\/termes-i-condicions\/\",\"url\":\"https:\/\/www.yaizadesigns.com\/es\/termes-i-condicions\/\",\"name\":\"T\u00e9rminos y condiciones - Yaiza Designs\",\"isPartOf\":{\"@id\":\"https:\/\/www.yaizadesigns.com\/#website\"},\"datePublished\":\"2024-06-25T10:50:58+00:00\",\"dateModified\":\"2024-07-26T08:01:54+00:00\",\"breadcrumb\":{\"@id\":\"https:\/\/www.yaizadesigns.com\/es\/termes-i-condicions\/#breadcrumb\"},\"inLanguage\":\"es\",\"potentialAction\":[{\"@type\":\"ReadAction\",\"target\":[\"https:\/\/www.yaizadesigns.com\/es\/termes-i-condicions\/\"]}]},{\"@type\":\"BreadcrumbList\",\"@id\":\"https:\/\/www.yaizadesigns.com\/es\/termes-i-condicions\/#breadcrumb\",\"itemListElement\":[{\"@type\":\"ListItem\",\"position\":1,\"name\":\"Inici\",\"item\":\"https:\/\/www.yaizadesigns.com\/es\/\"},{\"@type\":\"ListItem\",\"position\":2,\"name\":\"T\u00e9rminos y condiciones\"}]},{\"@type\":\"WebSite\",\"@id\":\"https:\/\/www.yaizadesigns.com\/#website\",\"url\":\"https:\/\/www.yaizadesigns.com\/\",\"name\":\"Yaiza Designs\",\"description\":\"Yaiza Designs\",\"publisher\":{\"@id\":\"https:\/\/www.yaizadesigns.com\/#organization\"},\"potentialAction\":[{\"@type\":\"SearchAction\",\"target\":{\"@type\":\"EntryPoint\",\"urlTemplate\":\"https:\/\/www.yaizadesigns.com\/?s={search_term_string}\"},\"query-input\":\"required name=search_term_string\"}],\"inLanguage\":\"es\"},{\"@type\":\"Organization\",\"@id\":\"https:\/\/www.yaizadesigns.com\/#organization\",\"name\":\"Yaiza Designs\",\"url\":\"https:\/\/www.yaizadesigns.com\/\",\"logo\":{\"@type\":\"ImageObject\",\"inLanguage\":\"es\",\"@id\":\"https:\/\/www.yaizadesigns.com\/#\/schema\/logo\/image\/\",\"url\":\"https:\/\/www.yaizadesigns.com\/wp-content\/uploads\/2017\/02\/logotip_1.png\",\"contentUrl\":\"https:\/\/www.yaizadesigns.com\/wp-content\/uploads\/2017\/02\/logotip_1.png\",\"width\":584,\"height\":551,\"caption\":\"Yaiza Designs\"},\"image\":{\"@id\":\"https:\/\/www.yaizadesigns.com\/#\/schema\/logo\/image\/\"},\"sameAs\":[\"https:\/\/www.instagram.com\/yaiza.designs\/\"]}]}<\/script>\n<!-- \/ Yoast SEO plugin. -->","yoast_head_json":{"title":"T\u00e9rminos y condiciones - Yaiza Designs","robots":{"index":"index","follow":"follow","max-snippet":"max-snippet:-1","max-image-preview":"max-image-preview:large","max-video-preview":"max-video-preview:-1"},"canonical":"https:\/\/www.yaizadesigns.com\/es\/termes-i-condicions\/","og_locale":"es_ES","og_type":"article","og_title":"T\u00e9rminos y condiciones - Yaiza Designs","og_url":"https:\/\/www.yaizadesigns.com\/es\/termes-i-condicions\/","og_site_name":"Yaiza Designs","article_modified_time":"2024-07-26T08:01:54+00:00","twitter_card":"summary_large_image","twitter_misc":{"Tiempo de lectura":"14 minutos"},"schema":{"@context":"https:\/\/schema.org","@graph":[{"@type":"WebPage","@id":"https:\/\/www.yaizadesigns.com\/es\/termes-i-condicions\/","url":"https:\/\/www.yaizadesigns.com\/es\/termes-i-condicions\/","name":"T\u00e9rminos y condiciones - Yaiza Designs","isPartOf":{"@id":"https:\/\/www.yaizadesigns.com\/#website"},"datePublished":"2024-06-25T10:50:58+00:00","dateModified":"2024-07-26T08:01:54+00:00","breadcrumb":{"@id":"https:\/\/www.yaizadesigns.com\/es\/termes-i-condicions\/#breadcrumb"},"inLanguage":"es","potentialAction":[{"@type":"ReadAction","target":["https:\/\/www.yaizadesigns.com\/es\/termes-i-condicions\/"]}]},{"@type":"BreadcrumbList","@id":"https:\/\/www.yaizadesigns.com\/es\/termes-i-condicions\/#breadcrumb","itemListElement":[{"@type":"ListItem","position":1,"name":"Inici","item":"https:\/\/www.yaizadesigns.com\/es\/"},{"@type":"ListItem","position":2,"name":"T\u00e9rminos y condiciones"}]},{"@type":"WebSite","@id":"https:\/\/www.yaizadesigns.com\/#website","url":"https:\/\/www.yaizadesigns.com\/","name":"Yaiza Designs","description":"Yaiza Designs","publisher":{"@id":"https:\/\/www.yaizadesigns.com\/#organization"},"potentialAction":[{"@type":"SearchAction","target":{"@type":"EntryPoint","urlTemplate":"https:\/\/www.yaizadesigns.com\/?s={search_term_string}"},"query-input":"required name=search_term_string"}],"inLanguage":"es"},{"@type":"Organization","@id":"https:\/\/www.yaizadesigns.com\/#organization","name":"Yaiza Designs","url":"https:\/\/www.yaizadesigns.com\/","logo":{"@type":"ImageObject","inLanguage":"es","@id":"https:\/\/www.yaizadesigns.com\/#\/schema\/logo\/image\/","url":"https:\/\/www.yaizadesigns.com\/wp-content\/uploads\/2017\/02\/logotip_1.png","contentUrl":"https:\/\/www.yaizadesigns.com\/wp-content\/uploads\/2017\/02\/logotip_1.png","width":584,"height":551,"caption":"Yaiza Designs"},"image":{"@id":"https:\/\/www.yaizadesigns.com\/#\/schema\/logo\/image\/"},"sameAs":["https:\/\/www.instagram.com\/yaiza.designs\/"]}]}},"_links":{"self":[{"href":"https:\/\/www.yaizadesigns.com\/es\/wp-json\/wp\/v2\/pages\/6651"}],"collection":[{"href":"https:\/\/www.yaizadesigns.com\/es\/wp-json\/wp\/v2\/pages"}],"about":[{"href":"https:\/\/www.yaizadesigns.com\/es\/wp-json\/wp\/v2\/types\/page"}],"author":[{"embeddable":true,"href":"https:\/\/www.yaizadesigns.com\/es\/wp-json\/wp\/v2\/users\/1"}],"replies":[{"embeddable":true,"href":"https:\/\/www.yaizadesigns.com\/es\/wp-json\/wp\/v2\/comments?post=6651"}],"version-history":[{"count":6,"href":"https:\/\/www.yaizadesigns.com\/es\/wp-json\/wp\/v2\/pages\/6651\/revisions"}],"predecessor-version":[{"id":6825,"href":"https:\/\/www.yaizadesigns.com\/es\/wp-json\/wp\/v2\/pages\/6651\/revisions\/6825"}],"wp:attachment":[{"href":"https:\/\/www.yaizadesigns.com\/es\/wp-json\/wp\/v2\/media?parent=6651"}],"curies":[{"name":"wp","href":"https:\/\/api.w.org\/{rel}","templated":true}]}}