{"id":7102,"date":"2024-08-23T11:58:46","date_gmt":"2024-08-23T09:58:46","guid":{"rendered":"https:\/\/www.yaizadesigns.com\/lloguer-deco-mobles\/"},"modified":"2024-08-27T16:25:05","modified_gmt":"2024-08-27T14:25:05","slug":"lloguer-deco-mobles","status":"publish","type":"page","link":"https:\/\/www.yaizadesigns.com\/es\/lloguer-deco-mobles\/","title":{"rendered":"Alquiler deco muebles"},"content":{"rendered":"<section class=\"cata-section cata-section-container-stretch has-animation\" id=\"section_zl5059zmqk\" style=\"\" data-animation-type=\"fadeIn\" data-animation-duration=\"700\" data-animation-delay=\"0\"><div class=\"cata-container\"><div class=\"cata-row cata-columns-gap-30\"><div class=\"cata-column wpb_column vc_column_container  col-xs-mobile-fullwidth col-sm-12\"  id=\"column_kqhv1l7k79\" style=\"\"><div class=\"cata-column-wrapper vc-column-innner-wrapper\" style=\"\">\t\t<div id=\"cata_single_image_fb85sqr26m\" class=\"cata-single-image cata-element img-left\" >\r\n\t\t\t<div><figure>\r\n\t\t\t\t<img loading=\"lazy\" decoding=\"async\" width=\"235\" height=\"55\" src=\"https:\/\/www.yaizadesigns.com\/wp-content\/uploads\/2024\/05\/wedding-planner-header.jpg\" class=\"cata-image-img attachment-full\" alt=\"\" title=\"wedding-planner-header\" \/>\t\t\t<\/figure><\/div>\r\n\t\t<\/div>\r\n\t\t<div id=\"cata_empty_space_23kcc\" class=\"cata-empty-space cata-element\" style=\"height: 60px\" ><\/div><\/div><\/div><\/div><\/div><\/section><section class=\"cata-section cata-section-container-stretch\" id=\"section_pyqk6imec2\" style=\"\" ><div class=\"cata-container\"><div class=\"cata-row cata-columns-gap-30\"><div class=\"cata-column wpb_column vc_column_container text-center  col-xs-mobile-fullwidth  col-sm-6\"  id=\"column_5caxurqtf7\" style=\"\"><div class=\"cata-column-wrapper vc-column-innner-wrapper\" style=\"\">[vc_images_carousel images=\u00bb7072,7074&#8243; img_size=\u00bbmedium\u00bb onclick=\u00bblink_no\u00bb hide_pagination_control=\u00bbyes\u00bb wrap=\u00bbyes\u00bb]<div id=\"cata_empty_space_n41qw\" class=\"cata-empty-space cata-element\" style=\"height: 60px\" ><\/div><\/div><\/div><div class=\"cata-column wpb_column vc_column_container  col-xs-mobile-fullwidth  col-sm-6\"  id=\"column_wj73u8q5ve\" style=\"\"><div class=\"cata-column-wrapper vc-column-innner-wrapper\" style=\"\"><h3 class=\"heading-title style2 text-left header-belleza\" ><span>Biombo \u00edndigo<\/span><\/h3>[vc_column_text el_class=\u00bbfont-glacial\u00bb]Precioso biombo de madera maziza. Su color \u00edndigo, junto con su acabado decapado, le aportan personalidad y estilo.<br \/>\nIdeal para decorar cualquier espaio, ya sea como separador de ambientes, parte del photocall, seating,&#8230;<\/p>\n<p>Color:Azul \u00edndigo<\/p>\n<p>Medidas: 129cm ancho x 169cm alto<br \/>\nCantidad disponible: 1<br \/>\n150\u20ac<\/p>\n<p><em>* Las im\u00e1genes, medidas y colores son orientativos. La percepci\u00f3n en pantalla puede verse afectada por varios factores, como la iluminaci\u00f3n del entorno en las fotos, el \u00e1ngulo de visi\u00f3n y\/o la calibraci\u00f3n de la pantalla.<\/em>[\/vc_column_text]<div id=\"cata_empty_space_kqi7k\" class=\"cata-empty-space cata-element\" style=\"height: 40px\" ><\/div><\/div><\/div><\/div><\/div><\/section><section class=\"cata-section cata-section-container-stretch\" id=\"section_0yg6qc6xaz\" style=\"\" ><div class=\"cata-container\"><div class=\"cata-row cata-columns-gap-30\"><div class=\"cata-column wpb_column vc_column_container text-center  col-xs-mobile-fullwidth  col-sm-6\"  id=\"column_brxddxpkb0\" style=\"\"><div class=\"cata-column-wrapper vc-column-innner-wrapper\" style=\"\">[vc_images_carousel images=\u00bb7078,7080,7082,7076&#8243; img_size=\u00bbmedium\u00bb onclick=\u00bblink_no\u00bb hide_pagination_control=\u00bbyes\u00bb wrap=\u00bbyes\u00bb]<div id=\"cata_empty_space_oveiw\" class=\"cata-empty-space cata-element\" style=\"height: 60px\" ><\/div><\/div><\/div><div class=\"cata-column wpb_column vc_column_container  col-xs-mobile-fullwidth  col-sm-6\"  id=\"column_3loaoh2jel\" style=\"\"><div class=\"cata-column-wrapper vc-column-innner-wrapper\" style=\"\"><h3 class=\"heading-title style2 text-left header-belleza\" ><span>Biombo blanco<\/span><\/h3>[vc_column_text el_class=\u00bbfont-glacial\u00bb]Precioso biombo de madera. Su color blanco, junto con su acabado decapado, le aportan personalidad y estilo.<br \/>\nIdeal para decorar cualquier espaio, ya sea como separador de ambientes, parte del photocall, seating,..<\/p>\n<p>Color: blanco decapado<\/p>\n<p>Medidas:<br \/>\nCantidad disponible: 1<br \/>\n100\u20ac<\/p>\n<p><em>* Las im\u00e1genes, medidas y colores son orientativos. La percepci\u00f3n en pantalla puede verse afectada por varios factores, como la iluminaci\u00f3n del entorno en las fotos, el \u00e1ngulo de visi\u00f3n y\/o la calibraci\u00f3n de la pantalla.<\/em>[\/vc_column_text]<div id=\"cata_empty_space_5w1bm\" class=\"cata-empty-space cata-element\" style=\"height: 40px\" ><\/div><\/div><\/div><\/div><\/div><\/section><section class=\"cata-section cata-section-container-stretch\" id=\"section_8i0th7r5em\" style=\"\" ><div class=\"cata-container\"><div class=\"cata-row cata-columns-gap-30\"><div class=\"cata-column wpb_column vc_column_container text-center  col-xs-mobile-fullwidth  col-sm-6\"  id=\"column_p1lop8w5jm\" style=\"\"><div class=\"cata-column-wrapper vc-column-innner-wrapper\" style=\"\">[vc_images_carousel images=\u00bb7084,7090,7086,7088&#8243; img_size=\u00bbmedium\u00bb onclick=\u00bblink_no\u00bb hide_pagination_control=\u00bbyes\u00bb wrap=\u00bbyes\u00bb]<div id=\"cata_empty_space_b6s5y\" class=\"cata-empty-space cata-element\" style=\"height: 60px\" ><\/div><\/div><\/div><div class=\"cata-column wpb_column vc_column_container  col-xs-mobile-fullwidth  col-sm-6\"  id=\"column_vqmt4zw2oc\" style=\"\"><div class=\"cata-column-wrapper vc-column-innner-wrapper\" style=\"\"><h3 class=\"heading-title style2 text-left header-belleza\" ><span>Sill\u00f3n Juliette<\/span><\/h3>[vc_column_text el_class=\u00bbfont-glacial\u00bb]Color: madera natural<br \/>\nMedidas: (cm)<br \/>\nLongitud 96 , Fondo 66 , Altura 140<\/p>\n<p>Cantidad disponible: 2<br \/>\n150\u20ac<\/p>\n<p><em>* Las im\u00e1genes, medidas y colores son orientativos. La percepci\u00f3n en pantalla puede verse afectada por varios factores, como la iluminaci\u00f3n del entorno en las fotos, el \u00e1ngulo de visi\u00f3n y\/o la calibraci\u00f3n de la pantalla.<\/em>[\/vc_column_text]<div id=\"cata_empty_space_jd929\" class=\"cata-empty-space cata-element\" style=\"height: 40px\" ><\/div><\/div><\/div><\/div><\/div><\/section><section class=\"cata-section cata-section-container-stretch\" id=\"section_81gnwk3106\" style=\"\" ><div class=\"cata-container\"><div class=\"cata-row cata-columns-gap-30\"><div class=\"cata-column wpb_column vc_column_container  col-xs-mobile-fullwidth col-sm-12\"  id=\"column_unw6tsni7x\" style=\"\"><div class=\"cata-column-wrapper vc-column-innner-wrapper\" style=\"\"><div id=\"cata_empty_space_17te2\" class=\"cata-empty-space cata-element\" style=\"height: 32px\" ><\/div><div id=\"cata_custom_heading_gfu8oehon6\" class=\"cata-custom-heading cata-element \" ><h2 style=\"text-align:center;color: #000000; \" class=\"\"><a href=\"https:\/\/www.yaizadesigns.com\/es\/lloguer-deco\/\" title=\"Lloguer deco Decoraci\u00f3\">Ver decoraci\u00f3n<\/a><\/h2><\/div>\t\t<div id=\"cata_single_image_x792mffoyp\" class=\"cata-single-image cata-element img-left\" >\r\n\t\t\t<div><figure>\r\n\t\t\t\t<img loading=\"lazy\" decoding=\"async\" width=\"235\" height=\"55\" src=\"https:\/\/www.yaizadesigns.com\/wp-content\/uploads\/2024\/05\/wedding-planner-header.jpg\" class=\"cata-image-img attachment-full\" alt=\"\" title=\"wedding-planner-header\" \/>\t\t\t<\/figure><\/div>\r\n\t\t<\/div>\r\n\t\t<div id=\"cata_empty_space_9obdt\" class=\"cata-empty-space cata-element\" style=\"height: 100px\" ><\/div><\/div><\/div><\/div><\/div><\/section><section class=\"cata-section cata-section-container-stretch\" id=\"section_y6myhlxrlr\" style=\"\" ><div class=\"cata-container\"><div class=\"cata-row cata-columns-gap-30\"><div class=\"cata-column wpb_column vc_column_container  col-xs-mobile-fullwidth  col-sm-6\"  id=\"column_oxlhff0p53\" style=\"\"><div class=\"cata-column-wrapper vc-column-innner-wrapper\" style=\"\">\t\t<div id=\"cata_single_image_nxlmgayv1o\" class=\"cata-single-image cata-element img-left\" >\r\n\t\t\t<div><figure>\r\n\t\t\t\t<img loading=\"lazy\" decoding=\"async\" width=\"344\" height=\"545\" src=\"https:\/\/www.yaizadesigns.com\/wp-content\/uploads\/2024\/07\/Aromatiques-infusions-17-1-344x545.png\" class=\"cata-image-img attachment-medium\" alt=\"\" title=\"Aromatiques-infusions-17\" \/>\t\t\t<\/figure><\/div>\r\n\t\t<\/div>\r\n\t\t<\/div><\/div><div class=\"cata-column wpb_column vc_column_container  col-xs-mobile-fullwidth  col-sm-6\"  id=\"column_igg6no7gi2\" style=\"\"><div class=\"cata-column-wrapper vc-column-innner-wrapper\" style=\"\">\t\t<div id=\"cata_fcontact_2dg6rveq4u\" class=\"cata-contact-form cata-element\" >\r\n\t    \t\t    \t<div class=\"ctact-from-wrapper\">\r\n\t    \t\t\n<div class=\"wpcf7 no-js\" id=\"wpcf7-f7110-o1\" lang=\"es-ES\" dir=\"ltr\">\n<div class=\"screen-reader-response\"><p role=\"status\" aria-live=\"polite\" aria-atomic=\"true\"><\/p> <ul><\/ul><\/div>\n<form action=\"\/es\/wp-json\/wp\/v2\/pages\/7102#wpcf7-f7110-o1\" method=\"post\" class=\"wpcf7-form init\" aria-label=\"Formulario de contacto\" novalidate=\"novalidate\" data-status=\"init\">\n<div style=\"display: none;\">\n<input type=\"hidden\" name=\"_wpcf7\" value=\"7110\" \/>\n<input type=\"hidden\" name=\"_wpcf7_version\" value=\"5.9.7\" \/>\n<input type=\"hidden\" name=\"_wpcf7_locale\" value=\"es_ES\" \/>\n<input type=\"hidden\" name=\"_wpcf7_unit_tag\" value=\"wpcf7-f7110-o1\" \/>\n<input type=\"hidden\" name=\"_wpcf7_container_post\" value=\"0\" \/>\n<input type=\"hidden\" name=\"_wpcf7_posted_data_hash\" value=\"\" \/>\n<\/div>\n<p><label> Nombre y apellidos<br \/>\n<span class=\"wpcf7-form-control-wrap\" data-name=\"your-name\"><input size=\"40\" maxlength=\"400\" class=\"wpcf7-form-control wpcf7-text wpcf7-validates-as-required\" aria-required=\"true\" aria-invalid=\"false\" value=\"\" type=\"text\" name=\"your-name\" \/><\/span> <\/label>\n<\/p>\n<p><label> Correo electr\u00f3nico<br \/>\n<span class=\"wpcf7-form-control-wrap\" data-name=\"your-email\"><input size=\"40\" maxlength=\"400\" class=\"wpcf7-form-control wpcf7-email wpcf7-validates-as-required wpcf7-text wpcf7-validates-as-email\" aria-required=\"true\" aria-invalid=\"false\" value=\"\" type=\"email\" name=\"your-email\" \/><\/span> <\/label>\n<\/p>\n<p><label> Tel\u00e9fono<br \/>\n<span class=\"wpcf7-form-control-wrap\" data-name=\"your-phone\"><input size=\"40\" maxlength=\"400\" class=\"wpcf7-form-control wpcf7-tel wpcf7-validates-as-required wpcf7-text wpcf7-validates-as-tel\" aria-required=\"true\" aria-invalid=\"false\" value=\"\" type=\"tel\" name=\"your-phone\" \/><\/span> <\/label>\n<\/p>\n<p><label> Seleccionar decoraci\u00f3n:<br \/>\n<span class=\"wpcf7-form-control-wrap\" data-name=\"checkbox-395\"><span class=\"wpcf7-form-control wpcf7-checkbox wpcf7-validates-as-required\"><span class=\"wpcf7-list-item first\"><label><input type=\"checkbox\" name=\"checkbox-395[]\" value=\"Cajas madera caf\u00e9\" \/><span class=\"wpcf7-list-item-label\">Cajas madera caf\u00e9<\/span><\/label><\/span><span class=\"wpcf7-list-item\"><label><input type=\"checkbox\" name=\"checkbox-395[]\" value=\"Cesto gallinero lazo rojo\" \/><span class=\"wpcf7-list-item-label\">Cesto gallinero lazo rojo<\/span><\/label><\/span><span class=\"wpcf7-list-item\"><label><input type=\"checkbox\" name=\"checkbox-395[]\" value=\"Cesto gallinero\" \/><span class=\"wpcf7-list-item-label\">Cesto gallinero<\/span><\/label><\/span><span class=\"wpcf7-list-item\"><label><input type=\"checkbox\" name=\"checkbox-395[]\" value=\"Cavallete peque\u00f1o\" \/><span class=\"wpcf7-list-item-label\">Cavallete peque\u00f1o<\/span><\/label><\/span><span class=\"wpcf7-list-item\"><label><input type=\"checkbox\" name=\"checkbox-395[]\" value=\"Lechera vintage\" \/><span class=\"wpcf7-list-item-label\">Lechera vintage<\/span><\/label><\/span><span class=\"wpcf7-list-item\"><label><input type=\"checkbox\" name=\"checkbox-395[]\" value=\"Lechera retro\" \/><span class=\"wpcf7-list-item-label\">Lechera retro<\/span><\/label><\/span><span class=\"wpcf7-list-item\"><label><input type=\"checkbox\" name=\"checkbox-395[]\" value=\"Candelabro bamb\u00fa\" \/><span class=\"wpcf7-list-item-label\">Candelabro bamb\u00fa<\/span><\/label><\/span><span class=\"wpcf7-list-item\"><label><input type=\"checkbox\" name=\"checkbox-395[]\" value=\"Candelabro detalle bolas\" \/><span class=\"wpcf7-list-item-label\">Candelabro detalle bolas<\/span><\/label><\/span><span class=\"wpcf7-list-item\"><label><input type=\"checkbox\" name=\"checkbox-395[]\" value=\"Candelabro \u00edndigo XL\" \/><span class=\"wpcf7-list-item-label\">Candelabro \u00edndigo XL<\/span><\/label><\/span><span class=\"wpcf7-list-item\"><label><input type=\"checkbox\" name=\"checkbox-395[]\" value=\"Candelabro t\u00e9xtil (verde, mostaza y rosa)\" \/><span class=\"wpcf7-list-item-label\">Candelabro t\u00e9xtil (verde, mostaza y rosa)<\/span><\/label><\/span><span class=\"wpcf7-list-item\"><label><input type=\"checkbox\" name=\"checkbox-395[]\" value=\"Bolas luminosas cristal\" \/><span class=\"wpcf7-list-item-label\">Bolas luminosas cristal<\/span><\/label><\/span><span class=\"wpcf7-list-item\"><label><input type=\"checkbox\" name=\"checkbox-395[]\" value=\"Macetero metal y madera\" \/><span class=\"wpcf7-list-item-label\">Macetero metal y madera<\/span><\/label><\/span><span class=\"wpcf7-list-item\"><label><input type=\"checkbox\" name=\"checkbox-395[]\" value=\"Planta artificial\" \/><span class=\"wpcf7-list-item-label\">Planta artificial<\/span><\/label><\/span><span class=\"wpcf7-list-item\"><label><input type=\"checkbox\" name=\"checkbox-395[]\" value=\"Macetera madera\" \/><span class=\"wpcf7-list-item-label\">Macetera madera<\/span><\/label><\/span><span class=\"wpcf7-list-item\"><label><input type=\"checkbox\" name=\"checkbox-395[]\" value=\"Alfombra yute\" \/><span class=\"wpcf7-list-item-label\">Alfombra yute<\/span><\/label><\/span><span class=\"wpcf7-list-item\"><label><input type=\"checkbox\" name=\"checkbox-395[]\" value=\"Buzon met\u00e1lico\" \/><span class=\"wpcf7-list-item-label\">Buzon met\u00e1lico<\/span><\/label><\/span><span class=\"wpcf7-list-item\"><label><input type=\"checkbox\" name=\"checkbox-395[]\" value=\"Jarron gres floral\" \/><span class=\"wpcf7-list-item-label\">Jarron gres floral<\/span><\/label><\/span><span class=\"wpcf7-list-item\"><label><input type=\"checkbox\" name=\"checkbox-395[]\" value=\"Caja de viaje antigua\" \/><span class=\"wpcf7-list-item-label\">Caja de viaje antigua<\/span><\/label><\/span><span class=\"wpcf7-list-item\"><label><input type=\"checkbox\" name=\"checkbox-395[]\" value=\"Caja antigua con llave\" \/><span class=\"wpcf7-list-item-label\">Caja antigua con llave<\/span><\/label><\/span><span class=\"wpcf7-list-item last\"><label><input type=\"checkbox\" name=\"checkbox-395[]\" value=\"Barre\u00f1o metal\" \/><span class=\"wpcf7-list-item-label\">Barre\u00f1o metal<\/span><\/label><\/span><\/span><\/span> <\/label>\n<\/p>\n<p><label> Seleccionar muebles:<br \/>\n<span class=\"wpcf7-form-control-wrap\" data-name=\"checkbox-396\"><span class=\"wpcf7-form-control wpcf7-checkbox wpcf7-validates-as-required\"><span class=\"wpcf7-list-item first\"><label><input type=\"checkbox\" name=\"checkbox-396[]\" value=\"Sill\u00f3n Juliette\" \/><span class=\"wpcf7-list-item-label\">Sill\u00f3n Juliette<\/span><\/label><\/span><span class=\"wpcf7-list-item\"><label><input type=\"checkbox\" name=\"checkbox-396[]\" value=\"Espejo teca natural\" \/><span class=\"wpcf7-list-item-label\">Espejo teca natural<\/span><\/label><\/span><span class=\"wpcf7-list-item\"><label><input type=\"checkbox\" name=\"checkbox-396[]\" value=\"Biombo indigo\" \/><span class=\"wpcf7-list-item-label\">Biombo indigo<\/span><\/label><\/span><span class=\"wpcf7-list-item last\"><label><input type=\"checkbox\" name=\"checkbox-396[]\" value=\"Biombo blanco\" \/><span class=\"wpcf7-list-item-label\">Biombo blanco<\/span><\/label><\/span><\/span><\/span> <\/label>\n<\/p>\n<p><label> Comentarios<br \/>\n<span class=\"wpcf7-form-control-wrap\" data-name=\"your-message\"><textarea cols=\"40\" rows=\"10\" maxlength=\"2000\" class=\"wpcf7-form-control wpcf7-textarea wpcf7-validates-as-required\" aria-required=\"true\" aria-invalid=\"false\" name=\"your-message\"><\/textarea><\/span> <\/label>\n<\/p>\n<p><input class=\"wpcf7-form-control wpcf7-submit has-spinner\" type=\"submit\" value=\"Enviar\" \/>\n<\/p><div class=\"wpcf7-response-output\" aria-hidden=\"true\"><\/div>\n<\/form>\n<\/div>\n\t    \t<\/div> \r\n\t    <\/div>\r\n\t    <\/div><\/div><\/div><\/div><\/section>\n","protected":false},"excerpt":{"rendered":"[vc_images_carousel images=\"7072,7074\" img_size=\"medium\" onclick=\"link_no\" hide_pagination_control=\"yes\" wrap=\"yes\"]Biombo \u00edndigo[vc_column_text el_class=\"font-glacial\"]Precioso biombo de madera maziza. Su color \u00edndigo, junto con su acabado decapado, le aportan personalidad y estilo. Ideal para decorar cualquier espaio, ya sea como separador de [...]","protected":false},"author":1,"featured_media":0,"parent":0,"menu_order":0,"comment_status":"closed","ping_status":"closed","template":"","meta":{"footnotes":""},"class_list":["post-7102","page","type-page","status-publish","hentry"],"yoast_head":"<!-- This site is optimized with the Yoast SEO plugin v23.3 - https:\/\/yoast.com\/wordpress\/plugins\/seo\/ -->\n<title>Alquiler deco decoraci\u00f3n boda, Alquiler deco muebles bodas<\/title>\n<meta name=\"description\" content=\"YaizaDesigns \u00e9s un equip jove, experimentat i format, capa\u00e7 d\u2019adaptar-sea les diferents necessitats de les seves parelles\" \/>\n<meta name=\"robots\" content=\"index, follow, max-snippet:-1, max-image-preview:large, max-video-preview:-1\" \/>\n<link rel=\"canonical\" href=\"https:\/\/www.yaizadesigns.com\/es\/lloguer-deco-mobles\/\" \/>\n<meta property=\"og:locale\" content=\"es_ES\" \/>\n<meta property=\"og:type\" content=\"article\" \/>\n<meta property=\"og:title\" content=\"Alquiler deco decoraci\u00f3n boda, Alquiler deco muebles bodas\" \/>\n<meta property=\"og:description\" content=\"YaizaDesigns \u00e9s un equip jove, experimentat i format, capa\u00e7 d\u2019adaptar-sea les diferents necessitats de les seves parelles\" \/>\n<meta property=\"og:url\" content=\"https:\/\/www.yaizadesigns.com\/es\/lloguer-deco-mobles\/\" \/>\n<meta property=\"og:site_name\" content=\"Yaiza Designs\" \/>\n<meta property=\"article:modified_time\" content=\"2024-08-27T14:25:05+00:00\" \/>\n<meta name=\"twitter:card\" content=\"summary_large_image\" \/>\n<meta name=\"twitter:label1\" content=\"Tiempo de lectura\" \/>\n\t<meta name=\"twitter:data1\" content=\"2 minutos\" \/>\n<script type=\"application\/ld+json\" class=\"yoast-schema-graph\">{\"@context\":\"https:\/\/schema.org\",\"@graph\":[{\"@type\":\"WebPage\",\"@id\":\"https:\/\/www.yaizadesigns.com\/es\/lloguer-deco-mobles\/\",\"url\":\"https:\/\/www.yaizadesigns.com\/es\/lloguer-deco-mobles\/\",\"name\":\"Alquiler deco decoraci\u00f3n boda, Alquiler deco muebles bodas\",\"isPartOf\":{\"@id\":\"https:\/\/www.yaizadesigns.com\/#website\"},\"datePublished\":\"2024-08-23T09:58:46+00:00\",\"dateModified\":\"2024-08-27T14:25:05+00:00\",\"description\":\"YaizaDesigns \u00e9s un equip jove, experimentat i format, capa\u00e7 d\u2019adaptar-sea les diferents necessitats de les seves parelles\",\"breadcrumb\":{\"@id\":\"https:\/\/www.yaizadesigns.com\/es\/lloguer-deco-mobles\/#breadcrumb\"},\"inLanguage\":\"es\",\"potentialAction\":[{\"@type\":\"ReadAction\",\"target\":[\"https:\/\/www.yaizadesigns.com\/es\/lloguer-deco-mobles\/\"]}]},{\"@type\":\"BreadcrumbList\",\"@id\":\"https:\/\/www.yaizadesigns.com\/es\/lloguer-deco-mobles\/#breadcrumb\",\"itemListElement\":[{\"@type\":\"ListItem\",\"position\":1,\"name\":\"Inici\",\"item\":\"https:\/\/www.yaizadesigns.com\/es\/\"},{\"@type\":\"ListItem\",\"position\":2,\"name\":\"Alquiler deco muebles\"}]},{\"@type\":\"WebSite\",\"@id\":\"https:\/\/www.yaizadesigns.com\/#website\",\"url\":\"https:\/\/www.yaizadesigns.com\/\",\"name\":\"Yaiza Designs\",\"description\":\"Yaiza Designs\",\"publisher\":{\"@id\":\"https:\/\/www.yaizadesigns.com\/#organization\"},\"potentialAction\":[{\"@type\":\"SearchAction\",\"target\":{\"@type\":\"EntryPoint\",\"urlTemplate\":\"https:\/\/www.yaizadesigns.com\/?s={search_term_string}\"},\"query-input\":\"required name=search_term_string\"}],\"inLanguage\":\"es\"},{\"@type\":\"Organization\",\"@id\":\"https:\/\/www.yaizadesigns.com\/#organization\",\"name\":\"Yaiza Designs\",\"url\":\"https:\/\/www.yaizadesigns.com\/\",\"logo\":{\"@type\":\"ImageObject\",\"inLanguage\":\"es\",\"@id\":\"https:\/\/www.yaizadesigns.com\/#\/schema\/logo\/image\/\",\"url\":\"https:\/\/www.yaizadesigns.com\/wp-content\/uploads\/2017\/02\/logotip_1.png\",\"contentUrl\":\"https:\/\/www.yaizadesigns.com\/wp-content\/uploads\/2017\/02\/logotip_1.png\",\"width\":584,\"height\":551,\"caption\":\"Yaiza Designs\"},\"image\":{\"@id\":\"https:\/\/www.yaizadesigns.com\/#\/schema\/logo\/image\/\"},\"sameAs\":[\"https:\/\/www.instagram.com\/yaiza.designs\/\"]}]}<\/script>\n<!-- \/ Yoast SEO plugin. -->","yoast_head_json":{"title":"Alquiler deco decoraci\u00f3n boda, Alquiler deco muebles bodas","description":"YaizaDesigns \u00e9s un equip jove, experimentat i format, capa\u00e7 d\u2019adaptar-sea les diferents necessitats de les seves parelles","robots":{"index":"index","follow":"follow","max-snippet":"max-snippet:-1","max-image-preview":"max-image-preview:large","max-video-preview":"max-video-preview:-1"},"canonical":"https:\/\/www.yaizadesigns.com\/es\/lloguer-deco-mobles\/","og_locale":"es_ES","og_type":"article","og_title":"Alquiler deco decoraci\u00f3n boda, Alquiler deco muebles bodas","og_description":"YaizaDesigns \u00e9s un equip jove, experimentat i format, capa\u00e7 d\u2019adaptar-sea les diferents necessitats de les seves parelles","og_url":"https:\/\/www.yaizadesigns.com\/es\/lloguer-deco-mobles\/","og_site_name":"Yaiza Designs","article_modified_time":"2024-08-27T14:25:05+00:00","twitter_card":"summary_large_image","twitter_misc":{"Tiempo de lectura":"2 minutos"},"schema":{"@context":"https:\/\/schema.org","@graph":[{"@type":"WebPage","@id":"https:\/\/www.yaizadesigns.com\/es\/lloguer-deco-mobles\/","url":"https:\/\/www.yaizadesigns.com\/es\/lloguer-deco-mobles\/","name":"Alquiler deco decoraci\u00f3n boda, Alquiler deco muebles bodas","isPartOf":{"@id":"https:\/\/www.yaizadesigns.com\/#website"},"datePublished":"2024-08-23T09:58:46+00:00","dateModified":"2024-08-27T14:25:05+00:00","description":"YaizaDesigns \u00e9s un equip jove, experimentat i format, capa\u00e7 d\u2019adaptar-sea les diferents necessitats de les seves parelles","breadcrumb":{"@id":"https:\/\/www.yaizadesigns.com\/es\/lloguer-deco-mobles\/#breadcrumb"},"inLanguage":"es","potentialAction":[{"@type":"ReadAction","target":["https:\/\/www.yaizadesigns.com\/es\/lloguer-deco-mobles\/"]}]},{"@type":"BreadcrumbList","@id":"https:\/\/www.yaizadesigns.com\/es\/lloguer-deco-mobles\/#breadcrumb","itemListElement":[{"@type":"ListItem","position":1,"name":"Inici","item":"https:\/\/www.yaizadesigns.com\/es\/"},{"@type":"ListItem","position":2,"name":"Alquiler deco muebles"}]},{"@type":"WebSite","@id":"https:\/\/www.yaizadesigns.com\/#website","url":"https:\/\/www.yaizadesigns.com\/","name":"Yaiza Designs","description":"Yaiza Designs","publisher":{"@id":"https:\/\/www.yaizadesigns.com\/#organization"},"potentialAction":[{"@type":"SearchAction","target":{"@type":"EntryPoint","urlTemplate":"https:\/\/www.yaizadesigns.com\/?s={search_term_string}"},"query-input":"required name=search_term_string"}],"inLanguage":"es"},{"@type":"Organization","@id":"https:\/\/www.yaizadesigns.com\/#organization","name":"Yaiza Designs","url":"https:\/\/www.yaizadesigns.com\/","logo":{"@type":"ImageObject","inLanguage":"es","@id":"https:\/\/www.yaizadesigns.com\/#\/schema\/logo\/image\/","url":"https:\/\/www.yaizadesigns.com\/wp-content\/uploads\/2017\/02\/logotip_1.png","contentUrl":"https:\/\/www.yaizadesigns.com\/wp-content\/uploads\/2017\/02\/logotip_1.png","width":584,"height":551,"caption":"Yaiza Designs"},"image":{"@id":"https:\/\/www.yaizadesigns.com\/#\/schema\/logo\/image\/"},"sameAs":["https:\/\/www.instagram.com\/yaiza.designs\/"]}]}},"_links":{"self":[{"href":"https:\/\/www.yaizadesigns.com\/es\/wp-json\/wp\/v2\/pages\/7102"}],"collection":[{"href":"https:\/\/www.yaizadesigns.com\/es\/wp-json\/wp\/v2\/pages"}],"about":[{"href":"https:\/\/www.yaizadesigns.com\/es\/wp-json\/wp\/v2\/types\/page"}],"author":[{"embeddable":true,"href":"https:\/\/www.yaizadesigns.com\/es\/wp-json\/wp\/v2\/users\/1"}],"replies":[{"embeddable":true,"href":"https:\/\/www.yaizadesigns.com\/es\/wp-json\/wp\/v2\/comments?post=7102"}],"version-history":[{"count":3,"href":"https:\/\/www.yaizadesigns.com\/es\/wp-json\/wp\/v2\/pages\/7102\/revisions"}],"predecessor-version":[{"id":7124,"href":"https:\/\/www.yaizadesigns.com\/es\/wp-json\/wp\/v2\/pages\/7102\/revisions\/7124"}],"wp:attachment":[{"href":"https:\/\/www.yaizadesigns.com\/es\/wp-json\/wp\/v2\/media?parent=7102"}],"curies":[{"name":"wp","href":"https:\/\/api.w.org\/{rel}","templated":true}]}}