{"id":6743,"date":"2024-07-11T10:43:30","date_gmt":"2024-07-11T08:43:30","guid":{"rendered":"https:\/\/www.yaizadesigns.com\/producte\/rasca-i-guanya-4\/"},"modified":"2024-07-30T10:26:28","modified_gmt":"2024-07-30T08:26:28","slug":"rasca-i-guanya-4","status":"publish","type":"product","link":"https:\/\/www.yaizadesigns.com\/es\/producte\/rasca-i-guanya-4\/","title":{"rendered":"Rasca y gana 4"},"content":{"rendered":"<p>\u00bfQui\u00e9n tiene al novio? Un divertido juego para sorprender a tus invitados.<br \/>\nPersonalizamos el juego con la imagen del futuro novio.<br \/>\nIdeal para despedidas y bodas.<\/p>\n<p>\u00bfC\u00f3mo funciona?<br \/>\n\u00a1Muy simple! Una vez realices la compra recibir\u00e1s, en un plazo m\u00e1ximo de 3 d\u00edas laborables, un correo electr\u00f3nico con el documento PDF listo para ser impreso.<\/p>\n<p><strong>*Recuerda que est\u00e1s comprando un producto digital, no se enviar\u00e1n productos f\u00edsicos.<\/strong><\/p>\n","protected":false},"excerpt":{"rendered":"<p>\u00bfQui\u00e9n tiene al novio? Un divertido juego para sorprender a tus invitados.<br \/>\nPersonalizamos el juego con la imagen del futuro novio.<br \/>\nIdeal para despedidas y bodas.<\/p>\n<p>\u00bfC\u00f3mo funciona?<br \/>\n\u00a1Muy simple! Una vez realices la compra recibir\u00e1s, en un plazo m\u00e1ximo de 3 d\u00edas laborables, un correo electr\u00f3nico con el documento PDF listo para ser impreso.<\/p>\n<p><strong>*Recuerda que est\u00e1s comprando un producto digital, no se enviar\u00e1n productos f\u00edsicos.<\/strong><\/p>\n","protected":false},"featured_media":6505,"template":"","meta":[],"product_cat":[95,97],"product_tag":[],"class_list":{"0":"post-6743","1":"product","2":"type-product","3":"status-publish","4":"has-post-thumbnail","6":"product_cat-digital-es","7":"product_cat-rasca-y-gana","9":"first","10":"instock","11":"virtual","12":"taxable","13":"purchasable","14":"product-type-simple"},"yoast_head":"<!-- This site is optimized with the Yoast SEO plugin v23.3 - https:\/\/yoast.com\/wordpress\/plugins\/seo\/ -->\n<title>Rasca y gana 4 - Yaiza Designs<\/title>\n<meta name=\"robots\" content=\"index, follow, max-snippet:-1, max-image-preview:large, max-video-preview:-1\" \/>\n<link rel=\"canonical\" href=\"https:\/\/www.yaizadesigns.com\/es\/producte\/rasca-i-guanya-4\/\" \/>\n<meta property=\"og:locale\" content=\"es_ES\" \/>\n<meta property=\"og:type\" content=\"article\" \/>\n<meta property=\"og:title\" content=\"Rasca y gana 4 - Yaiza Designs\" \/>\n<meta property=\"og:description\" content=\"\u00bfQui\u00e9n tiene al novio? Un divertido juego para sorprender a tus invitados. Personalizamos el juego con la imagen del futuro novio. Ideal para despedidas y bodas.  \u00bfC\u00f3mo funciona? \u00a1Muy simple! Una vez realices la compra recibir\u00e1s, en un plazo m\u00e1ximo de 3 d\u00edas laborables, un correo electr\u00f3nico con el documento PDF listo para ser impreso.  *Recuerda que est\u00e1s comprando un producto digital, no se enviar\u00e1n productos f\u00edsicos.\" \/>\n<meta property=\"og:url\" content=\"https:\/\/www.yaizadesigns.com\/es\/producte\/rasca-i-guanya-4\/\" \/>\n<meta property=\"og:site_name\" content=\"Yaiza Designs\" \/>\n<meta property=\"article:modified_time\" content=\"2024-07-30T08:26:28+00:00\" \/>\n<meta property=\"og:image\" content=\"https:\/\/www.yaizadesigns.com\/wp-content\/uploads\/2024\/07\/10-1.jpg\" \/>\n\t<meta property=\"og:image:width\" content=\"1080\" \/>\n\t<meta property=\"og:image:height\" content=\"1080\" \/>\n\t<meta property=\"og:image:type\" content=\"image\/jpeg\" \/>\n<meta name=\"twitter:card\" content=\"summary_large_image\" \/>\n<script type=\"application\/ld+json\" class=\"yoast-schema-graph\">{\"@context\":\"https:\/\/schema.org\",\"@graph\":[{\"@type\":\"WebPage\",\"@id\":\"https:\/\/www.yaizadesigns.com\/es\/producte\/rasca-i-guanya-4\/\",\"url\":\"https:\/\/www.yaizadesigns.com\/es\/producte\/rasca-i-guanya-4\/\",\"name\":\"Rasca y gana 4 - Yaiza Designs\",\"isPartOf\":{\"@id\":\"https:\/\/www.yaizadesigns.com\/#website\"},\"primaryImageOfPage\":{\"@id\":\"https:\/\/www.yaizadesigns.com\/es\/producte\/rasca-i-guanya-4\/#primaryimage\"},\"image\":{\"@id\":\"https:\/\/www.yaizadesigns.com\/es\/producte\/rasca-i-guanya-4\/#primaryimage\"},\"thumbnailUrl\":\"https:\/\/www.yaizadesigns.com\/wp-content\/uploads\/2024\/07\/10-1.jpg\",\"datePublished\":\"2024-07-11T08:43:30+00:00\",\"dateModified\":\"2024-07-30T08:26:28+00:00\",\"breadcrumb\":{\"@id\":\"https:\/\/www.yaizadesigns.com\/es\/producte\/rasca-i-guanya-4\/#breadcrumb\"},\"inLanguage\":\"es\",\"potentialAction\":[{\"@type\":\"ReadAction\",\"target\":[\"https:\/\/www.yaizadesigns.com\/es\/producte\/rasca-i-guanya-4\/\"]}]},{\"@type\":\"ImageObject\",\"inLanguage\":\"es\",\"@id\":\"https:\/\/www.yaizadesigns.com\/es\/producte\/rasca-i-guanya-4\/#primaryimage\",\"url\":\"https:\/\/www.yaizadesigns.com\/wp-content\/uploads\/2024\/07\/10-1.jpg\",\"contentUrl\":\"https:\/\/www.yaizadesigns.com\/wp-content\/uploads\/2024\/07\/10-1.jpg\",\"width\":1080,\"height\":1080},{\"@type\":\"BreadcrumbList\",\"@id\":\"https:\/\/www.yaizadesigns.com\/es\/producte\/rasca-i-guanya-4\/#breadcrumb\",\"itemListElement\":[{\"@type\":\"ListItem\",\"position\":1,\"name\":\"Inici\",\"item\":\"https:\/\/www.yaizadesigns.com\/es\/\"},{\"@type\":\"ListItem\",\"position\":2,\"name\":\"Tienda\",\"item\":\"https:\/\/www.yaizadesigns.com\/es\/tienda\/\"},{\"@type\":\"ListItem\",\"position\":3,\"name\":\"Rasca y gana 4\"}]},{\"@type\":\"WebSite\",\"@id\":\"https:\/\/www.yaizadesigns.com\/#website\",\"url\":\"https:\/\/www.yaizadesigns.com\/\",\"name\":\"Yaiza Designs\",\"description\":\"Yaiza Designs\",\"publisher\":{\"@id\":\"https:\/\/www.yaizadesigns.com\/#organization\"},\"potentialAction\":[{\"@type\":\"SearchAction\",\"target\":{\"@type\":\"EntryPoint\",\"urlTemplate\":\"https:\/\/www.yaizadesigns.com\/?s={search_term_string}\"},\"query-input\":\"required name=search_term_string\"}],\"inLanguage\":\"es\"},{\"@type\":\"Organization\",\"@id\":\"https:\/\/www.yaizadesigns.com\/#organization\",\"name\":\"Yaiza Designs\",\"url\":\"https:\/\/www.yaizadesigns.com\/\",\"logo\":{\"@type\":\"ImageObject\",\"inLanguage\":\"es\",\"@id\":\"https:\/\/www.yaizadesigns.com\/#\/schema\/logo\/image\/\",\"url\":\"https:\/\/www.yaizadesigns.com\/wp-content\/uploads\/2017\/02\/logotip_1.png\",\"contentUrl\":\"https:\/\/www.yaizadesigns.com\/wp-content\/uploads\/2017\/02\/logotip_1.png\",\"width\":584,\"height\":551,\"caption\":\"Yaiza Designs\"},\"image\":{\"@id\":\"https:\/\/www.yaizadesigns.com\/#\/schema\/logo\/image\/\"},\"sameAs\":[\"https:\/\/www.instagram.com\/yaiza.designs\/\"]}]}<\/script>\n<!-- \/ Yoast SEO plugin. -->","yoast_head_json":{"title":"Rasca y gana 4 - Yaiza Designs","robots":{"index":"index","follow":"follow","max-snippet":"max-snippet:-1","max-image-preview":"max-image-preview:large","max-video-preview":"max-video-preview:-1"},"canonical":"https:\/\/www.yaizadesigns.com\/es\/producte\/rasca-i-guanya-4\/","og_locale":"es_ES","og_type":"article","og_title":"Rasca y gana 4 - Yaiza Designs","og_description":"\u00bfQui\u00e9n tiene al novio? Un divertido juego para sorprender a tus invitados. Personalizamos el juego con la imagen del futuro novio. Ideal para despedidas y bodas.  \u00bfC\u00f3mo funciona? \u00a1Muy simple! Una vez realices la compra recibir\u00e1s, en un plazo m\u00e1ximo de 3 d\u00edas laborables, un correo electr\u00f3nico con el documento PDF listo para ser impreso.  *Recuerda que est\u00e1s comprando un producto digital, no se enviar\u00e1n productos f\u00edsicos.","og_url":"https:\/\/www.yaizadesigns.com\/es\/producte\/rasca-i-guanya-4\/","og_site_name":"Yaiza Designs","article_modified_time":"2024-07-30T08:26:28+00:00","og_image":[{"width":1080,"height":1080,"url":"https:\/\/www.yaizadesigns.com\/wp-content\/uploads\/2024\/07\/10-1.jpg","type":"image\/jpeg"}],"twitter_card":"summary_large_image","schema":{"@context":"https:\/\/schema.org","@graph":[{"@type":"WebPage","@id":"https:\/\/www.yaizadesigns.com\/es\/producte\/rasca-i-guanya-4\/","url":"https:\/\/www.yaizadesigns.com\/es\/producte\/rasca-i-guanya-4\/","name":"Rasca y gana 4 - Yaiza Designs","isPartOf":{"@id":"https:\/\/www.yaizadesigns.com\/#website"},"primaryImageOfPage":{"@id":"https:\/\/www.yaizadesigns.com\/es\/producte\/rasca-i-guanya-4\/#primaryimage"},"image":{"@id":"https:\/\/www.yaizadesigns.com\/es\/producte\/rasca-i-guanya-4\/#primaryimage"},"thumbnailUrl":"https:\/\/www.yaizadesigns.com\/wp-content\/uploads\/2024\/07\/10-1.jpg","datePublished":"2024-07-11T08:43:30+00:00","dateModified":"2024-07-30T08:26:28+00:00","breadcrumb":{"@id":"https:\/\/www.yaizadesigns.com\/es\/producte\/rasca-i-guanya-4\/#breadcrumb"},"inLanguage":"es","potentialAction":[{"@type":"ReadAction","target":["https:\/\/www.yaizadesigns.com\/es\/producte\/rasca-i-guanya-4\/"]}]},{"@type":"ImageObject","inLanguage":"es","@id":"https:\/\/www.yaizadesigns.com\/es\/producte\/rasca-i-guanya-4\/#primaryimage","url":"https:\/\/www.yaizadesigns.com\/wp-content\/uploads\/2024\/07\/10-1.jpg","contentUrl":"https:\/\/www.yaizadesigns.com\/wp-content\/uploads\/2024\/07\/10-1.jpg","width":1080,"height":1080},{"@type":"BreadcrumbList","@id":"https:\/\/www.yaizadesigns.com\/es\/producte\/rasca-i-guanya-4\/#breadcrumb","itemListElement":[{"@type":"ListItem","position":1,"name":"Inici","item":"https:\/\/www.yaizadesigns.com\/es\/"},{"@type":"ListItem","position":2,"name":"Tienda","item":"https:\/\/www.yaizadesigns.com\/es\/tienda\/"},{"@type":"ListItem","position":3,"name":"Rasca y gana 4"}]},{"@type":"WebSite","@id":"https:\/\/www.yaizadesigns.com\/#website","url":"https:\/\/www.yaizadesigns.com\/","name":"Yaiza Designs","description":"Yaiza Designs","publisher":{"@id":"https:\/\/www.yaizadesigns.com\/#organization"},"potentialAction":[{"@type":"SearchAction","target":{"@type":"EntryPoint","urlTemplate":"https:\/\/www.yaizadesigns.com\/?s={search_term_string}"},"query-input":"required name=search_term_string"}],"inLanguage":"es"},{"@type":"Organization","@id":"https:\/\/www.yaizadesigns.com\/#organization","name":"Yaiza Designs","url":"https:\/\/www.yaizadesigns.com\/","logo":{"@type":"ImageObject","inLanguage":"es","@id":"https:\/\/www.yaizadesigns.com\/#\/schema\/logo\/image\/","url":"https:\/\/www.yaizadesigns.com\/wp-content\/uploads\/2017\/02\/logotip_1.png","contentUrl":"https:\/\/www.yaizadesigns.com\/wp-content\/uploads\/2017\/02\/logotip_1.png","width":584,"height":551,"caption":"Yaiza Designs"},"image":{"@id":"https:\/\/www.yaizadesigns.com\/#\/schema\/logo\/image\/"},"sameAs":["https:\/\/www.instagram.com\/yaiza.designs\/"]}]}},"_links":{"self":[{"href":"https:\/\/www.yaizadesigns.com\/es\/wp-json\/wp\/v2\/product\/6743"}],"collection":[{"href":"https:\/\/www.yaizadesigns.com\/es\/wp-json\/wp\/v2\/product"}],"about":[{"href":"https:\/\/www.yaizadesigns.com\/es\/wp-json\/wp\/v2\/types\/product"}],"wp:featuredmedia":[{"embeddable":true,"href":"https:\/\/www.yaizadesigns.com\/es\/wp-json\/wp\/v2\/media\/6505"}],"wp:attachment":[{"href":"https:\/\/www.yaizadesigns.com\/es\/wp-json\/wp\/v2\/media?parent=6743"}],"wp:term":[{"taxonomy":"product_cat","embeddable":true,"href":"https:\/\/www.yaizadesigns.com\/es\/wp-json\/wp\/v2\/product_cat?post=6743"},{"taxonomy":"product_tag","embeddable":true,"href":"https:\/\/www.yaizadesigns.com\/es\/wp-json\/wp\/v2\/product_tag?post=6743"}],"curies":[{"name":"wp","href":"https:\/\/api.w.org\/{rel}","templated":true}]}}