{"id":6906,"date":"2024-07-09T16:15:05","date_gmt":"2024-07-09T14:15:05","guid":{"rendered":"https:\/\/www.yaizadesigns.com\/producte\/cartelleria-2\/"},"modified":"2024-07-30T10:31:55","modified_gmt":"2024-07-30T08:31:55","slug":"cartelleria-2","status":"publish","type":"product","link":"https:\/\/www.yaizadesigns.com\/es\/producte\/cartelleria-2\/","title":{"rendered":"Carteler\u00eda 2"},"content":{"rendered":"<p>\u00a1La carteler\u00eda es la clave!<br \/>\nCon nuestra selecci\u00f3n de carteler\u00eda podr\u00e1s crear rincones especiales, hacer que tus invitados interact\u00faen con el espacio, e incluso puedes crear momentos inolvidables. Los detalles hacen la diferencia y estamos seguros de que tu d\u00eda ser\u00e1 \u00fanico. \u00a1La carteler\u00eda es la clave!<\/p>\n<p>Con nuestra selecci\u00f3n de carteler\u00eda podr\u00e1s crear rincones especiales, hacer que tus invitados interact\u00faen con el espacio, e incluso puedes crear momentos inolvidables. Los detalles hacen la diferencia y estamos seguros de que tu d\u00eda ser\u00e1 \u00fanico.<\/p>\n<p>Creados a partir de madera de pino maciza con sello PEFC, que certifica que la madera proviene de bosques gestionados de forma sostenible y respetuosa con el medio ambiente.<\/p>\n<p>Contamos con dos colores de madera, la natural y la te\u00f1ida con aceites vegetales naturales que la vuelven m\u00e1s oscura.<br \/>\n<strong><br \/>\nMedida 25cmx30cm por 18mm de espesor<\/strong><\/p>\n<p>\u00bfTienes tu propio dise\u00f1o? Contacta con nosotros y expl\u00edcanos qu\u00e9 llevas entre manos. Haremos lo posible por hacerlo realidad. Recuerda hacer tu pedido con tiempo, nuestros productos son creados manualmente uno por uno.<\/p>\n<p><em>*Al tratarse de materiales naturales, los colores de las maderas y las vetas pueden presentar variaciones en la imagen. Para cualquier duda contacte<br \/>\ncon nosotros.<\/em><\/p>\n","protected":false},"excerpt":{"rendered":"<p>\u00a1La carteler\u00eda es la clave!<br \/>\nCon nuestra selecci\u00f3n de carteler\u00eda podr\u00e1s crear rincones especiales, hacer que tus invitados interact\u00faen con el espacio, e incluso puedes crear momentos inolvidables. Los detalles hacen la diferencia y estamos seguros de que tu d\u00eda ser\u00e1 \u00fanico.<\/p>\n","protected":false},"featured_media":6485,"template":"","meta":[],"product_cat":[90],"product_tag":[],"class_list":{"0":"post-6906","1":"product","2":"type-product","3":"status-publish","4":"has-post-thumbnail","6":"product_cat-carteleria","8":"first","9":"instock","10":"taxable","11":"shipping-taxable","12":"product-type-variable","13":"has-default-attributes"},"yoast_head":"<!-- This site is optimized with the Yoast SEO plugin v23.3 - https:\/\/yoast.com\/wordpress\/plugins\/seo\/ -->\n<title>Carteler\u00eda 2 - Yaiza Designs<\/title>\n<meta name=\"robots\" content=\"index, follow, max-snippet:-1, max-image-preview:large, max-video-preview:-1\" \/>\n<link rel=\"canonical\" href=\"https:\/\/www.yaizadesigns.com\/es\/producte\/cartelleria-2\/\" \/>\n<meta property=\"og:locale\" content=\"es_ES\" \/>\n<meta property=\"og:type\" content=\"article\" \/>\n<meta property=\"og:title\" content=\"Carteler\u00eda 2 - Yaiza Designs\" \/>\n<meta property=\"og:description\" content=\"\u00a1La carteler\u00eda es la clave! Con nuestra selecci\u00f3n de carteler\u00eda podr\u00e1s crear rincones especiales, hacer que tus invitados interact\u00faen con el espacio, e incluso puedes crear momentos inolvidables. Los detalles hacen la diferencia y estamos seguros de que tu d\u00eda ser\u00e1 \u00fanico.\" \/>\n<meta property=\"og:url\" content=\"https:\/\/www.yaizadesigns.com\/es\/producte\/cartelleria-2\/\" \/>\n<meta property=\"og:site_name\" content=\"Yaiza Designs\" \/>\n<meta property=\"article:modified_time\" content=\"2024-07-30T08:31:55+00:00\" \/>\n<meta property=\"og:image\" content=\"https:\/\/www.yaizadesigns.com\/wp-content\/uploads\/2024\/07\/7.jpg\" \/>\n\t<meta property=\"og:image:width\" content=\"1080\" \/>\n\t<meta property=\"og:image:height\" content=\"1080\" \/>\n\t<meta property=\"og:image:type\" content=\"image\/jpeg\" \/>\n<meta name=\"twitter:card\" content=\"summary_large_image\" \/>\n<meta name=\"twitter:label1\" content=\"Tiempo de lectura\" \/>\n\t<meta name=\"twitter:data1\" content=\"1 minuto\" \/>\n<script type=\"application\/ld+json\" class=\"yoast-schema-graph\">{\"@context\":\"https:\/\/schema.org\",\"@graph\":[{\"@type\":\"WebPage\",\"@id\":\"https:\/\/www.yaizadesigns.com\/es\/producte\/cartelleria-2\/\",\"url\":\"https:\/\/www.yaizadesigns.com\/es\/producte\/cartelleria-2\/\",\"name\":\"Carteler\u00eda 2 - Yaiza Designs\",\"isPartOf\":{\"@id\":\"https:\/\/www.yaizadesigns.com\/#website\"},\"primaryImageOfPage\":{\"@id\":\"https:\/\/www.yaizadesigns.com\/es\/producte\/cartelleria-2\/#primaryimage\"},\"image\":{\"@id\":\"https:\/\/www.yaizadesigns.com\/es\/producte\/cartelleria-2\/#primaryimage\"},\"thumbnailUrl\":\"https:\/\/www.yaizadesigns.com\/wp-content\/uploads\/2024\/07\/7.jpg\",\"datePublished\":\"2024-07-09T14:15:05+00:00\",\"dateModified\":\"2024-07-30T08:31:55+00:00\",\"breadcrumb\":{\"@id\":\"https:\/\/www.yaizadesigns.com\/es\/producte\/cartelleria-2\/#breadcrumb\"},\"inLanguage\":\"es\",\"potentialAction\":[{\"@type\":\"ReadAction\",\"target\":[\"https:\/\/www.yaizadesigns.com\/es\/producte\/cartelleria-2\/\"]}]},{\"@type\":\"ImageObject\",\"inLanguage\":\"es\",\"@id\":\"https:\/\/www.yaizadesigns.com\/es\/producte\/cartelleria-2\/#primaryimage\",\"url\":\"https:\/\/www.yaizadesigns.com\/wp-content\/uploads\/2024\/07\/7.jpg\",\"contentUrl\":\"https:\/\/www.yaizadesigns.com\/wp-content\/uploads\/2024\/07\/7.jpg\",\"width\":1080,\"height\":1080},{\"@type\":\"BreadcrumbList\",\"@id\":\"https:\/\/www.yaizadesigns.com\/es\/producte\/cartelleria-2\/#breadcrumb\",\"itemListElement\":[{\"@type\":\"ListItem\",\"position\":1,\"name\":\"Inici\",\"item\":\"https:\/\/www.yaizadesigns.com\/es\/\"},{\"@type\":\"ListItem\",\"position\":2,\"name\":\"Tienda\",\"item\":\"https:\/\/www.yaizadesigns.com\/es\/tienda\/\"},{\"@type\":\"ListItem\",\"position\":3,\"name\":\"Carteler\u00eda 2\"}]},{\"@type\":\"WebSite\",\"@id\":\"https:\/\/www.yaizadesigns.com\/#website\",\"url\":\"https:\/\/www.yaizadesigns.com\/\",\"name\":\"Yaiza Designs\",\"description\":\"Yaiza Designs\",\"publisher\":{\"@id\":\"https:\/\/www.yaizadesigns.com\/#organization\"},\"potentialAction\":[{\"@type\":\"SearchAction\",\"target\":{\"@type\":\"EntryPoint\",\"urlTemplate\":\"https:\/\/www.yaizadesigns.com\/?s={search_term_string}\"},\"query-input\":\"required name=search_term_string\"}],\"inLanguage\":\"es\"},{\"@type\":\"Organization\",\"@id\":\"https:\/\/www.yaizadesigns.com\/#organization\",\"name\":\"Yaiza Designs\",\"url\":\"https:\/\/www.yaizadesigns.com\/\",\"logo\":{\"@type\":\"ImageObject\",\"inLanguage\":\"es\",\"@id\":\"https:\/\/www.yaizadesigns.com\/#\/schema\/logo\/image\/\",\"url\":\"https:\/\/www.yaizadesigns.com\/wp-content\/uploads\/2017\/02\/logotip_1.png\",\"contentUrl\":\"https:\/\/www.yaizadesigns.com\/wp-content\/uploads\/2017\/02\/logotip_1.png\",\"width\":584,\"height\":551,\"caption\":\"Yaiza Designs\"},\"image\":{\"@id\":\"https:\/\/www.yaizadesigns.com\/#\/schema\/logo\/image\/\"},\"sameAs\":[\"https:\/\/www.instagram.com\/yaiza.designs\/\"]}]}<\/script>\n<!-- \/ Yoast SEO plugin. -->","yoast_head_json":{"title":"Carteler\u00eda 2 - Yaiza Designs","robots":{"index":"index","follow":"follow","max-snippet":"max-snippet:-1","max-image-preview":"max-image-preview:large","max-video-preview":"max-video-preview:-1"},"canonical":"https:\/\/www.yaizadesigns.com\/es\/producte\/cartelleria-2\/","og_locale":"es_ES","og_type":"article","og_title":"Carteler\u00eda 2 - Yaiza Designs","og_description":"\u00a1La carteler\u00eda es la clave! Con nuestra selecci\u00f3n de carteler\u00eda podr\u00e1s crear rincones especiales, hacer que tus invitados interact\u00faen con el espacio, e incluso puedes crear momentos inolvidables. Los detalles hacen la diferencia y estamos seguros de que tu d\u00eda ser\u00e1 \u00fanico.","og_url":"https:\/\/www.yaizadesigns.com\/es\/producte\/cartelleria-2\/","og_site_name":"Yaiza Designs","article_modified_time":"2024-07-30T08:31:55+00:00","og_image":[{"width":1080,"height":1080,"url":"https:\/\/www.yaizadesigns.com\/wp-content\/uploads\/2024\/07\/7.jpg","type":"image\/jpeg"}],"twitter_card":"summary_large_image","twitter_misc":{"Tiempo de lectura":"1 minuto"},"schema":{"@context":"https:\/\/schema.org","@graph":[{"@type":"WebPage","@id":"https:\/\/www.yaizadesigns.com\/es\/producte\/cartelleria-2\/","url":"https:\/\/www.yaizadesigns.com\/es\/producte\/cartelleria-2\/","name":"Carteler\u00eda 2 - Yaiza Designs","isPartOf":{"@id":"https:\/\/www.yaizadesigns.com\/#website"},"primaryImageOfPage":{"@id":"https:\/\/www.yaizadesigns.com\/es\/producte\/cartelleria-2\/#primaryimage"},"image":{"@id":"https:\/\/www.yaizadesigns.com\/es\/producte\/cartelleria-2\/#primaryimage"},"thumbnailUrl":"https:\/\/www.yaizadesigns.com\/wp-content\/uploads\/2024\/07\/7.jpg","datePublished":"2024-07-09T14:15:05+00:00","dateModified":"2024-07-30T08:31:55+00:00","breadcrumb":{"@id":"https:\/\/www.yaizadesigns.com\/es\/producte\/cartelleria-2\/#breadcrumb"},"inLanguage":"es","potentialAction":[{"@type":"ReadAction","target":["https:\/\/www.yaizadesigns.com\/es\/producte\/cartelleria-2\/"]}]},{"@type":"ImageObject","inLanguage":"es","@id":"https:\/\/www.yaizadesigns.com\/es\/producte\/cartelleria-2\/#primaryimage","url":"https:\/\/www.yaizadesigns.com\/wp-content\/uploads\/2024\/07\/7.jpg","contentUrl":"https:\/\/www.yaizadesigns.com\/wp-content\/uploads\/2024\/07\/7.jpg","width":1080,"height":1080},{"@type":"BreadcrumbList","@id":"https:\/\/www.yaizadesigns.com\/es\/producte\/cartelleria-2\/#breadcrumb","itemListElement":[{"@type":"ListItem","position":1,"name":"Inici","item":"https:\/\/www.yaizadesigns.com\/es\/"},{"@type":"ListItem","position":2,"name":"Tienda","item":"https:\/\/www.yaizadesigns.com\/es\/tienda\/"},{"@type":"ListItem","position":3,"name":"Carteler\u00eda 2"}]},{"@type":"WebSite","@id":"https:\/\/www.yaizadesigns.com\/#website","url":"https:\/\/www.yaizadesigns.com\/","name":"Yaiza Designs","description":"Yaiza Designs","publisher":{"@id":"https:\/\/www.yaizadesigns.com\/#organization"},"potentialAction":[{"@type":"SearchAction","target":{"@type":"EntryPoint","urlTemplate":"https:\/\/www.yaizadesigns.com\/?s={search_term_string}"},"query-input":"required name=search_term_string"}],"inLanguage":"es"},{"@type":"Organization","@id":"https:\/\/www.yaizadesigns.com\/#organization","name":"Yaiza Designs","url":"https:\/\/www.yaizadesigns.com\/","logo":{"@type":"ImageObject","inLanguage":"es","@id":"https:\/\/www.yaizadesigns.com\/#\/schema\/logo\/image\/","url":"https:\/\/www.yaizadesigns.com\/wp-content\/uploads\/2017\/02\/logotip_1.png","contentUrl":"https:\/\/www.yaizadesigns.com\/wp-content\/uploads\/2017\/02\/logotip_1.png","width":584,"height":551,"caption":"Yaiza Designs"},"image":{"@id":"https:\/\/www.yaizadesigns.com\/#\/schema\/logo\/image\/"},"sameAs":["https:\/\/www.instagram.com\/yaiza.designs\/"]}]}},"_links":{"self":[{"href":"https:\/\/www.yaizadesigns.com\/es\/wp-json\/wp\/v2\/product\/6906"}],"collection":[{"href":"https:\/\/www.yaizadesigns.com\/es\/wp-json\/wp\/v2\/product"}],"about":[{"href":"https:\/\/www.yaizadesigns.com\/es\/wp-json\/wp\/v2\/types\/product"}],"wp:featuredmedia":[{"embeddable":true,"href":"https:\/\/www.yaizadesigns.com\/es\/wp-json\/wp\/v2\/media\/6485"}],"wp:attachment":[{"href":"https:\/\/www.yaizadesigns.com\/es\/wp-json\/wp\/v2\/media?parent=6906"}],"wp:term":[{"taxonomy":"product_cat","embeddable":true,"href":"https:\/\/www.yaizadesigns.com\/es\/wp-json\/wp\/v2\/product_cat?post=6906"},{"taxonomy":"product_tag","embeddable":true,"href":"https:\/\/www.yaizadesigns.com\/es\/wp-json\/wp\/v2\/product_tag?post=6906"}],"curies":[{"name":"wp","href":"https:\/\/api.w.org\/{rel}","templated":true}]}}