{"id":6922,"date":"2024-07-09T16:26:05","date_gmt":"2024-07-09T14:26:05","guid":{"rendered":"https:\/\/www.yaizadesigns.com\/producte\/tote-bag-5\/"},"modified":"2024-07-30T10:39:52","modified_gmt":"2024-07-30T08:39:52","slug":"tote-bag-5","status":"publish","type":"product","link":"https:\/\/www.yaizadesigns.com\/es\/producte\/tote-bag-5\/","title":{"rendered":"Tote bag 5"},"content":{"rendered":"<p>\u00bfTe casas y no sabes c\u00f3mo sorprender a tus invitados? \u00bfTienes un cumplea\u00f1os y quieres regalar algo diferente? Sea cual sea el motivo por el que est\u00e1s aqu\u00ed, estamos seguros de que con estas Tote Bags personalizables seran ideales para la ocasi\u00f3n. Elige lo que m\u00e1s te guste entre todos los modelos disponibles, muchos de ellos personalizables. Si ya tienes un dise\u00f1o pensado y lo quieres hacer realidad, \u00a1ponte en contacto con nosotros y cu\u00e9ntanos qu\u00e9 llevas entre manos! Haremos lo posible por hacerlo realidad.<\/p>\n<p>Bolsas 100% de algod\u00f3n con un acabado de color natural. Con unas asas largas de 70cm y acabado cosido.<br \/>\nResisten hasta 7Kg de peso, 100% algod\u00f3n y 105 g\/m2.<br \/>\nRecuerda hacer tu pedido con tiempo, nuestros productos son creados manualmente uno por uno.<\/p>\n","protected":false},"excerpt":{"rendered":"<p>Bolsas 100% de algod\u00f3n con un acabado de color natural. Con unas asas largas de 70cm y acabado cosido.<br \/>\nResisten hasta 7Kg de peso, 100% algod\u00f3n y 105 g\/m2.<br \/>\nRecuerda hacer tu pedido con tiempo, nuestros productos son creados manualmente uno por uno.<\/p>\n","protected":false},"featured_media":6478,"template":"","meta":[],"product_cat":[99],"product_tag":[],"class_list":{"0":"post-6922","1":"product","2":"type-product","3":"status-publish","4":"has-post-thumbnail","6":"product_cat-totebags-es","8":"first","9":"instock","10":"taxable","11":"shipping-taxable","12":"purchasable","13":"product-type-simple"},"yoast_head":"<!-- This site is optimized with the Yoast SEO plugin v23.3 - https:\/\/yoast.com\/wordpress\/plugins\/seo\/ -->\n<title>Tote bag 5 - Yaiza Designs<\/title>\n<meta name=\"robots\" content=\"index, follow, max-snippet:-1, max-image-preview:large, max-video-preview:-1\" \/>\n<link rel=\"canonical\" href=\"https:\/\/www.yaizadesigns.com\/es\/producte\/tote-bag-5\/\" \/>\n<meta property=\"og:locale\" content=\"es_ES\" \/>\n<meta property=\"og:type\" content=\"article\" \/>\n<meta property=\"og:title\" content=\"Tote bag 5 - Yaiza Designs\" \/>\n<meta property=\"og:description\" content=\"Bolsas 100% de algod\u00f3n con un acabado de color natural. Con unas asas largas de 70cm y acabado cosido. Resisten hasta 7Kg de peso, 100% algod\u00f3n y 105 g\/m2. Recuerda hacer tu pedido con tiempo, nuestros productos son creados manualmente uno por uno.\" \/>\n<meta property=\"og:url\" content=\"https:\/\/www.yaizadesigns.com\/es\/producte\/tote-bag-5\/\" \/>\n<meta property=\"og:site_name\" content=\"Yaiza Designs\" \/>\n<meta property=\"article:modified_time\" content=\"2024-07-30T08:39:52+00:00\" \/>\n<meta property=\"og:image\" content=\"https:\/\/www.yaizadesigns.com\/wp-content\/uploads\/2024\/07\/29.jpg\" \/>\n\t<meta property=\"og:image:width\" content=\"1080\" \/>\n\t<meta property=\"og:image:height\" content=\"1080\" \/>\n\t<meta property=\"og:image:type\" content=\"image\/jpeg\" \/>\n<meta name=\"twitter:card\" content=\"summary_large_image\" \/>\n<meta name=\"twitter:label1\" content=\"Tiempo de lectura\" \/>\n\t<meta name=\"twitter:data1\" content=\"1 minuto\" \/>\n<script type=\"application\/ld+json\" class=\"yoast-schema-graph\">{\"@context\":\"https:\/\/schema.org\",\"@graph\":[{\"@type\":\"WebPage\",\"@id\":\"https:\/\/www.yaizadesigns.com\/es\/producte\/tote-bag-5\/\",\"url\":\"https:\/\/www.yaizadesigns.com\/es\/producte\/tote-bag-5\/\",\"name\":\"Tote bag 5 - Yaiza Designs\",\"isPartOf\":{\"@id\":\"https:\/\/www.yaizadesigns.com\/#website\"},\"primaryImageOfPage\":{\"@id\":\"https:\/\/www.yaizadesigns.com\/es\/producte\/tote-bag-5\/#primaryimage\"},\"image\":{\"@id\":\"https:\/\/www.yaizadesigns.com\/es\/producte\/tote-bag-5\/#primaryimage\"},\"thumbnailUrl\":\"https:\/\/www.yaizadesigns.com\/wp-content\/uploads\/2024\/07\/29.jpg\",\"datePublished\":\"2024-07-09T14:26:05+00:00\",\"dateModified\":\"2024-07-30T08:39:52+00:00\",\"breadcrumb\":{\"@id\":\"https:\/\/www.yaizadesigns.com\/es\/producte\/tote-bag-5\/#breadcrumb\"},\"inLanguage\":\"es\",\"potentialAction\":[{\"@type\":\"ReadAction\",\"target\":[\"https:\/\/www.yaizadesigns.com\/es\/producte\/tote-bag-5\/\"]}]},{\"@type\":\"ImageObject\",\"inLanguage\":\"es\",\"@id\":\"https:\/\/www.yaizadesigns.com\/es\/producte\/tote-bag-5\/#primaryimage\",\"url\":\"https:\/\/www.yaizadesigns.com\/wp-content\/uploads\/2024\/07\/29.jpg\",\"contentUrl\":\"https:\/\/www.yaizadesigns.com\/wp-content\/uploads\/2024\/07\/29.jpg\",\"width\":1080,\"height\":1080},{\"@type\":\"BreadcrumbList\",\"@id\":\"https:\/\/www.yaizadesigns.com\/es\/producte\/tote-bag-5\/#breadcrumb\",\"itemListElement\":[{\"@type\":\"ListItem\",\"position\":1,\"name\":\"Inici\",\"item\":\"https:\/\/www.yaizadesigns.com\/es\/\"},{\"@type\":\"ListItem\",\"position\":2,\"name\":\"Tienda\",\"item\":\"https:\/\/www.yaizadesigns.com\/es\/tienda\/\"},{\"@type\":\"ListItem\",\"position\":3,\"name\":\"Tote bag 5\"}]},{\"@type\":\"WebSite\",\"@id\":\"https:\/\/www.yaizadesigns.com\/#website\",\"url\":\"https:\/\/www.yaizadesigns.com\/\",\"name\":\"Yaiza Designs\",\"description\":\"Yaiza Designs\",\"publisher\":{\"@id\":\"https:\/\/www.yaizadesigns.com\/#organization\"},\"potentialAction\":[{\"@type\":\"SearchAction\",\"target\":{\"@type\":\"EntryPoint\",\"urlTemplate\":\"https:\/\/www.yaizadesigns.com\/?s={search_term_string}\"},\"query-input\":\"required name=search_term_string\"}],\"inLanguage\":\"es\"},{\"@type\":\"Organization\",\"@id\":\"https:\/\/www.yaizadesigns.com\/#organization\",\"name\":\"Yaiza Designs\",\"url\":\"https:\/\/www.yaizadesigns.com\/\",\"logo\":{\"@type\":\"ImageObject\",\"inLanguage\":\"es\",\"@id\":\"https:\/\/www.yaizadesigns.com\/#\/schema\/logo\/image\/\",\"url\":\"https:\/\/www.yaizadesigns.com\/wp-content\/uploads\/2017\/02\/logotip_1.png\",\"contentUrl\":\"https:\/\/www.yaizadesigns.com\/wp-content\/uploads\/2017\/02\/logotip_1.png\",\"width\":584,\"height\":551,\"caption\":\"Yaiza Designs\"},\"image\":{\"@id\":\"https:\/\/www.yaizadesigns.com\/#\/schema\/logo\/image\/\"},\"sameAs\":[\"https:\/\/www.instagram.com\/yaiza.designs\/\"]}]}<\/script>\n<!-- \/ Yoast SEO plugin. -->","yoast_head_json":{"title":"Tote bag 5 - Yaiza Designs","robots":{"index":"index","follow":"follow","max-snippet":"max-snippet:-1","max-image-preview":"max-image-preview:large","max-video-preview":"max-video-preview:-1"},"canonical":"https:\/\/www.yaizadesigns.com\/es\/producte\/tote-bag-5\/","og_locale":"es_ES","og_type":"article","og_title":"Tote bag 5 - Yaiza Designs","og_description":"Bolsas 100% de algod\u00f3n con un acabado de color natural. Con unas asas largas de 70cm y acabado cosido. Resisten hasta 7Kg de peso, 100% algod\u00f3n y 105 g\/m2. Recuerda hacer tu pedido con tiempo, nuestros productos son creados manualmente uno por uno.","og_url":"https:\/\/www.yaizadesigns.com\/es\/producte\/tote-bag-5\/","og_site_name":"Yaiza Designs","article_modified_time":"2024-07-30T08:39:52+00:00","og_image":[{"width":1080,"height":1080,"url":"https:\/\/www.yaizadesigns.com\/wp-content\/uploads\/2024\/07\/29.jpg","type":"image\/jpeg"}],"twitter_card":"summary_large_image","twitter_misc":{"Tiempo de lectura":"1 minuto"},"schema":{"@context":"https:\/\/schema.org","@graph":[{"@type":"WebPage","@id":"https:\/\/www.yaizadesigns.com\/es\/producte\/tote-bag-5\/","url":"https:\/\/www.yaizadesigns.com\/es\/producte\/tote-bag-5\/","name":"Tote bag 5 - Yaiza Designs","isPartOf":{"@id":"https:\/\/www.yaizadesigns.com\/#website"},"primaryImageOfPage":{"@id":"https:\/\/www.yaizadesigns.com\/es\/producte\/tote-bag-5\/#primaryimage"},"image":{"@id":"https:\/\/www.yaizadesigns.com\/es\/producte\/tote-bag-5\/#primaryimage"},"thumbnailUrl":"https:\/\/www.yaizadesigns.com\/wp-content\/uploads\/2024\/07\/29.jpg","datePublished":"2024-07-09T14:26:05+00:00","dateModified":"2024-07-30T08:39:52+00:00","breadcrumb":{"@id":"https:\/\/www.yaizadesigns.com\/es\/producte\/tote-bag-5\/#breadcrumb"},"inLanguage":"es","potentialAction":[{"@type":"ReadAction","target":["https:\/\/www.yaizadesigns.com\/es\/producte\/tote-bag-5\/"]}]},{"@type":"ImageObject","inLanguage":"es","@id":"https:\/\/www.yaizadesigns.com\/es\/producte\/tote-bag-5\/#primaryimage","url":"https:\/\/www.yaizadesigns.com\/wp-content\/uploads\/2024\/07\/29.jpg","contentUrl":"https:\/\/www.yaizadesigns.com\/wp-content\/uploads\/2024\/07\/29.jpg","width":1080,"height":1080},{"@type":"BreadcrumbList","@id":"https:\/\/www.yaizadesigns.com\/es\/producte\/tote-bag-5\/#breadcrumb","itemListElement":[{"@type":"ListItem","position":1,"name":"Inici","item":"https:\/\/www.yaizadesigns.com\/es\/"},{"@type":"ListItem","position":2,"name":"Tienda","item":"https:\/\/www.yaizadesigns.com\/es\/tienda\/"},{"@type":"ListItem","position":3,"name":"Tote bag 5"}]},{"@type":"WebSite","@id":"https:\/\/www.yaizadesigns.com\/#website","url":"https:\/\/www.yaizadesigns.com\/","name":"Yaiza Designs","description":"Yaiza Designs","publisher":{"@id":"https:\/\/www.yaizadesigns.com\/#organization"},"potentialAction":[{"@type":"SearchAction","target":{"@type":"EntryPoint","urlTemplate":"https:\/\/www.yaizadesigns.com\/?s={search_term_string}"},"query-input":"required name=search_term_string"}],"inLanguage":"es"},{"@type":"Organization","@id":"https:\/\/www.yaizadesigns.com\/#organization","name":"Yaiza Designs","url":"https:\/\/www.yaizadesigns.com\/","logo":{"@type":"ImageObject","inLanguage":"es","@id":"https:\/\/www.yaizadesigns.com\/#\/schema\/logo\/image\/","url":"https:\/\/www.yaizadesigns.com\/wp-content\/uploads\/2017\/02\/logotip_1.png","contentUrl":"https:\/\/www.yaizadesigns.com\/wp-content\/uploads\/2017\/02\/logotip_1.png","width":584,"height":551,"caption":"Yaiza Designs"},"image":{"@id":"https:\/\/www.yaizadesigns.com\/#\/schema\/logo\/image\/"},"sameAs":["https:\/\/www.instagram.com\/yaiza.designs\/"]}]}},"_links":{"self":[{"href":"https:\/\/www.yaizadesigns.com\/es\/wp-json\/wp\/v2\/product\/6922"}],"collection":[{"href":"https:\/\/www.yaizadesigns.com\/es\/wp-json\/wp\/v2\/product"}],"about":[{"href":"https:\/\/www.yaizadesigns.com\/es\/wp-json\/wp\/v2\/types\/product"}],"wp:featuredmedia":[{"embeddable":true,"href":"https:\/\/www.yaizadesigns.com\/es\/wp-json\/wp\/v2\/media\/6478"}],"wp:attachment":[{"href":"https:\/\/www.yaizadesigns.com\/es\/wp-json\/wp\/v2\/media?parent=6922"}],"wp:term":[{"taxonomy":"product_cat","embeddable":true,"href":"https:\/\/www.yaizadesigns.com\/es\/wp-json\/wp\/v2\/product_cat?post=6922"},{"taxonomy":"product_tag","embeddable":true,"href":"https:\/\/www.yaizadesigns.com\/es\/wp-json\/wp\/v2\/product_tag?post=6922"}],"curies":[{"name":"wp","href":"https:\/\/api.w.org\/{rel}","templated":true}]}}