{"id":7255,"date":"2024-12-22T18:36:09","date_gmt":"2024-12-22T17:36:09","guid":{"rendered":"https:\/\/www.yaizadesigns.com\/?post_type=product&#038;p=7255"},"modified":"2024-12-22T18:47:00","modified_gmt":"2024-12-22T17:47:00","slug":"marc-de-fusta-mare","status":"publish","type":"product","link":"https:\/\/www.yaizadesigns.com\/es\/producte\/marc-de-fusta-mare\/","title":{"rendered":"Marco de madera mama"},"content":{"rendered":"","protected":false},"excerpt":{"rendered":"<p>Cada marco fotogr\u00e1fico est\u00e1 hecho a mano, con amor y dedicaci\u00f3n, garantizando un toque \u00fanico que har\u00e1 que tu fotograf\u00eda brille a\u00fan m\u00e1s.<\/p>\n<p>Simplemente inserta una foto de tama\u00f1o est\u00e1ndar y tendr\u00e1s un regalo listo para sorprender a esa persona especial. Perfecto para cualquier ocasi\u00f3n, este marco no s\u00f3lo enmarca im\u00e1genes, sino tambi\u00e9n los momentos y las emociones que guardamos como tesoros.<\/p>\n","protected":false},"featured_media":7263,"template":"","meta":[],"product_cat":[90],"product_tag":[],"class_list":{"0":"post-7255","1":"product","2":"type-product","3":"status-publish","4":"has-post-thumbnail","6":"product_cat-carteleria","8":"first","9":"instock","10":"taxable","11":"shipping-taxable","12":"purchasable","13":"product-type-simple"},"yoast_head":"<!-- This site is optimized with the Yoast SEO plugin v23.3 - https:\/\/yoast.com\/wordpress\/plugins\/seo\/ -->\n<title>Marco de madera mama - Yaiza Designs<\/title>\n<meta name=\"robots\" content=\"index, follow, max-snippet:-1, max-image-preview:large, max-video-preview:-1\" \/>\n<link rel=\"canonical\" href=\"https:\/\/www.yaizadesigns.com\/es\/producte\/marc-de-fusta-mare\/\" \/>\n<meta property=\"og:locale\" content=\"es_ES\" \/>\n<meta property=\"og:type\" content=\"article\" \/>\n<meta property=\"og:title\" content=\"Marco de madera mama - Yaiza Designs\" \/>\n<meta property=\"og:description\" content=\"Cada marco fotogr\u00e1fico est\u00e1 hecho a mano, con amor y dedicaci\u00f3n, garantizando un toque \u00fanico que har\u00e1 que tu fotograf\u00eda brille a\u00fan m\u00e1s.  Simplemente inserta una foto de tama\u00f1o est\u00e1ndar y tendr\u00e1s un regalo listo para sorprender a esa persona especial. Perfecto para cualquier ocasi\u00f3n, este marco no s\u00f3lo enmarca im\u00e1genes, sino tambi\u00e9n los momentos y las emociones que guardamos como tesoros.\" \/>\n<meta property=\"og:url\" content=\"https:\/\/www.yaizadesigns.com\/es\/producte\/marc-de-fusta-mare\/\" \/>\n<meta property=\"og:site_name\" content=\"Yaiza Designs\" \/>\n<meta property=\"article:modified_time\" content=\"2024-12-22T17:47:00+00:00\" \/>\n<meta property=\"og:image\" content=\"https:\/\/www.yaizadesigns.com\/wp-content\/uploads\/2024\/12\/2.png\" \/>\n\t<meta property=\"og:image:width\" content=\"1080\" \/>\n\t<meta property=\"og:image:height\" content=\"1080\" \/>\n\t<meta property=\"og:image:type\" content=\"image\/png\" \/>\n<meta name=\"twitter:card\" content=\"summary_large_image\" \/>\n<meta name=\"twitter:label1\" content=\"Tiempo de lectura\" \/>\n\t<meta name=\"twitter:data1\" content=\"1 minuto\" \/>\n<script type=\"application\/ld+json\" class=\"yoast-schema-graph\">{\"@context\":\"https:\/\/schema.org\",\"@graph\":[{\"@type\":\"WebPage\",\"@id\":\"https:\/\/www.yaizadesigns.com\/es\/producte\/marc-de-fusta-mare\/\",\"url\":\"https:\/\/www.yaizadesigns.com\/es\/producte\/marc-de-fusta-mare\/\",\"name\":\"Marco de madera mama - Yaiza Designs\",\"isPartOf\":{\"@id\":\"https:\/\/www.yaizadesigns.com\/#website\"},\"primaryImageOfPage\":{\"@id\":\"https:\/\/www.yaizadesigns.com\/es\/producte\/marc-de-fusta-mare\/#primaryimage\"},\"image\":{\"@id\":\"https:\/\/www.yaizadesigns.com\/es\/producte\/marc-de-fusta-mare\/#primaryimage\"},\"thumbnailUrl\":\"https:\/\/www.yaizadesigns.com\/wp-content\/uploads\/2024\/12\/2.png\",\"datePublished\":\"2024-12-22T17:36:09+00:00\",\"dateModified\":\"2024-12-22T17:47:00+00:00\",\"breadcrumb\":{\"@id\":\"https:\/\/www.yaizadesigns.com\/es\/producte\/marc-de-fusta-mare\/#breadcrumb\"},\"inLanguage\":\"es\",\"potentialAction\":[{\"@type\":\"ReadAction\",\"target\":[\"https:\/\/www.yaizadesigns.com\/es\/producte\/marc-de-fusta-mare\/\"]}]},{\"@type\":\"ImageObject\",\"inLanguage\":\"es\",\"@id\":\"https:\/\/www.yaizadesigns.com\/es\/producte\/marc-de-fusta-mare\/#primaryimage\",\"url\":\"https:\/\/www.yaizadesigns.com\/wp-content\/uploads\/2024\/12\/2.png\",\"contentUrl\":\"https:\/\/www.yaizadesigns.com\/wp-content\/uploads\/2024\/12\/2.png\",\"width\":1080,\"height\":1080},{\"@type\":\"BreadcrumbList\",\"@id\":\"https:\/\/www.yaizadesigns.com\/es\/producte\/marc-de-fusta-mare\/#breadcrumb\",\"itemListElement\":[{\"@type\":\"ListItem\",\"position\":1,\"name\":\"Inici\",\"item\":\"https:\/\/www.yaizadesigns.com\/es\/\"},{\"@type\":\"ListItem\",\"position\":2,\"name\":\"Tienda\",\"item\":\"https:\/\/www.yaizadesigns.com\/es\/tienda\/\"},{\"@type\":\"ListItem\",\"position\":3,\"name\":\"Marco de madera mama\"}]},{\"@type\":\"WebSite\",\"@id\":\"https:\/\/www.yaizadesigns.com\/#website\",\"url\":\"https:\/\/www.yaizadesigns.com\/\",\"name\":\"Yaiza Designs\",\"description\":\"Yaiza Designs\",\"publisher\":{\"@id\":\"https:\/\/www.yaizadesigns.com\/#organization\"},\"potentialAction\":[{\"@type\":\"SearchAction\",\"target\":{\"@type\":\"EntryPoint\",\"urlTemplate\":\"https:\/\/www.yaizadesigns.com\/?s={search_term_string}\"},\"query-input\":\"required name=search_term_string\"}],\"inLanguage\":\"es\"},{\"@type\":\"Organization\",\"@id\":\"https:\/\/www.yaizadesigns.com\/#organization\",\"name\":\"Yaiza Designs\",\"url\":\"https:\/\/www.yaizadesigns.com\/\",\"logo\":{\"@type\":\"ImageObject\",\"inLanguage\":\"es\",\"@id\":\"https:\/\/www.yaizadesigns.com\/#\/schema\/logo\/image\/\",\"url\":\"https:\/\/www.yaizadesigns.com\/wp-content\/uploads\/2017\/02\/logotip_1.png\",\"contentUrl\":\"https:\/\/www.yaizadesigns.com\/wp-content\/uploads\/2017\/02\/logotip_1.png\",\"width\":584,\"height\":551,\"caption\":\"Yaiza Designs\"},\"image\":{\"@id\":\"https:\/\/www.yaizadesigns.com\/#\/schema\/logo\/image\/\"},\"sameAs\":[\"https:\/\/www.instagram.com\/yaiza.designs\/\"]}]}<\/script>\n<!-- \/ Yoast SEO plugin. -->","yoast_head_json":{"title":"Marco de madera mama - Yaiza Designs","robots":{"index":"index","follow":"follow","max-snippet":"max-snippet:-1","max-image-preview":"max-image-preview:large","max-video-preview":"max-video-preview:-1"},"canonical":"https:\/\/www.yaizadesigns.com\/es\/producte\/marc-de-fusta-mare\/","og_locale":"es_ES","og_type":"article","og_title":"Marco de madera mama - Yaiza Designs","og_description":"Cada marco fotogr\u00e1fico est\u00e1 hecho a mano, con amor y dedicaci\u00f3n, garantizando un toque \u00fanico que har\u00e1 que tu fotograf\u00eda brille a\u00fan m\u00e1s.  Simplemente inserta una foto de tama\u00f1o est\u00e1ndar y tendr\u00e1s un regalo listo para sorprender a esa persona especial. Perfecto para cualquier ocasi\u00f3n, este marco no s\u00f3lo enmarca im\u00e1genes, sino tambi\u00e9n los momentos y las emociones que guardamos como tesoros.","og_url":"https:\/\/www.yaizadesigns.com\/es\/producte\/marc-de-fusta-mare\/","og_site_name":"Yaiza Designs","article_modified_time":"2024-12-22T17:47:00+00:00","og_image":[{"width":1080,"height":1080,"url":"https:\/\/www.yaizadesigns.com\/wp-content\/uploads\/2024\/12\/2.png","type":"image\/png"}],"twitter_card":"summary_large_image","twitter_misc":{"Tiempo de lectura":"1 minuto"},"schema":{"@context":"https:\/\/schema.org","@graph":[{"@type":"WebPage","@id":"https:\/\/www.yaizadesigns.com\/es\/producte\/marc-de-fusta-mare\/","url":"https:\/\/www.yaizadesigns.com\/es\/producte\/marc-de-fusta-mare\/","name":"Marco de madera mama - Yaiza Designs","isPartOf":{"@id":"https:\/\/www.yaizadesigns.com\/#website"},"primaryImageOfPage":{"@id":"https:\/\/www.yaizadesigns.com\/es\/producte\/marc-de-fusta-mare\/#primaryimage"},"image":{"@id":"https:\/\/www.yaizadesigns.com\/es\/producte\/marc-de-fusta-mare\/#primaryimage"},"thumbnailUrl":"https:\/\/www.yaizadesigns.com\/wp-content\/uploads\/2024\/12\/2.png","datePublished":"2024-12-22T17:36:09+00:00","dateModified":"2024-12-22T17:47:00+00:00","breadcrumb":{"@id":"https:\/\/www.yaizadesigns.com\/es\/producte\/marc-de-fusta-mare\/#breadcrumb"},"inLanguage":"es","potentialAction":[{"@type":"ReadAction","target":["https:\/\/www.yaizadesigns.com\/es\/producte\/marc-de-fusta-mare\/"]}]},{"@type":"ImageObject","inLanguage":"es","@id":"https:\/\/www.yaizadesigns.com\/es\/producte\/marc-de-fusta-mare\/#primaryimage","url":"https:\/\/www.yaizadesigns.com\/wp-content\/uploads\/2024\/12\/2.png","contentUrl":"https:\/\/www.yaizadesigns.com\/wp-content\/uploads\/2024\/12\/2.png","width":1080,"height":1080},{"@type":"BreadcrumbList","@id":"https:\/\/www.yaizadesigns.com\/es\/producte\/marc-de-fusta-mare\/#breadcrumb","itemListElement":[{"@type":"ListItem","position":1,"name":"Inici","item":"https:\/\/www.yaizadesigns.com\/es\/"},{"@type":"ListItem","position":2,"name":"Tienda","item":"https:\/\/www.yaizadesigns.com\/es\/tienda\/"},{"@type":"ListItem","position":3,"name":"Marco de madera mama"}]},{"@type":"WebSite","@id":"https:\/\/www.yaizadesigns.com\/#website","url":"https:\/\/www.yaizadesigns.com\/","name":"Yaiza Designs","description":"Yaiza Designs","publisher":{"@id":"https:\/\/www.yaizadesigns.com\/#organization"},"potentialAction":[{"@type":"SearchAction","target":{"@type":"EntryPoint","urlTemplate":"https:\/\/www.yaizadesigns.com\/?s={search_term_string}"},"query-input":"required name=search_term_string"}],"inLanguage":"es"},{"@type":"Organization","@id":"https:\/\/www.yaizadesigns.com\/#organization","name":"Yaiza Designs","url":"https:\/\/www.yaizadesigns.com\/","logo":{"@type":"ImageObject","inLanguage":"es","@id":"https:\/\/www.yaizadesigns.com\/#\/schema\/logo\/image\/","url":"https:\/\/www.yaizadesigns.com\/wp-content\/uploads\/2017\/02\/logotip_1.png","contentUrl":"https:\/\/www.yaizadesigns.com\/wp-content\/uploads\/2017\/02\/logotip_1.png","width":584,"height":551,"caption":"Yaiza Designs"},"image":{"@id":"https:\/\/www.yaizadesigns.com\/#\/schema\/logo\/image\/"},"sameAs":["https:\/\/www.instagram.com\/yaiza.designs\/"]}]}},"_links":{"self":[{"href":"https:\/\/www.yaizadesigns.com\/es\/wp-json\/wp\/v2\/product\/7255"}],"collection":[{"href":"https:\/\/www.yaizadesigns.com\/es\/wp-json\/wp\/v2\/product"}],"about":[{"href":"https:\/\/www.yaizadesigns.com\/es\/wp-json\/wp\/v2\/types\/product"}],"wp:featuredmedia":[{"embeddable":true,"href":"https:\/\/www.yaizadesigns.com\/es\/wp-json\/wp\/v2\/media\/7263"}],"wp:attachment":[{"href":"https:\/\/www.yaizadesigns.com\/es\/wp-json\/wp\/v2\/media?parent=7255"}],"wp:term":[{"taxonomy":"product_cat","embeddable":true,"href":"https:\/\/www.yaizadesigns.com\/es\/wp-json\/wp\/v2\/product_cat?post=7255"},{"taxonomy":"product_tag","embeddable":true,"href":"https:\/\/www.yaizadesigns.com\/es\/wp-json\/wp\/v2\/product_tag?post=7255"}],"curies":[{"name":"wp","href":"https:\/\/api.w.org\/{rel}","templated":true}]}}