{"id":7317,"date":"2025-03-16T19:26:58","date_gmt":"2025-03-16T18:26:58","guid":{"rendered":"https:\/\/www.yaizadesigns.com\/?post_type=product&#038;p=7317"},"modified":"2025-03-16T19:29:50","modified_gmt":"2025-03-16T18:29:50","slug":"kit-punch-needle-corazon","status":"publish","type":"product","link":"https:\/\/www.yaizadesigns.com\/es\/producte\/kit-punch-needle-corazon\/","title":{"rendered":"Kit Punch Needle Coraz\u00f3n"},"content":{"rendered":"","protected":false},"excerpt":{"rendered":"<p class=\"cvGsUA direction-ltr align-center para-style-body\"><strong><span class=\"OYPEnA font-feature-liga-off font-feature-clig-off font-feature-calt-off text-decoration-none text-strikethrough-none\">\u00a1Explora el apasionante mundo del Punch Needle!<\/span><\/strong><\/p>\n<p class=\"cvGsUA direction-ltr align-center para-style-body\"><span class=\"OYPEnA font-feature-liga-off font-feature-clig-off font-feature-calt-off text-decoration-none text-strikethrough-none\">Este completo kit te brinda todos los materiales esenciales <\/span><span class=\"OYPEnA font-feature-liga-off font-feature-clig-off font-feature-calt-off text-decoration-none text-strikethrough-none\">y detalladas instrucciones para dominar f\u00e1cilmente esta t\u00e9cnica artesanal. <\/span><\/p>\n<p class=\"cvGsUA direction-ltr align-center para-style-body\"><span class=\"OYPEnA font-feature-liga-off font-feature-clig-off font-feature-calt-off text-decoration-none text-strikethrough-none\">Transforma una sencilla bolsa de tela en una pieza \u00fanica llena de estilo y originalidad mediante puntadas creativas y dise\u00f1os personalizados.<\/span><\/p>\n<p class=\"cvGsUA direction-ltr align-center para-style-body\"><span class=\"OYPEnA font-feature-liga-off font-feature-clig-off font-feature-calt-off text-decoration-none text-strikethrough-none\">\u00a1Deja volar tu imaginaci\u00f3n y embellece tus creaciones con <\/span><span class=\"OYPEnA font-feature-liga-off font-feature-clig-off font-feature-calt-off text-decoration-none text-strikethrough-none\">el Kit Punch Needle del Talleret YD!<\/span><\/p>\n","protected":false},"featured_media":7300,"template":"","meta":[],"product_cat":[90],"product_tag":[],"class_list":{"0":"post-7317","1":"product","2":"type-product","3":"status-publish","4":"has-post-thumbnail","6":"product_cat-carteleria","8":"first","9":"instock","10":"taxable","11":"shipping-taxable","12":"purchasable","13":"product-type-simple"},"yoast_head":"<!-- This site is optimized with the Yoast SEO plugin v23.3 - https:\/\/yoast.com\/wordpress\/plugins\/seo\/ -->\n<title>Kit Punch Needle Coraz\u00f3n - Yaiza Designs<\/title>\n<meta name=\"robots\" content=\"index, follow, max-snippet:-1, max-image-preview:large, max-video-preview:-1\" \/>\n<link rel=\"canonical\" href=\"https:\/\/www.yaizadesigns.com\/es\/producte\/kit-punch-needle-corazon\/\" \/>\n<meta property=\"og:locale\" content=\"es_ES\" \/>\n<meta property=\"og:type\" content=\"article\" \/>\n<meta property=\"og:title\" content=\"Kit Punch Needle Coraz\u00f3n - Yaiza Designs\" \/>\n<meta property=\"og:description\" content=\"\u00a1Explora el apasionante mundo del Punch Needle! Este completo kit te brinda todos los materiales esenciales y detalladas instrucciones para dominar f\u00e1cilmente esta t\u00e9cnica artesanal.  Transforma una sencilla bolsa de tela en una pieza \u00fanica llena de estilo y originalidad mediante puntadas creativas y dise\u00f1os personalizados. \u00a1Deja volar tu imaginaci\u00f3n y embellece tus creaciones con el Kit Punch Needle del Talleret YD!\" \/>\n<meta property=\"og:url\" content=\"https:\/\/www.yaizadesigns.com\/es\/producte\/kit-punch-needle-corazon\/\" \/>\n<meta property=\"og:site_name\" content=\"Yaiza Designs\" \/>\n<meta property=\"article:modified_time\" content=\"2025-03-16T18:29:50+00:00\" \/>\n<meta property=\"og:image\" content=\"https:\/\/www.yaizadesigns.com\/wp-content\/uploads\/2025\/03\/1-1.jpg\" \/>\n\t<meta property=\"og:image:width\" content=\"1080\" \/>\n\t<meta property=\"og:image:height\" content=\"1080\" \/>\n\t<meta property=\"og:image:type\" content=\"image\/jpeg\" \/>\n<meta name=\"twitter:card\" content=\"summary_large_image\" \/>\n<script type=\"application\/ld+json\" class=\"yoast-schema-graph\">{\"@context\":\"https:\/\/schema.org\",\"@graph\":[{\"@type\":\"WebPage\",\"@id\":\"https:\/\/www.yaizadesigns.com\/es\/producte\/kit-punch-needle-corazon\/\",\"url\":\"https:\/\/www.yaizadesigns.com\/es\/producte\/kit-punch-needle-corazon\/\",\"name\":\"Kit Punch Needle Coraz\u00f3n - Yaiza Designs\",\"isPartOf\":{\"@id\":\"https:\/\/www.yaizadesigns.com\/#website\"},\"primaryImageOfPage\":{\"@id\":\"https:\/\/www.yaizadesigns.com\/es\/producte\/kit-punch-needle-corazon\/#primaryimage\"},\"image\":{\"@id\":\"https:\/\/www.yaizadesigns.com\/es\/producte\/kit-punch-needle-corazon\/#primaryimage\"},\"thumbnailUrl\":\"https:\/\/www.yaizadesigns.com\/wp-content\/uploads\/2025\/03\/1-1.jpg\",\"datePublished\":\"2025-03-16T18:26:58+00:00\",\"dateModified\":\"2025-03-16T18:29:50+00:00\",\"breadcrumb\":{\"@id\":\"https:\/\/www.yaizadesigns.com\/es\/producte\/kit-punch-needle-corazon\/#breadcrumb\"},\"inLanguage\":\"es\",\"potentialAction\":[{\"@type\":\"ReadAction\",\"target\":[\"https:\/\/www.yaizadesigns.com\/es\/producte\/kit-punch-needle-corazon\/\"]}]},{\"@type\":\"ImageObject\",\"inLanguage\":\"es\",\"@id\":\"https:\/\/www.yaizadesigns.com\/es\/producte\/kit-punch-needle-corazon\/#primaryimage\",\"url\":\"https:\/\/www.yaizadesigns.com\/wp-content\/uploads\/2025\/03\/1-1.jpg\",\"contentUrl\":\"https:\/\/www.yaizadesigns.com\/wp-content\/uploads\/2025\/03\/1-1.jpg\",\"width\":1080,\"height\":1080},{\"@type\":\"BreadcrumbList\",\"@id\":\"https:\/\/www.yaizadesigns.com\/es\/producte\/kit-punch-needle-corazon\/#breadcrumb\",\"itemListElement\":[{\"@type\":\"ListItem\",\"position\":1,\"name\":\"Inici\",\"item\":\"https:\/\/www.yaizadesigns.com\/es\/\"},{\"@type\":\"ListItem\",\"position\":2,\"name\":\"Tienda\",\"item\":\"https:\/\/www.yaizadesigns.com\/es\/tienda\/\"},{\"@type\":\"ListItem\",\"position\":3,\"name\":\"Kit Punch Needle Coraz\u00f3n\"}]},{\"@type\":\"WebSite\",\"@id\":\"https:\/\/www.yaizadesigns.com\/#website\",\"url\":\"https:\/\/www.yaizadesigns.com\/\",\"name\":\"Yaiza Designs\",\"description\":\"Yaiza Designs\",\"publisher\":{\"@id\":\"https:\/\/www.yaizadesigns.com\/#organization\"},\"potentialAction\":[{\"@type\":\"SearchAction\",\"target\":{\"@type\":\"EntryPoint\",\"urlTemplate\":\"https:\/\/www.yaizadesigns.com\/?s={search_term_string}\"},\"query-input\":\"required name=search_term_string\"}],\"inLanguage\":\"es\"},{\"@type\":\"Organization\",\"@id\":\"https:\/\/www.yaizadesigns.com\/#organization\",\"name\":\"Yaiza Designs\",\"url\":\"https:\/\/www.yaizadesigns.com\/\",\"logo\":{\"@type\":\"ImageObject\",\"inLanguage\":\"es\",\"@id\":\"https:\/\/www.yaizadesigns.com\/#\/schema\/logo\/image\/\",\"url\":\"https:\/\/www.yaizadesigns.com\/wp-content\/uploads\/2017\/02\/logotip_1.png\",\"contentUrl\":\"https:\/\/www.yaizadesigns.com\/wp-content\/uploads\/2017\/02\/logotip_1.png\",\"width\":584,\"height\":551,\"caption\":\"Yaiza Designs\"},\"image\":{\"@id\":\"https:\/\/www.yaizadesigns.com\/#\/schema\/logo\/image\/\"},\"sameAs\":[\"https:\/\/www.instagram.com\/yaiza.designs\/\"]}]}<\/script>\n<!-- \/ Yoast SEO plugin. -->","yoast_head_json":{"title":"Kit Punch Needle Coraz\u00f3n - Yaiza Designs","robots":{"index":"index","follow":"follow","max-snippet":"max-snippet:-1","max-image-preview":"max-image-preview:large","max-video-preview":"max-video-preview:-1"},"canonical":"https:\/\/www.yaizadesigns.com\/es\/producte\/kit-punch-needle-corazon\/","og_locale":"es_ES","og_type":"article","og_title":"Kit Punch Needle Coraz\u00f3n - Yaiza Designs","og_description":"\u00a1Explora el apasionante mundo del Punch Needle! Este completo kit te brinda todos los materiales esenciales y detalladas instrucciones para dominar f\u00e1cilmente esta t\u00e9cnica artesanal.  Transforma una sencilla bolsa de tela en una pieza \u00fanica llena de estilo y originalidad mediante puntadas creativas y dise\u00f1os personalizados. \u00a1Deja volar tu imaginaci\u00f3n y embellece tus creaciones con el Kit Punch Needle del Talleret YD!","og_url":"https:\/\/www.yaizadesigns.com\/es\/producte\/kit-punch-needle-corazon\/","og_site_name":"Yaiza Designs","article_modified_time":"2025-03-16T18:29:50+00:00","og_image":[{"width":1080,"height":1080,"url":"https:\/\/www.yaizadesigns.com\/wp-content\/uploads\/2025\/03\/1-1.jpg","type":"image\/jpeg"}],"twitter_card":"summary_large_image","schema":{"@context":"https:\/\/schema.org","@graph":[{"@type":"WebPage","@id":"https:\/\/www.yaizadesigns.com\/es\/producte\/kit-punch-needle-corazon\/","url":"https:\/\/www.yaizadesigns.com\/es\/producte\/kit-punch-needle-corazon\/","name":"Kit Punch Needle Coraz\u00f3n - Yaiza Designs","isPartOf":{"@id":"https:\/\/www.yaizadesigns.com\/#website"},"primaryImageOfPage":{"@id":"https:\/\/www.yaizadesigns.com\/es\/producte\/kit-punch-needle-corazon\/#primaryimage"},"image":{"@id":"https:\/\/www.yaizadesigns.com\/es\/producte\/kit-punch-needle-corazon\/#primaryimage"},"thumbnailUrl":"https:\/\/www.yaizadesigns.com\/wp-content\/uploads\/2025\/03\/1-1.jpg","datePublished":"2025-03-16T18:26:58+00:00","dateModified":"2025-03-16T18:29:50+00:00","breadcrumb":{"@id":"https:\/\/www.yaizadesigns.com\/es\/producte\/kit-punch-needle-corazon\/#breadcrumb"},"inLanguage":"es","potentialAction":[{"@type":"ReadAction","target":["https:\/\/www.yaizadesigns.com\/es\/producte\/kit-punch-needle-corazon\/"]}]},{"@type":"ImageObject","inLanguage":"es","@id":"https:\/\/www.yaizadesigns.com\/es\/producte\/kit-punch-needle-corazon\/#primaryimage","url":"https:\/\/www.yaizadesigns.com\/wp-content\/uploads\/2025\/03\/1-1.jpg","contentUrl":"https:\/\/www.yaizadesigns.com\/wp-content\/uploads\/2025\/03\/1-1.jpg","width":1080,"height":1080},{"@type":"BreadcrumbList","@id":"https:\/\/www.yaizadesigns.com\/es\/producte\/kit-punch-needle-corazon\/#breadcrumb","itemListElement":[{"@type":"ListItem","position":1,"name":"Inici","item":"https:\/\/www.yaizadesigns.com\/es\/"},{"@type":"ListItem","position":2,"name":"Tienda","item":"https:\/\/www.yaizadesigns.com\/es\/tienda\/"},{"@type":"ListItem","position":3,"name":"Kit Punch Needle Coraz\u00f3n"}]},{"@type":"WebSite","@id":"https:\/\/www.yaizadesigns.com\/#website","url":"https:\/\/www.yaizadesigns.com\/","name":"Yaiza Designs","description":"Yaiza Designs","publisher":{"@id":"https:\/\/www.yaizadesigns.com\/#organization"},"potentialAction":[{"@type":"SearchAction","target":{"@type":"EntryPoint","urlTemplate":"https:\/\/www.yaizadesigns.com\/?s={search_term_string}"},"query-input":"required name=search_term_string"}],"inLanguage":"es"},{"@type":"Organization","@id":"https:\/\/www.yaizadesigns.com\/#organization","name":"Yaiza Designs","url":"https:\/\/www.yaizadesigns.com\/","logo":{"@type":"ImageObject","inLanguage":"es","@id":"https:\/\/www.yaizadesigns.com\/#\/schema\/logo\/image\/","url":"https:\/\/www.yaizadesigns.com\/wp-content\/uploads\/2017\/02\/logotip_1.png","contentUrl":"https:\/\/www.yaizadesigns.com\/wp-content\/uploads\/2017\/02\/logotip_1.png","width":584,"height":551,"caption":"Yaiza Designs"},"image":{"@id":"https:\/\/www.yaizadesigns.com\/#\/schema\/logo\/image\/"},"sameAs":["https:\/\/www.instagram.com\/yaiza.designs\/"]}]}},"_links":{"self":[{"href":"https:\/\/www.yaizadesigns.com\/es\/wp-json\/wp\/v2\/product\/7317"}],"collection":[{"href":"https:\/\/www.yaizadesigns.com\/es\/wp-json\/wp\/v2\/product"}],"about":[{"href":"https:\/\/www.yaizadesigns.com\/es\/wp-json\/wp\/v2\/types\/product"}],"wp:featuredmedia":[{"embeddable":true,"href":"https:\/\/www.yaizadesigns.com\/es\/wp-json\/wp\/v2\/media\/7300"}],"wp:attachment":[{"href":"https:\/\/www.yaizadesigns.com\/es\/wp-json\/wp\/v2\/media?parent=7317"}],"wp:term":[{"taxonomy":"product_cat","embeddable":true,"href":"https:\/\/www.yaizadesigns.com\/es\/wp-json\/wp\/v2\/product_cat?post=7317"},{"taxonomy":"product_tag","embeddable":true,"href":"https:\/\/www.yaizadesigns.com\/es\/wp-json\/wp\/v2\/product_tag?post=7317"}],"curies":[{"name":"wp","href":"https:\/\/api.w.org\/{rel}","templated":true}]}}