{"id":7324,"date":"2025-03-16T19:42:21","date_gmt":"2025-03-16T18:42:21","guid":{"rendered":"https:\/\/www.yaizadesigns.com\/?post_type=product&#038;p=7324"},"modified":"2025-03-16T19:42:22","modified_gmt":"2025-03-16T18:42:22","slug":"kit-punch-needle-sortida-de-sol","status":"publish","type":"product","link":"https:\/\/www.yaizadesigns.com\/es\/producte\/kit-punch-needle-sortida-de-sol\/","title":{"rendered":"Kit Punch Needle Sortida de sol"},"content":{"rendered":"","protected":false},"excerpt":{"rendered":"<p><strong>Explora l&#8217;apassionant m\u00f3n del Punch Needle!<\/strong><br \/>\nAquest complet kit et brinda tots els materials essencials i detallades instruccions per dominar f\u00e0cilment aquesta t\u00e8cnica artesanal.<\/p>\n<p>Transforma una bossa senzilla en una pe\u00e7a \u00fanica, plena d&#8217;estil i originalitat mitjan\u00e7ant puntades creatives i dissenys personalitzats.<br \/>\nDeixa volar la teva imaginaci\u00f3 i comen\u00e7a a crear\u00a0 amb el Kit Punch Needle del Talleret YD!<\/p>\n","protected":false},"featured_media":7303,"template":"","meta":[],"product_cat":[52],"product_tag":[],"class_list":{"0":"post-7324","1":"product","2":"type-product","3":"status-publish","4":"has-post-thumbnail","6":"product_cat-cartelleria","8":"first","9":"instock","10":"taxable","11":"shipping-taxable","12":"purchasable","13":"product-type-simple"},"yoast_head":"<!-- This site is optimized with the Yoast SEO plugin v23.3 - https:\/\/yoast.com\/wordpress\/plugins\/seo\/ -->\n<title>Kit Punch Needle Sortida de sol - Yaiza Designs<\/title>\n<meta name=\"robots\" content=\"index, follow, max-snippet:-1, max-image-preview:large, max-video-preview:-1\" \/>\n<link rel=\"canonical\" href=\"https:\/\/www.yaizadesigns.com\/producte\/kit-punch-needle-sortida-de-sol\/\" \/>\n<meta property=\"og:locale\" content=\"es_ES\" \/>\n<meta property=\"og:type\" content=\"article\" \/>\n<meta property=\"og:title\" content=\"Kit Punch Needle Sortida de sol - Yaiza Designs\" \/>\n<meta property=\"og:description\" content=\"Explora l&#039;apassionant m\u00f3n del Punch Needle! Aquest complet kit et brinda tots els materials essencials i detallades instruccions per dominar f\u00e0cilment aquesta t\u00e8cnica artesanal.  Transforma una bossa senzilla en una pe\u00e7a \u00fanica, plena d&#039;estil i originalitat mitjan\u00e7ant puntades creatives i dissenys personalitzats. Deixa volar la teva imaginaci\u00f3 i comen\u00e7a a crear\u00a0 amb el Kit Punch Needle del Talleret YD!\" \/>\n<meta property=\"og:url\" content=\"https:\/\/www.yaizadesigns.com\/producte\/kit-punch-needle-sortida-de-sol\/\" \/>\n<meta property=\"og:site_name\" content=\"Yaiza Designs\" \/>\n<meta property=\"article:modified_time\" content=\"2025-03-16T18:42:22+00:00\" \/>\n<meta property=\"og:image\" content=\"https:\/\/www.yaizadesigns.com\/wp-content\/uploads\/2025\/03\/3.jpg\" \/>\n\t<meta property=\"og:image:width\" content=\"1080\" \/>\n\t<meta property=\"og:image:height\" content=\"1080\" \/>\n\t<meta property=\"og:image:type\" content=\"image\/jpeg\" \/>\n<meta name=\"twitter:card\" content=\"summary_large_image\" \/>\n<meta name=\"twitter:label1\" content=\"Tiempo de lectura\" \/>\n\t<meta name=\"twitter:data1\" content=\"1 minuto\" \/>\n<script type=\"application\/ld+json\" class=\"yoast-schema-graph\">{\"@context\":\"https:\/\/schema.org\",\"@graph\":[{\"@type\":\"WebPage\",\"@id\":\"https:\/\/www.yaizadesigns.com\/producte\/kit-punch-needle-sortida-de-sol\/\",\"url\":\"https:\/\/www.yaizadesigns.com\/producte\/kit-punch-needle-sortida-de-sol\/\",\"name\":\"Kit Punch Needle Sortida de sol - Yaiza Designs\",\"isPartOf\":{\"@id\":\"https:\/\/www.yaizadesigns.com\/#website\"},\"primaryImageOfPage\":{\"@id\":\"https:\/\/www.yaizadesigns.com\/producte\/kit-punch-needle-sortida-de-sol\/#primaryimage\"},\"image\":{\"@id\":\"https:\/\/www.yaizadesigns.com\/producte\/kit-punch-needle-sortida-de-sol\/#primaryimage\"},\"thumbnailUrl\":\"https:\/\/www.yaizadesigns.com\/wp-content\/uploads\/2025\/03\/3.jpg\",\"datePublished\":\"2025-03-16T18:42:21+00:00\",\"dateModified\":\"2025-03-16T18:42:22+00:00\",\"breadcrumb\":{\"@id\":\"https:\/\/www.yaizadesigns.com\/producte\/kit-punch-needle-sortida-de-sol\/#breadcrumb\"},\"inLanguage\":\"es\",\"potentialAction\":[{\"@type\":\"ReadAction\",\"target\":[\"https:\/\/www.yaizadesigns.com\/producte\/kit-punch-needle-sortida-de-sol\/\"]}]},{\"@type\":\"ImageObject\",\"inLanguage\":\"es\",\"@id\":\"https:\/\/www.yaizadesigns.com\/producte\/kit-punch-needle-sortida-de-sol\/#primaryimage\",\"url\":\"https:\/\/www.yaizadesigns.com\/wp-content\/uploads\/2025\/03\/3.jpg\",\"contentUrl\":\"https:\/\/www.yaizadesigns.com\/wp-content\/uploads\/2025\/03\/3.jpg\",\"width\":1080,\"height\":1080},{\"@type\":\"BreadcrumbList\",\"@id\":\"https:\/\/www.yaizadesigns.com\/producte\/kit-punch-needle-sortida-de-sol\/#breadcrumb\",\"itemListElement\":[{\"@type\":\"ListItem\",\"position\":1,\"name\":\"Inici\",\"item\":\"https:\/\/www.yaizadesigns.com\/es\/\"},{\"@type\":\"ListItem\",\"position\":2,\"name\":\"Tienda\",\"item\":\"https:\/\/www.yaizadesigns.com\/es\/tienda\/\"},{\"@type\":\"ListItem\",\"position\":3,\"name\":\"Kit Punch Needle Sortida de sol\"}]},{\"@type\":\"WebSite\",\"@id\":\"https:\/\/www.yaizadesigns.com\/#website\",\"url\":\"https:\/\/www.yaizadesigns.com\/\",\"name\":\"Yaiza Designs\",\"description\":\"Yaiza Designs\",\"publisher\":{\"@id\":\"https:\/\/www.yaizadesigns.com\/#organization\"},\"potentialAction\":[{\"@type\":\"SearchAction\",\"target\":{\"@type\":\"EntryPoint\",\"urlTemplate\":\"https:\/\/www.yaizadesigns.com\/?s={search_term_string}\"},\"query-input\":\"required name=search_term_string\"}],\"inLanguage\":\"es\"},{\"@type\":\"Organization\",\"@id\":\"https:\/\/www.yaizadesigns.com\/#organization\",\"name\":\"Yaiza Designs\",\"url\":\"https:\/\/www.yaizadesigns.com\/\",\"logo\":{\"@type\":\"ImageObject\",\"inLanguage\":\"es\",\"@id\":\"https:\/\/www.yaizadesigns.com\/#\/schema\/logo\/image\/\",\"url\":\"https:\/\/www.yaizadesigns.com\/wp-content\/uploads\/2017\/02\/logotip_1.png\",\"contentUrl\":\"https:\/\/www.yaizadesigns.com\/wp-content\/uploads\/2017\/02\/logotip_1.png\",\"width\":584,\"height\":551,\"caption\":\"Yaiza Designs\"},\"image\":{\"@id\":\"https:\/\/www.yaizadesigns.com\/#\/schema\/logo\/image\/\"},\"sameAs\":[\"https:\/\/www.instagram.com\/yaiza.designs\/\"]}]}<\/script>\n<!-- \/ Yoast SEO plugin. -->","yoast_head_json":{"title":"Kit Punch Needle Sortida de sol - Yaiza Designs","robots":{"index":"index","follow":"follow","max-snippet":"max-snippet:-1","max-image-preview":"max-image-preview:large","max-video-preview":"max-video-preview:-1"},"canonical":"https:\/\/www.yaizadesigns.com\/producte\/kit-punch-needle-sortida-de-sol\/","og_locale":"es_ES","og_type":"article","og_title":"Kit Punch Needle Sortida de sol - Yaiza Designs","og_description":"Explora l'apassionant m\u00f3n del Punch Needle! Aquest complet kit et brinda tots els materials essencials i detallades instruccions per dominar f\u00e0cilment aquesta t\u00e8cnica artesanal.  Transforma una bossa senzilla en una pe\u00e7a \u00fanica, plena d'estil i originalitat mitjan\u00e7ant puntades creatives i dissenys personalitzats. Deixa volar la teva imaginaci\u00f3 i comen\u00e7a a crear\u00a0 amb el Kit Punch Needle del Talleret YD!","og_url":"https:\/\/www.yaizadesigns.com\/producte\/kit-punch-needle-sortida-de-sol\/","og_site_name":"Yaiza Designs","article_modified_time":"2025-03-16T18:42:22+00:00","og_image":[{"width":1080,"height":1080,"url":"https:\/\/www.yaizadesigns.com\/wp-content\/uploads\/2025\/03\/3.jpg","type":"image\/jpeg"}],"twitter_card":"summary_large_image","twitter_misc":{"Tiempo de lectura":"1 minuto"},"schema":{"@context":"https:\/\/schema.org","@graph":[{"@type":"WebPage","@id":"https:\/\/www.yaizadesigns.com\/producte\/kit-punch-needle-sortida-de-sol\/","url":"https:\/\/www.yaizadesigns.com\/producte\/kit-punch-needle-sortida-de-sol\/","name":"Kit Punch Needle Sortida de sol - Yaiza Designs","isPartOf":{"@id":"https:\/\/www.yaizadesigns.com\/#website"},"primaryImageOfPage":{"@id":"https:\/\/www.yaizadesigns.com\/producte\/kit-punch-needle-sortida-de-sol\/#primaryimage"},"image":{"@id":"https:\/\/www.yaizadesigns.com\/producte\/kit-punch-needle-sortida-de-sol\/#primaryimage"},"thumbnailUrl":"https:\/\/www.yaizadesigns.com\/wp-content\/uploads\/2025\/03\/3.jpg","datePublished":"2025-03-16T18:42:21+00:00","dateModified":"2025-03-16T18:42:22+00:00","breadcrumb":{"@id":"https:\/\/www.yaizadesigns.com\/producte\/kit-punch-needle-sortida-de-sol\/#breadcrumb"},"inLanguage":"es","potentialAction":[{"@type":"ReadAction","target":["https:\/\/www.yaizadesigns.com\/producte\/kit-punch-needle-sortida-de-sol\/"]}]},{"@type":"ImageObject","inLanguage":"es","@id":"https:\/\/www.yaizadesigns.com\/producte\/kit-punch-needle-sortida-de-sol\/#primaryimage","url":"https:\/\/www.yaizadesigns.com\/wp-content\/uploads\/2025\/03\/3.jpg","contentUrl":"https:\/\/www.yaizadesigns.com\/wp-content\/uploads\/2025\/03\/3.jpg","width":1080,"height":1080},{"@type":"BreadcrumbList","@id":"https:\/\/www.yaizadesigns.com\/producte\/kit-punch-needle-sortida-de-sol\/#breadcrumb","itemListElement":[{"@type":"ListItem","position":1,"name":"Inici","item":"https:\/\/www.yaizadesigns.com\/es\/"},{"@type":"ListItem","position":2,"name":"Tienda","item":"https:\/\/www.yaizadesigns.com\/es\/tienda\/"},{"@type":"ListItem","position":3,"name":"Kit Punch Needle Sortida de sol"}]},{"@type":"WebSite","@id":"https:\/\/www.yaizadesigns.com\/#website","url":"https:\/\/www.yaizadesigns.com\/","name":"Yaiza Designs","description":"Yaiza Designs","publisher":{"@id":"https:\/\/www.yaizadesigns.com\/#organization"},"potentialAction":[{"@type":"SearchAction","target":{"@type":"EntryPoint","urlTemplate":"https:\/\/www.yaizadesigns.com\/?s={search_term_string}"},"query-input":"required name=search_term_string"}],"inLanguage":"es"},{"@type":"Organization","@id":"https:\/\/www.yaizadesigns.com\/#organization","name":"Yaiza Designs","url":"https:\/\/www.yaizadesigns.com\/","logo":{"@type":"ImageObject","inLanguage":"es","@id":"https:\/\/www.yaizadesigns.com\/#\/schema\/logo\/image\/","url":"https:\/\/www.yaizadesigns.com\/wp-content\/uploads\/2017\/02\/logotip_1.png","contentUrl":"https:\/\/www.yaizadesigns.com\/wp-content\/uploads\/2017\/02\/logotip_1.png","width":584,"height":551,"caption":"Yaiza Designs"},"image":{"@id":"https:\/\/www.yaizadesigns.com\/#\/schema\/logo\/image\/"},"sameAs":["https:\/\/www.instagram.com\/yaiza.designs\/"]}]}},"_links":{"self":[{"href":"https:\/\/www.yaizadesigns.com\/es\/wp-json\/wp\/v2\/product\/7324"}],"collection":[{"href":"https:\/\/www.yaizadesigns.com\/es\/wp-json\/wp\/v2\/product"}],"about":[{"href":"https:\/\/www.yaizadesigns.com\/es\/wp-json\/wp\/v2\/types\/product"}],"wp:featuredmedia":[{"embeddable":true,"href":"https:\/\/www.yaizadesigns.com\/es\/wp-json\/wp\/v2\/media\/7303"}],"wp:attachment":[{"href":"https:\/\/www.yaizadesigns.com\/es\/wp-json\/wp\/v2\/media?parent=7324"}],"wp:term":[{"taxonomy":"product_cat","embeddable":true,"href":"https:\/\/www.yaizadesigns.com\/es\/wp-json\/wp\/v2\/product_cat?post=7324"},{"taxonomy":"product_tag","embeddable":true,"href":"https:\/\/www.yaizadesigns.com\/es\/wp-json\/wp\/v2\/product_tag?post=7324"}],"curies":[{"name":"wp","href":"https:\/\/api.w.org\/{rel}","templated":true}]}}